{"id":21832,"date":"2026-04-04T21:04:27","date_gmt":"2026-04-04T19:04:27","guid":{"rendered":"https:\/\/matvana.com\/product\/wooden-birthday-number-no-8\/"},"modified":"2026-04-21T17:00:27","modified_gmt":"2026-04-21T15:00:27","slug":"kerzenhalter-zahl-8-holz","status":"publish","type":"product","link":"https:\/\/matvana.com\/sv\/product\/kerzenhalter-zahl-8-holz\/","title":{"rendered":"Kerzenhalter Zahl 8 Holz \u2013 Handgefertigter Geburtstags Kerzenhalter aus wei\u00df gewaschenem Holz"},"content":{"rendered":"<h4 data-start=\"589\" data-end=\"646\">Kerzenhalter Zahl 8 Holz f\u00fcr besondere Geburtstage<\/h4>\n<p data-start=\"647\" data-end=\"814\">Der dekorative <strong data-start=\"662\" data-end=\"690\">Kerzenhalter Zahl 8 Holz<\/strong> ist die perfekte Wahl f\u00fcr stilvolle Geburtstagsdekoration und sorgt f\u00fcr eine warme, pers\u00f6nliche Atmosph\u00e4re auf jedem Tisch.<\/p>\n<hr data-start=\"816\" data-end=\"819\" \/>\n<h4 data-start=\"821\" data-end=\"871\">Handgefertigt aus nachhaltigem Alb\u00e9sia Holz<\/h4>\n<p data-start=\"872\" data-end=\"1057\">Jeder Kerzenhalter wird sorgf\u00e4ltig von Hand aus hochwertigem Alb\u00e9sia Holz gefertigt und mit einer eleganten White-Wash-Optik veredelt, die f\u00fcr einen nat\u00fcrlichen und modernen Look sorgt.<\/p>\n<hr data-start=\"1059\" data-end=\"1062\" \/>\n<h4 data-start=\"1064\" data-end=\"1121\">Vielseitig einsetzbar f\u00fcr Dekoration und Geschenke<\/h4>\n<p data-start=\"1122\" data-end=\"1303\">Ob auf dem Geburtstagstisch, als Highlight auf der Torte oder als dekoratives Element im Wohnbereich \u2013 dieser Kerzenhalter ist vielseitig einsetzbar und ideal f\u00fcr besondere Anl\u00e4sse.<\/p>\n<hr data-start=\"1305\" data-end=\"1308\" \/>\n<h4 data-start=\"1310\" data-end=\"1360\">Einzigartiges Design durch echte Handarbeit<\/h4>\n<p data-start=\"1361\" data-end=\"1499\">Jeder <strong data-start=\"1367\" data-end=\"1395\">Kerzenhalter Zahl 8 Holz<\/strong> ist ein Unikat. Kleine Unterschiede in Struktur und Farbe machen jedes St\u00fcck individuell und besonders.<\/p>\n<hr data-start=\"1501\" data-end=\"1504\" \/>\n<h4 data-start=\"1506\" data-end=\"1546\">Nachhaltig und dekorativ zugleich<\/h4>\n<p data-start=\"1547\" data-end=\"1691\">Das verwendete Holz ist schnell wachsend und umweltfreundlich, wodurch dieser Kerzenhalter eine bewusste und stilvolle Wahl f\u00fcr Ihr Zuhause ist.<\/p>\n<hr data-start=\"1693\" data-end=\"1696\" \/>\n<h4 data-start=\"1698\" data-end=\"1719\">Produktdetails<\/h4>\n<p data-start=\"1720\" data-end=\"1864\">Material: Wei\u00df gewaschenes Alb\u00e9sia Holz<br data-start=\"1759\" data-end=\"1762\" \/>H\u00f6he: ca. 10 cm<br data-start=\"1777\" data-end=\"1780\" \/>Farbe: Wei\u00df \/ Natur<br data-start=\"1799\" data-end=\"1802\" \/>Verwendung: Kerzenhalter \/ Geburtstag<br data-start=\"1839\" data-end=\"1842\" \/>Herkunft: Indonesien<\/p>\n<hr data-start=\"2147\" data-end=\"2150\" \/>\n<h4 data-start=\"413\" data-end=\"449\">Weitere Inspiration entdecken<\/h4>\n<p data-start=\"450\" data-end=\"582\">Suchen Sie weitere besondere Produkte? Entdecken Sie zus\u00e4tzliche Highlights in unserem Sortiment oder besuchen Sie unsere Partnerprojekte:<\/p>\n<ul data-start=\"584\" data-end=\"920\">\n<li><a href=\"https:\/\/matvana.com\/sv\/shop\/\">Stilvolle Wohn- &amp; Geschenkideen bei Matvana entdecken<\/a><\/li>\n<li data-start=\"657\" data-end=\"783\">\n<p data-start=\"659\" data-end=\"783\"><a href=\"https:\/\/honigbee.com\/shop\/\" target=\"_blank\" rel=\"noopener\">Nat\u00fcrliche Produkte bei Honigbee ansehen<br \/>\n<\/a><\/p>\n<\/li>\n<li><a href=\"https:\/\/saphirsmaragd.com\/shop\/\" target=\"_blank\" rel=\"noopener\">Edelsteine &amp; Schmuckst\u00fccke bei Saphir &amp; Smaragd entdecken<\/a><\/li>\n<\/ul>","protected":false},"excerpt":{"rendered":"<p data-start=\"273\" data-end=\"421\"><em>Kerzenhalter Zahl 8 Holz \u2013 handgefertigter Geburtstags Kerzenhalter aus Alb\u00e9sia Holz. Perfekt f\u00fcr stilvolle Tischdeko und besondere Anl\u00e4sse.<\/em><\/p>","protected":false},"featured_media":21828,"comment_status":"open","ping_status":"closed","template":"","meta":{"_glsr_average":0,"_glsr_ranking":0,"_glsr_reviews":0},"product_brand":[],"product_cat":[206],"product_tag":[],"class_list":{"0":"post-21832","1":"product","2":"type-product","3":"status-publish","4":"has-post-thumbnail","6":"product_cat-kerzenhalter","8":"first","9":"instock","10":"taxable","11":"shipping-taxable","12":"purchasable","13":"product-type-simple"},"jetpack_sharing_enabled":true,"_links":{"self":[{"href":"https:\/\/matvana.com\/sv\/wp-json\/wp\/v2\/product\/21832","targetHints":{"allow":["GET"]}}],"collection":[{"href":"https:\/\/matvana.com\/sv\/wp-json\/wp\/v2\/product"}],"about":[{"href":"https:\/\/matvana.com\/sv\/wp-json\/wp\/v2\/types\/product"}],"replies":[{"embeddable":true,"href":"https:\/\/matvana.com\/sv\/wp-json\/wp\/v2\/comments?post=21832"}],"version-history":[{"count":3,"href":"https:\/\/matvana.com\/sv\/wp-json\/wp\/v2\/product\/21832\/revisions"}],"predecessor-version":[{"id":22800,"href":"https:\/\/matvana.com\/sv\/wp-json\/wp\/v2\/product\/21832\/revisions\/22800"}],"wp:featuredmedia":[{"embeddable":true,"href":"https:\/\/matvana.com\/sv\/wp-json\/wp\/v2\/media\/21828"}],"wp:attachment":[{"href":"https:\/\/matvana.com\/sv\/wp-json\/wp\/v2\/media?parent=21832"}],"wp:term":[{"taxonomy":"product_brand","embeddable":true,"href":"https:\/\/matvana.com\/sv\/wp-json\/wp\/v2\/product_brand?post=21832"},{"taxonomy":"product_cat","embeddable":true,"href":"https:\/\/matvana.com\/sv\/wp-json\/wp\/v2\/product_cat?post=21832"},{"taxonomy":"product_tag","embeddable":true,"href":"https:\/\/matvana.com\/sv\/wp-json\/wp\/v2\/product_tag?post=21832"}],"curies":[{"name":"wp","href":"https:\/\/api.w.org\/{rel}","templated":true}]}}