{"id":21812,"date":"2026-04-04T21:03:36","date_gmt":"2026-04-04T19:03:36","guid":{"rendered":"https:\/\/matvana.com\/product\/wooden-birthday-number-no-7\/"},"modified":"2026-04-19T17:59:49","modified_gmt":"2026-04-19T15:59:49","slug":"holz-geburtstagszahl-7-kerzenhalter","status":"publish","type":"product","link":"https:\/\/matvana.com\/sv\/product\/holz-geburtstagszahl-7-kerzenhalter\/","title":{"rendered":"Holz Geburtstagszahl 7 Kerzenhalter \u2013 dekorative Zahl aus Holz f\u00fcr Geburtstag &#038; Tischdeko ca. 6 x 8.5 x 10 cm"},"content":{"rendered":"<h4 data-start=\"748\" data-end=\"812\">Holz Geburtstagszahl 7 Kerzenhalter f\u00fcr besondere Momente<\/h4>\n<p data-start=\"813\" data-end=\"936\">Die Holz Geburtstagszahl 7 Kerzenhalter ist eine stilvolle und nat\u00fcrliche Dekoration f\u00fcr Geburtstage und besondere Anl\u00e4sse.<\/p>\n<hr data-start=\"938\" data-end=\"941\" \/>\n<h4 data-start=\"943\" data-end=\"991\">Perfekt f\u00fcr Geburtstage &amp; Feierlichkeiten<\/h4>\n<p data-start=\"992\" data-end=\"1131\">Ideal als Highlight auf dem Geburtstagstisch, auf Kuchen oder in dekorativen Arrangements \u2013 die Zahl 7 sorgt f\u00fcr einen pers\u00f6nlichen Akzent.<\/p>\n<hr data-start=\"1133\" data-end=\"1136\" \/>\n<h4 data-start=\"1138\" data-end=\"1186\">Handgefertigter Look aus nat\u00fcrlichem Holz<\/h4>\n<p data-start=\"1187\" data-end=\"1295\">Gefertigt aus Holz mit leichtem Vintage-Finish, bringt dieses Dekoelement W\u00e4rme und Charakter in jede Feier.<\/p>\n<hr data-start=\"1297\" data-end=\"1300\" \/>\n<h4 data-start=\"1302\" data-end=\"1347\">Vielseitig einsetzbar als Kerzenhalter<\/h4>\n<p data-start=\"1348\" data-end=\"1449\">Die integrierte \u00d6ffnung eignet sich perfekt f\u00fcr kleine Kerzen und schafft eine gem\u00fctliche Atmosph\u00e4re.<\/p>\n<hr data-start=\"1451\" data-end=\"1454\" \/>\n<h4 data-start=\"1456\" data-end=\"1485\">Stilvolle Geschenkidee<\/h4>\n<p data-start=\"1486\" data-end=\"1572\">Auch als Geschenk oder Erinnerungsst\u00fcck ist diese dekorative Zahl eine besondere Wahl.<\/p>\n<hr data-start=\"1574\" data-end=\"1577\" \/>\n<h4 data-start=\"1579\" data-end=\"1600\">Produktdetails<\/h4>\n<p data-start=\"1601\" data-end=\"1796\">Material: Holz (Albesia Holz)<br data-start=\"1630\" data-end=\"1633\" \/>Farbe: Wei\u00df gewaschen \/ Vintage Look<br data-start=\"1669\" data-end=\"1672\" \/>Gr\u00f6\u00dfe: ca. 6 x 8.5 x 10 cm<br data-start=\"1698\" data-end=\"1701\" \/>Verwendung: Geburtstagsdeko | Kerzenhalter | Tischdekoration<br data-start=\"1761\" data-end=\"1764\" \/>Zahl: 7<br data-start=\"1771\" data-end=\"1774\" \/>Herkunft: Indonesien<\/p>\n<hr data-start=\"2312\" data-end=\"2315\" \/>\n<h4 data-start=\"413\" data-end=\"449\">Weitere Inspiration entdecken<\/h4>\n<p data-start=\"450\" data-end=\"582\">Suchen Sie weitere besondere Produkte? Entdecken Sie zus\u00e4tzliche Highlights in unserem Sortiment oder besuchen Sie unsere Partnerprojekte:<\/p>\n<ul data-start=\"584\" data-end=\"920\">\n<li><a href=\"https:\/\/matvana.com\/sv\/shop\/\">Stilvolle Wohn- &amp; Geschenkideen bei Matvana entdecken<\/a><\/li>\n<li data-start=\"657\" data-end=\"783\">\n<p data-start=\"659\" data-end=\"783\"><a href=\"https:\/\/honigbee.com\/shop\/\" target=\"_blank\" rel=\"noopener\">Nat\u00fcrliche Produkte bei Honigbee ansehen<br \/>\n<\/a><\/p>\n<\/li>\n<li><a href=\"https:\/\/saphirsmaragd.com\/shop\/\" target=\"_blank\" rel=\"noopener\">Edelsteine &amp; Schmuckst\u00fccke bei Saphir &amp; Smaragd entdecken<\/a><\/li>\n<\/ul>","protected":false},"excerpt":{"rendered":"<p data-start=\"451\" data-end=\"574\"><em>Holz Geburtstagszahl 7 Kerzenhalter \u2013 stilvolle Deko f\u00fcr Geburtstage, Kuchen oder Tischdekoration mit nat\u00fcrlichem Look.<\/em><\/p>","protected":false},"featured_media":21808,"comment_status":"open","ping_status":"closed","template":"","meta":{"_glsr_average":0,"_glsr_ranking":0,"_glsr_reviews":0},"product_brand":[],"product_cat":[206],"product_tag":[],"class_list":{"0":"post-21812","1":"product","2":"type-product","3":"status-publish","4":"has-post-thumbnail","6":"product_cat-kerzenhalter","8":"first","9":"instock","10":"taxable","11":"shipping-taxable","12":"purchasable","13":"product-type-simple"},"jetpack_sharing_enabled":true,"_links":{"self":[{"href":"https:\/\/matvana.com\/sv\/wp-json\/wp\/v2\/product\/21812","targetHints":{"allow":["GET"]}}],"collection":[{"href":"https:\/\/matvana.com\/sv\/wp-json\/wp\/v2\/product"}],"about":[{"href":"https:\/\/matvana.com\/sv\/wp-json\/wp\/v2\/types\/product"}],"replies":[{"embeddable":true,"href":"https:\/\/matvana.com\/sv\/wp-json\/wp\/v2\/comments?post=21812"}],"version-history":[{"count":3,"href":"https:\/\/matvana.com\/sv\/wp-json\/wp\/v2\/product\/21812\/revisions"}],"predecessor-version":[{"id":22762,"href":"https:\/\/matvana.com\/sv\/wp-json\/wp\/v2\/product\/21812\/revisions\/22762"}],"wp:featuredmedia":[{"embeddable":true,"href":"https:\/\/matvana.com\/sv\/wp-json\/wp\/v2\/media\/21808"}],"wp:attachment":[{"href":"https:\/\/matvana.com\/sv\/wp-json\/wp\/v2\/media?parent=21812"}],"wp:term":[{"taxonomy":"product_brand","embeddable":true,"href":"https:\/\/matvana.com\/sv\/wp-json\/wp\/v2\/product_brand?post=21812"},{"taxonomy":"product_cat","embeddable":true,"href":"https:\/\/matvana.com\/sv\/wp-json\/wp\/v2\/product_cat?post=21812"},{"taxonomy":"product_tag","embeddable":true,"href":"https:\/\/matvana.com\/sv\/wp-json\/wp\/v2\/product_tag?post=21812"}],"curies":[{"name":"wp","href":"https:\/\/api.w.org\/{rel}","templated":true}]}}