{"id":22023,"date":"2026-04-04T21:40:45","date_gmt":"2026-04-04T19:40:45","guid":{"rendered":"https:\/\/matvana.com\/product\/set-of-pillar-candles-50mm-11-16-22-33h-4-pieces-ivory\/"},"modified":"2026-04-22T22:04:15","modified_gmt":"2026-04-22T20:04:15","slug":"stumpenkerzen-set-ivory-50mm","status":"publish","type":"product","link":"https:\/\/matvana.com\/sl\/product\/stumpenkerzen-set-ivory-50mm\/","title":{"rendered":"Stumpenkerzen Set Ivory 50mm \u2013 4er Set Kerzen verschiedene H\u00f6hen dekorative Deko Kerzen ca. 11\u201333h Brenndauer"},"content":{"rendered":"<h4 data-start=\"707\" data-end=\"787\">Stumpenkerzen Set Ivory 50mm f\u00fcr elegante &amp; abwechslungsreiche Dekoration<\/h4>\n<p data-start=\"789\" data-end=\"932\">Das Stumpenkerzen Set Ivory 50mm kombiniert verschiedene H\u00f6hen in einem Set und sorgt f\u00fcr eine besonders stilvolle und dynamische Atmosph\u00e4re.<\/p>\n<hr data-start=\"934\" data-end=\"937\" \/>\n<h4 data-start=\"939\" data-end=\"983\">Modernes Design mit abgestuften H\u00f6hen<\/h4>\n<p data-start=\"985\" data-end=\"1133\">Die unterschiedlichen Gr\u00f6\u00dfen schaffen ein harmonisches Gesamtbild und eignen sich perfekt f\u00fcr dekorative Arrangements auf Tischen oder Sideboards.<\/p>\n<hr data-start=\"1135\" data-end=\"1138\" \/>\n<h4 data-start=\"1140\" data-end=\"1191\">4er Set f\u00fcr vielseitige Einsatzm\u00f6glichkeiten<\/h4>\n<p data-start=\"1193\" data-end=\"1309\">Dieses Set bietet maximale Flexibilit\u00e4t \u2013 ob einzeln platziert oder kombiniert f\u00fcr ein stimmungsvolles Gesamtbild.<\/p>\n<hr data-start=\"1311\" data-end=\"1314\" \/>\n<h4 data-start=\"1316\" data-end=\"1359\">Extra lange Brenndauer je nach Gr\u00f6\u00dfe<\/h4>\n<p data-start=\"1361\" data-end=\"1484\">Durch die unterschiedlichen H\u00f6hen genie\u00dfen Sie eine variable und besonders lange Brenndauer f\u00fcr viele gem\u00fctliche Stunden.<\/p>\n<hr data-start=\"1486\" data-end=\"1489\" \/>\n<h4 data-start=\"1491\" data-end=\"1538\">Perfekt f\u00fcr stilvolle Wohnr\u00e4ume &amp; Events<\/h4>\n<p data-start=\"1540\" data-end=\"1619\">Ideal f\u00fcr Hochzeiten, Dinner-Abende oder als elegantes Dekoelement im Alltag.<\/p>\n<hr data-start=\"1621\" data-end=\"1624\" \/>\n<h4 data-start=\"1626\" data-end=\"1647\">Produktdetails<\/h4>\n<p data-start=\"1649\" data-end=\"1916\"><strong data-start=\"1649\" data-end=\"1662\">Material:<\/strong> Paraffinwachs<br data-start=\"1676\" data-end=\"1679\" \/><strong data-start=\"1679\" data-end=\"1689\">Farbe:<\/strong> Ivory \/ Creme<br data-start=\"1703\" data-end=\"1706\" \/><strong data-start=\"1706\" data-end=\"1714\">Set:<\/strong> 4 St\u00fcck (verschiedene H\u00f6hen)<br data-start=\"1743\" data-end=\"1746\" \/><strong data-start=\"1746\" data-end=\"1762\">Durchmesser:<\/strong> ca. 50 mm<br data-start=\"1772\" data-end=\"1775\" \/><strong data-start=\"1775\" data-end=\"1785\">H\u00f6hen:<\/strong> ca. 7 cm \/ 9 cm \/ 11 cm \/ 13 cm<br data-start=\"1817\" data-end=\"1820\" \/><strong data-start=\"1820\" data-end=\"1835\">Brenndauer:<\/strong> ca. 11 \/ 16 \/ 22 \/ 33 Stunden<br data-start=\"1865\" data-end=\"1868\" \/><strong data-start=\"1868\" data-end=\"1880\">Gewicht:<\/strong> ca. 0.61 kg<br data-start=\"1892\" data-end=\"1895\" \/><strong data-start=\"1895\" data-end=\"1908\">Herkunft:<\/strong> Polen<\/p>\n<hr data-start=\"2147\" data-end=\"2150\" \/>\n<h4 data-start=\"413\" data-end=\"449\">Weitere Inspiration entdecken<\/h4>\n<p data-start=\"450\" data-end=\"582\">Suchen Sie weitere besondere Produkte? Entdecken Sie zus\u00e4tzliche Highlights in unserem Sortiment oder besuchen Sie unsere Partnerprojekte:<\/p>\n<ul data-start=\"584\" data-end=\"920\">\n<li><a href=\"https:\/\/matvana.com\/sl\/shop\/\">Stilvolle Wohn- &amp; Geschenkideen bei Matvana entdecken<\/a><\/li>\n<li data-start=\"657\" data-end=\"783\">\n<p data-start=\"659\" data-end=\"783\"><a href=\"https:\/\/honigbee.com\/shop\/\" target=\"_blank\" rel=\"noopener\">Nat\u00fcrliche Produkte bei Honigbee ansehen<br \/>\n<\/a><\/p>\n<\/li>\n<li><a href=\"https:\/\/saphirsmaragd.com\/shop\/\" target=\"_blank\" rel=\"noopener\">Edelsteine &amp; Schmuckst\u00fccke bei Saphir &amp; Smaragd entdecken<\/a><\/li>\n<\/ul>","protected":false},"excerpt":{"rendered":"<p data-start=\"412\" data-end=\"539\"><em>Stumpenkerzen Set Ivory 50mm im 4er Set mit verschiedenen H\u00f6hen. Elegante Kerzen f\u00fcr stilvolle Dekoration und lange Brenndauer.<\/em><\/p>","protected":false},"featured_media":21576,"comment_status":"open","ping_status":"closed","template":"","meta":{"_glsr_average":0,"_glsr_ranking":0,"_glsr_reviews":0},"product_brand":[],"product_cat":[209],"product_tag":[],"class_list":{"0":"post-22023","1":"product","2":"type-product","3":"status-publish","4":"has-post-thumbnail","6":"product_cat-deko-kerzen","8":"first","9":"instock","10":"taxable","11":"shipping-taxable","12":"purchasable","13":"product-type-simple"},"jetpack_sharing_enabled":true,"_links":{"self":[{"href":"https:\/\/matvana.com\/sl\/wp-json\/wp\/v2\/product\/22023","targetHints":{"allow":["GET"]}}],"collection":[{"href":"https:\/\/matvana.com\/sl\/wp-json\/wp\/v2\/product"}],"about":[{"href":"https:\/\/matvana.com\/sl\/wp-json\/wp\/v2\/types\/product"}],"replies":[{"embeddable":true,"href":"https:\/\/matvana.com\/sl\/wp-json\/wp\/v2\/comments?post=22023"}],"version-history":[{"count":3,"href":"https:\/\/matvana.com\/sl\/wp-json\/wp\/v2\/product\/22023\/revisions"}],"predecessor-version":[{"id":22891,"href":"https:\/\/matvana.com\/sl\/wp-json\/wp\/v2\/product\/22023\/revisions\/22891"}],"wp:featuredmedia":[{"embeddable":true,"href":"https:\/\/matvana.com\/sl\/wp-json\/wp\/v2\/media\/21576"}],"wp:attachment":[{"href":"https:\/\/matvana.com\/sl\/wp-json\/wp\/v2\/media?parent=22023"}],"wp:term":[{"taxonomy":"product_brand","embeddable":true,"href":"https:\/\/matvana.com\/sl\/wp-json\/wp\/v2\/product_brand?post=22023"},{"taxonomy":"product_cat","embeddable":true,"href":"https:\/\/matvana.com\/sl\/wp-json\/wp\/v2\/product_cat?post=22023"},{"taxonomy":"product_tag","embeddable":true,"href":"https:\/\/matvana.com\/sl\/wp-json\/wp\/v2\/product_tag?post=22023"}],"curies":[{"name":"wp","href":"https:\/\/api.w.org\/{rel}","templated":true}]}}