{"id":20770,"date":"2026-04-04T20:12:35","date_gmt":"2026-04-04T18:12:35","guid":{"rendered":"https:\/\/matvana.com\/product\/large-floating-candles-pink\/"},"modified":"2026-04-11T12:47:58","modified_gmt":"2026-04-11T10:47:58","slug":"floating-kerzen-pink","status":"publish","type":"product","link":"https:\/\/matvana.com\/sl\/product\/floating-kerzen-pink\/","title":{"rendered":"Floating Kerzen Pink \u2013 Schwimmkerzen f\u00fcr Hochzeit, Deko &#038; romantische Atmosph\u00e4re 7&#215;3.5 cm"},"content":{"rendered":"<h4 data-start=\"563\" data-end=\"614\">Floating Kerzen Pink f\u00fcr elegante Dekoration<\/h4>\n<p data-start=\"615\" data-end=\"756\">Diese Floating Kerzen Pink sind perfekt f\u00fcr stilvolle Wasserdekorationen und sorgen f\u00fcr eine ruhige, romantische Atmosph\u00e4re bei jedem Anlass.<\/p>\n<hr data-start=\"758\" data-end=\"761\" \/>\n<h4 data-start=\"763\" data-end=\"801\">Perfekt f\u00fcr Hochzeiten &amp; Events<\/h4>\n<p data-start=\"802\" data-end=\"930\">Ob Hochzeit, Dinner oder Wellness-Abend \u2013 die schwimmenden Kerzen setzen stilvolle Akzente in Vasen, Schalen oder Wasserschalen.<\/p>\n<hr data-start=\"932\" data-end=\"935\" \/>\n<h4 data-start=\"937\" data-end=\"976\">Lange Brenndauer &amp; ruhiges Licht<\/h4>\n<p data-start=\"977\" data-end=\"1070\">Die Kerzen brennen gleichm\u00e4\u00dfig und erzeugen ein sanftes, warmes Licht f\u00fcr entspannte Momente.<\/p>\n<hr data-start=\"1072\" data-end=\"1075\" \/>\n<h4 data-start=\"1077\" data-end=\"1105\">Vielseitig einsetzbar<\/h4>\n<p data-start=\"1106\" data-end=\"1127\">Ideal geeignet f\u00fcr:<\/p>\n<p data-start=\"1129\" data-end=\"1202\">\u2022 Hochzeiten<br data-start=\"1141\" data-end=\"1144\" \/>\u2022 Events &amp; Feiern<br data-start=\"1161\" data-end=\"1164\" \/>\u2022 Spa &amp; Wellness<br data-start=\"1180\" data-end=\"1183\" \/>\u2022 Tischdekoration<\/p>\n<hr data-start=\"1204\" data-end=\"1207\" \/>\n<h4 data-start=\"1209\" data-end=\"1230\">Produktdetails<\/h4>\n<p data-start=\"1232\" data-end=\"1368\">Farbe: Pink<br data-start=\"1243\" data-end=\"1246\" \/>Material: Paraffinwachs<br data-start=\"1269\" data-end=\"1272\" \/>Ma\u00dfe: 7 x 3.5 cm<br data-start=\"1288\" data-end=\"1291\" \/>Gewicht: ca. 0.26 kg<br data-start=\"1311\" data-end=\"1314\" \/>Brenndauer: ca. 7\u20138 Stunden (gro\u00df)<br data-start=\"1348\" data-end=\"1351\" \/>Herkunft: China<\/p>\n<hr data-start=\"2147\" data-end=\"2150\" \/>\n<h4 data-start=\"413\" data-end=\"449\">Weitere Inspiration entdecken<\/h4>\n<p data-start=\"450\" data-end=\"582\">Suchen Sie weitere besondere Produkte? Entdecken Sie zus\u00e4tzliche Highlights in unserem Sortiment oder besuchen Sie unsere Partnerprojekte:<\/p>\n<ul data-start=\"584\" data-end=\"920\">\n<li><a href=\"https:\/\/matvana.com\/sl\/shop\/\">Stilvolle Wohn- &amp; Geschenkideen bei Matvana entdecken<\/a><\/li>\n<li data-start=\"657\" data-end=\"783\">\n<p data-start=\"659\" data-end=\"783\"><a href=\"https:\/\/honigbee.com\/shop\/\" target=\"_blank\" rel=\"noopener\">Nat\u00fcrliche Produkte bei Honigbee ansehen<br \/>\n<\/a><\/p>\n<\/li>\n<li><a href=\"https:\/\/saphirsmaragd.com\/shop\/\" target=\"_blank\" rel=\"noopener\">Edelsteine &amp; Schmuckst\u00fccke bei Saphir &amp; Smaragd entdecken<\/a><\/li>\n<\/ul>","protected":false},"excerpt":{"rendered":"<p data-start=\"403\" data-end=\"531\"><em>Floating Kerzen Pink f\u00fcr stilvolle Dekorationen. Ideal f\u00fcr Hochzeiten, Events und entspannte Abende mit romantischer Atmosph\u00e4re.<\/em><\/p>","protected":false},"featured_media":20768,"comment_status":"open","ping_status":"closed","template":"","meta":{"_glsr_average":0,"_glsr_ranking":0,"_glsr_reviews":0},"product_brand":[],"product_cat":[209],"product_tag":[],"class_list":{"0":"post-20770","1":"product","2":"type-product","3":"status-publish","4":"has-post-thumbnail","6":"product_cat-deko-kerzen","8":"first","9":"instock","10":"taxable","11":"shipping-taxable","12":"purchasable","13":"product-type-simple"},"jetpack_sharing_enabled":true,"_links":{"self":[{"href":"https:\/\/matvana.com\/sl\/wp-json\/wp\/v2\/product\/20770","targetHints":{"allow":["GET"]}}],"collection":[{"href":"https:\/\/matvana.com\/sl\/wp-json\/wp\/v2\/product"}],"about":[{"href":"https:\/\/matvana.com\/sl\/wp-json\/wp\/v2\/types\/product"}],"replies":[{"embeddable":true,"href":"https:\/\/matvana.com\/sl\/wp-json\/wp\/v2\/comments?post=20770"}],"version-history":[{"count":3,"href":"https:\/\/matvana.com\/sl\/wp-json\/wp\/v2\/product\/20770\/revisions"}],"predecessor-version":[{"id":22476,"href":"https:\/\/matvana.com\/sl\/wp-json\/wp\/v2\/product\/20770\/revisions\/22476"}],"wp:featuredmedia":[{"embeddable":true,"href":"https:\/\/matvana.com\/sl\/wp-json\/wp\/v2\/media\/20768"}],"wp:attachment":[{"href":"https:\/\/matvana.com\/sl\/wp-json\/wp\/v2\/media?parent=20770"}],"wp:term":[{"taxonomy":"product_brand","embeddable":true,"href":"https:\/\/matvana.com\/sl\/wp-json\/wp\/v2\/product_brand?post=20770"},{"taxonomy":"product_cat","embeddable":true,"href":"https:\/\/matvana.com\/sl\/wp-json\/wp\/v2\/product_cat?post=20770"},{"taxonomy":"product_tag","embeddable":true,"href":"https:\/\/matvana.com\/sl\/wp-json\/wp\/v2\/product_tag?post=20770"}],"curies":[{"name":"wp","href":"https:\/\/api.w.org\/{rel}","templated":true}]}}