{"id":20367,"date":"2026-04-04T19:56:21","date_gmt":"2026-04-04T17:56:21","guid":{"rendered":"https:\/\/matvana.com\/product\/honeysuckle-soy-pot-of-fragrance-candle\/"},"modified":"2026-05-02T15:24:17","modified_gmt":"2026-05-02T13:24:17","slug":"sojawachs-duftkerze-honeysuckle-120g-30h","status":"publish","type":"product","link":"https:\/\/matvana.com\/sl\/product\/sojawachs-duftkerze-honeysuckle-120g-30h\/","title":{"rendered":"Sojawachs Duftkerze Honeysuckle im Glas mit s\u00fc\u00df-blumigem Duft 120g, 30h Brenndauer"},"content":{"rendered":"<h4 data-start=\"646\" data-end=\"725\">Sojawachs Duftkerze Honeysuckle f\u00fcr eine warme und einladende Atmosph\u00e4re<\/h4>\n<p data-start=\"726\" data-end=\"919\">Die Sojawachs Duftkerze Honeysuckle verstr\u00f6mt einen angenehm s\u00fc\u00dfen und blumigen Duft, der Ihr Zuhause in eine entspannte Wohlf\u00fchloase verwandelt. Ideal f\u00fcr ruhige Abende und gem\u00fctliche Stunden.<\/p>\n<hr data-start=\"921\" data-end=\"924\" \/>\n<h4 data-start=\"926\" data-end=\"973\">S\u00fc\u00dfer Bl\u00fctenduft mit nat\u00fcrlicher Frische<\/h4>\n<p data-start=\"974\" data-end=\"1145\">Der Duft von Honeysuckle (Gei\u00dfblatt) kombiniert sanfte florale Noten mit einer leichten S\u00fc\u00dfe. Perfekt geeignet, um eine warme und harmonische Stimmung im Raum zu schaffen.<\/p>\n<hr data-start=\"1147\" data-end=\"1150\" \/>\n<h4 data-start=\"1152\" data-end=\"1200\">Nat\u00fcrliches Sojawachs im dekorativen Glas<\/h4>\n<p data-start=\"1201\" data-end=\"1382\">Gefertigt aus hochwertigem Sojawachs und pr\u00e4sentiert in einem stilvollen Glasgef\u00e4\u00df mit Korkdeckel. Die Kerze sorgt f\u00fcr ein gleichm\u00e4\u00dfiges Abbrennen und eine angenehme Duftverteilung.<\/p>\n<hr data-start=\"1384\" data-end=\"1387\" \/>\n<h4 data-start=\"1389\" data-end=\"1410\">Produktdetails<\/h4>\n<p data-start=\"1411\" data-end=\"1510\">Material: Sojawachs<br data-start=\"1430\" data-end=\"1433\" \/>Duft: Honeysuckle (Gei\u00dfblatt, s\u00fc\u00df &amp; blumig)<br data-start=\"1476\" data-end=\"1479\" \/>Beh\u00e4lter: Glas mit Korkdeckel<\/p>\n<p data-start=\"1512\" data-end=\"1557\">Gewicht: 120 g<br data-start=\"1526\" data-end=\"1529\" \/>Brenndauer: ca. 30 Stunden<\/p>\n<hr data-start=\"2312\" data-end=\"2315\" \/>\n<h4 data-start=\"413\" data-end=\"449\">Weitere Inspiration entdecken<\/h4>\n<p data-start=\"450\" data-end=\"582\">Suchen Sie weitere besondere Produkte? Entdecken Sie zus\u00e4tzliche Highlights in unserem Sortiment oder besuchen Sie unsere Partnerprojekte:<\/p>\n<ul data-start=\"584\" data-end=\"920\">\n<li><a href=\"https:\/\/matvana.com\/sl\/shop\/\">Stilvolle Wohn- &amp; Geschenkideen bei Matvana entdecken<\/a><\/li>\n<li data-start=\"657\" data-end=\"783\">\n<p data-start=\"659\" data-end=\"783\"><a href=\"https:\/\/honigbee.com\/shop\/\" target=\"_blank\" rel=\"noopener\">Nat\u00fcrliche Produkte bei Honigbee ansehen<br \/>\n<\/a><\/p>\n<\/li>\n<li><a href=\"https:\/\/saphirsmaragd.com\/shop\/\" target=\"_blank\" rel=\"noopener\">Edelsteine &amp; Schmuckst\u00fccke bei Saphir &amp; Smaragd entdecken<\/a><\/li>\n<\/ul>","protected":false},"excerpt":{"rendered":"<p data-start=\"369\" data-end=\"505\"><em>Sojawachs Duftkerze Honeysuckle im Glas mit s\u00fc\u00df-blumigem Duft. Hochwertige Duftkerze f\u00fcr entspannte Momente zuhause 120g 30h Brenndauer.<\/em><\/p>","protected":false},"featured_media":20366,"comment_status":"open","ping_status":"closed","template":"","meta":{"_glsr_average":0,"_glsr_ranking":0,"_glsr_reviews":0},"product_brand":[],"product_cat":[202],"product_tag":[],"class_list":{"0":"post-20367","1":"product","2":"type-product","3":"status-publish","4":"has-post-thumbnail","6":"product_cat-duftkerzen","8":"first","9":"instock","10":"taxable","11":"shipping-taxable","12":"purchasable","13":"product-type-simple"},"jetpack_sharing_enabled":true,"_links":{"self":[{"href":"https:\/\/matvana.com\/sl\/wp-json\/wp\/v2\/product\/20367","targetHints":{"allow":["GET"]}}],"collection":[{"href":"https:\/\/matvana.com\/sl\/wp-json\/wp\/v2\/product"}],"about":[{"href":"https:\/\/matvana.com\/sl\/wp-json\/wp\/v2\/types\/product"}],"replies":[{"embeddable":true,"href":"https:\/\/matvana.com\/sl\/wp-json\/wp\/v2\/comments?post=20367"}],"version-history":[{"count":3,"href":"https:\/\/matvana.com\/sl\/wp-json\/wp\/v2\/product\/20367\/revisions"}],"predecessor-version":[{"id":22268,"href":"https:\/\/matvana.com\/sl\/wp-json\/wp\/v2\/product\/20367\/revisions\/22268"}],"wp:featuredmedia":[{"embeddable":true,"href":"https:\/\/matvana.com\/sl\/wp-json\/wp\/v2\/media\/20366"}],"wp:attachment":[{"href":"https:\/\/matvana.com\/sl\/wp-json\/wp\/v2\/media?parent=20367"}],"wp:term":[{"taxonomy":"product_brand","embeddable":true,"href":"https:\/\/matvana.com\/sl\/wp-json\/wp\/v2\/product_brand?post=20367"},{"taxonomy":"product_cat","embeddable":true,"href":"https:\/\/matvana.com\/sl\/wp-json\/wp\/v2\/product_cat?post=20367"},{"taxonomy":"product_tag","embeddable":true,"href":"https:\/\/matvana.com\/sl\/wp-json\/wp\/v2\/product_tag?post=20367"}],"curies":[{"name":"wp","href":"https:\/\/api.w.org\/{rel}","templated":true}]}}