{"id":20156,"date":"2026-04-04T19:48:49","date_gmt":"2026-04-04T17:48:49","guid":{"rendered":"https:\/\/matvana.com\/product\/brandy-butter-soy-pot-of-fragrance-candle\/"},"modified":"2026-04-05T22:19:09","modified_gmt":"2026-04-05T20:19:09","slug":"sojawachs-duftkerze-glas","status":"publish","type":"product","link":"https:\/\/matvana.com\/sl\/product\/sojawachs-duftkerze-glas\/","title":{"rendered":"Sojawachs Duftkerze Glas \u2013 Vintage Duftkerze f\u00fcr entspannte Atmosph\u00e4re \u2013 7.5&#215;5.5 cm, ca. 20h"},"content":{"rendered":"<h4 data-start=\"714\" data-end=\"778\">Stilvolle Sojawachs Duftkerze Glas f\u00fcr gem\u00fctliche Momente<\/h4>\n<p data-start=\"779\" data-end=\"968\">Die <strong data-start=\"783\" data-end=\"811\">Sojawachs Duftkerze Glas<\/strong> sorgt f\u00fcr eine warme und entspannte Atmosph\u00e4re in Ihrem Zuhause. Durch ihr zeitloses Design passt sie perfekt in moderne sowie nat\u00fcrliche Einrichtungsstile.<\/p>\n<hr data-start=\"970\" data-end=\"973\" \/>\n<h4 data-start=\"975\" data-end=\"1026\">Kompaktes Design im dekorativen Vintage-Glas<\/h4>\n<p data-start=\"1027\" data-end=\"1192\">Diese Duftkerze \u00fcberzeugt durch ihr stilvolles Glas im Vintage-Look und ihre praktische Gr\u00f6\u00dfe. Ideal f\u00fcr kleine R\u00e4ume, Beistelltische oder als dekoratives Highlight.<\/p>\n<hr data-start=\"1194\" data-end=\"1197\" \/>\n<h4 data-start=\"1199\" data-end=\"1250\">Nat\u00fcrliches Sojawachs f\u00fcr sauberes Abbrennen<\/h4>\n<p data-start=\"1251\" data-end=\"1418\">Die <strong data-start=\"1255\" data-end=\"1283\">Sojawachs Duftkerze Glas<\/strong> besteht aus hochwertigem Sojawachs und brennt gleichm\u00e4\u00dfig sowie ru\u00dfarm. Dadurch ist sie besonders angenehm f\u00fcr den t\u00e4glichen Gebrauch.<\/p>\n<hr data-start=\"1420\" data-end=\"1423\" \/>\n<h4 data-start=\"1425\" data-end=\"1477\">Vielseitig einsetzbar &amp; perfekte Geschenkidee<\/h4>\n<p data-start=\"1478\" data-end=\"1637\">Ob f\u00fcr entspannte Abende, als dekoratives Element oder als Geschenk \u2013 die <strong data-start=\"1552\" data-end=\"1580\">Sojawachs Duftkerze Glas<\/strong> ist vielseitig einsetzbar und immer eine stilvolle Wahl.<\/p>\n<hr data-start=\"1639\" data-end=\"1642\" \/>\n<h4 data-start=\"1644\" data-end=\"1665\">Produktdetails<\/h4>\n<p data-start=\"1666\" data-end=\"1823\">Material: Sojawachs<br data-start=\"1685\" data-end=\"1688\" \/>Gef\u00e4\u00df: Glas<br data-start=\"1699\" data-end=\"1702\" \/>Gr\u00f6\u00dfe: ca. 7.5 x 5.5 x 5.5 cm<br data-start=\"1731\" data-end=\"1734\" \/>Gewicht: ca. 0.12 kg<br data-start=\"1754\" data-end=\"1757\" \/>Duft: Verschiedene Varianten m\u00f6glich<br data-start=\"1793\" data-end=\"1796\" \/>Stil: Vintage \/ Nat\u00fcrlich<\/p>\n<hr data-start=\"2312\" data-end=\"2315\" \/>\n<h4 data-start=\"413\" data-end=\"449\">Weitere Inspiration entdecken<\/h4>\n<p data-start=\"450\" data-end=\"582\">Suchen Sie weitere besondere Produkte? Entdecken Sie zus\u00e4tzliche Highlights in unserem Sortiment oder besuchen Sie unsere Partnerprojekte:<\/p>\n<ul data-start=\"584\" data-end=\"920\">\n<li><a href=\"https:\/\/matvana.com\/sl\/shop\/\">Stilvolle Wohn- &amp; Geschenkideen bei Matvana entdecken<\/a><\/li>\n<li data-start=\"657\" data-end=\"783\">\n<p data-start=\"659\" data-end=\"783\"><a href=\"https:\/\/honigbee.com\/shop\/\" target=\"_blank\" rel=\"noopener\">Nat\u00fcrliche Produkte bei Honigbee ansehen<br \/>\n<\/a><\/p>\n<\/li>\n<li><a href=\"https:\/\/saphirsmaragd.com\/shop\/\" target=\"_blank\" rel=\"noopener\">Edelsteine &amp; Schmuckst\u00fccke bei Saphir &amp; Smaragd entdecken<\/a><\/li>\n<\/ul>","protected":false},"excerpt":{"rendered":"<p data-start=\"391\" data-end=\"522\"><em>Sojawachs Duftkerze Glas im stilvollen Vintage-Design. Kompakte Duftkerze f\u00fcr entspannte Atmosph\u00e4re und als stilvolle Geschenkidee.<\/em><\/p>","protected":false},"featured_media":20155,"comment_status":"open","ping_status":"closed","template":"","meta":{"_glsr_average":0,"_glsr_ranking":0,"_glsr_reviews":0},"product_brand":[],"product_cat":[202,204],"product_tag":[],"class_list":{"0":"post-20156","1":"product","2":"type-product","3":"status-publish","4":"has-post-thumbnail","6":"product_cat-duftkerzen","7":"product_cat-geschenkkerzen","9":"first","10":"instock","11":"taxable","12":"shipping-taxable","13":"purchasable","14":"product-type-simple"},"jetpack_sharing_enabled":true,"_links":{"self":[{"href":"https:\/\/matvana.com\/sl\/wp-json\/wp\/v2\/product\/20156","targetHints":{"allow":["GET"]}}],"collection":[{"href":"https:\/\/matvana.com\/sl\/wp-json\/wp\/v2\/product"}],"about":[{"href":"https:\/\/matvana.com\/sl\/wp-json\/wp\/v2\/types\/product"}],"replies":[{"embeddable":true,"href":"https:\/\/matvana.com\/sl\/wp-json\/wp\/v2\/comments?post=20156"}],"version-history":[{"count":3,"href":"https:\/\/matvana.com\/sl\/wp-json\/wp\/v2\/product\/20156\/revisions"}],"predecessor-version":[{"id":22172,"href":"https:\/\/matvana.com\/sl\/wp-json\/wp\/v2\/product\/20156\/revisions\/22172"}],"wp:featuredmedia":[{"embeddable":true,"href":"https:\/\/matvana.com\/sl\/wp-json\/wp\/v2\/media\/20155"}],"wp:attachment":[{"href":"https:\/\/matvana.com\/sl\/wp-json\/wp\/v2\/media?parent=20156"}],"wp:term":[{"taxonomy":"product_brand","embeddable":true,"href":"https:\/\/matvana.com\/sl\/wp-json\/wp\/v2\/product_brand?post=20156"},{"taxonomy":"product_cat","embeddable":true,"href":"https:\/\/matvana.com\/sl\/wp-json\/wp\/v2\/product_cat?post=20156"},{"taxonomy":"product_tag","embeddable":true,"href":"https:\/\/matvana.com\/sl\/wp-json\/wp\/v2\/product_tag?post=20156"}],"curies":[{"name":"wp","href":"https:\/\/api.w.org\/{rel}","templated":true}]}}