{"id":21177,"date":"2026-04-04T20:51:32","date_gmt":"2026-04-04T18:51:32","guid":{"rendered":"https:\/\/matvana.com\/product\/pomegranate-soy-pot-of-fragrance-candle\/"},"modified":"2026-04-18T17:16:34","modified_gmt":"2026-04-18T15:16:34","slug":"granatapfel-duftkerze-sojawachs","status":"publish","type":"product","link":"https:\/\/matvana.com\/sk\/product\/granatapfel-duftkerze-sojawachs\/","title":{"rendered":"Granatapfel Duftkerze Sojawachs \u2013 nat\u00fcrliche Aromakerze im Glas mit Korkdeckelm (7.5&#215;5.5&#215;5.5cm)"},"content":{"rendered":"<h4 data-start=\"575\" data-end=\"634\">Granatapfel Duftkerze Sojawachs f\u00fcr warme Atmosph\u00e4re<\/h4>\n<p data-start=\"635\" data-end=\"767\">Diese Granatapfel Duftkerze Sojawachs sorgt mit ihrem fruchtigen Aroma f\u00fcr eine entspannte und einladende Stimmung in Ihrem Zuhause.<\/p>\n<hr data-start=\"769\" data-end=\"772\" \/>\n<h4 data-start=\"774\" data-end=\"811\">Nat\u00fcrlicher Duft aus Sojawachs<\/h4>\n<p data-start=\"812\" data-end=\"911\">Hergestellt aus hochwertigem Sojawachs, bietet die Kerze eine saubere und gleichm\u00e4\u00dfige Verbrennung.<\/p>\n<hr data-start=\"913\" data-end=\"916\" \/>\n<h4 data-start=\"918\" data-end=\"955\">Stilvolles Glas mit Korkdeckel<\/h4>\n<p data-start=\"956\" data-end=\"1080\">Das dekorative Glasgef\u00e4\u00df mit nat\u00fcrlichem Korkdeckel sch\u00fctzt den Duft und macht die Kerze zu einem stilvollen Wohnaccessoire.<\/p>\n<hr data-start=\"1082\" data-end=\"1085\" \/>\n<h4 data-start=\"1087\" data-end=\"1135\">Perfekt f\u00fcr Entspannung und Geschenkideen<\/h4>\n<p data-start=\"1136\" data-end=\"1223\">Ideal f\u00fcr Wohnzimmer, Schlafzimmer oder als liebevolles Geschenk f\u00fcr besondere Anl\u00e4sse.<\/p>\n<hr data-start=\"1225\" data-end=\"1228\" \/>\n<h4 data-start=\"1230\" data-end=\"1270\">Kompakt und vielseitig einsetzbar<\/h4>\n<p data-start=\"1271\" data-end=\"1371\">Dank der handlichen Gr\u00f6\u00dfe passt die Kerze perfekt auf Tische, Regale oder als Teil Ihrer Dekoration.<\/p>\n<hr data-start=\"1373\" data-end=\"1376\" \/>\n<h4 data-start=\"1378\" data-end=\"1399\">Produktdetails<\/h4>\n<p data-start=\"1400\" data-end=\"1522\">Material: Sojawachs, Glas, Kork<br data-start=\"1431\" data-end=\"1434\" \/>Duft: Granatapfel<br data-start=\"1451\" data-end=\"1454\" \/>Ma\u00dfe: ca. 7.5 x 5.5 x 5.5 cm<br data-start=\"1482\" data-end=\"1485\" \/>Gewicht: ca. 0.2 kg<br data-start=\"1504\" data-end=\"1507\" \/>Herkunft: China<\/p>\n<hr data-start=\"2147\" data-end=\"2150\" \/>\n<h4 data-start=\"413\" data-end=\"449\">Objavte viac in\u0161pir\u00e1cie<\/h4>\n<p data-start=\"450\" data-end=\"582\">Suchen Sie weitere besondere Produkte? Entdecken Sie zus\u00e4tzliche Highlights in unserem Sortiment oder besuchen Sie unsere Partnerprojekte:<\/p>\n<ul data-start=\"584\" data-end=\"920\">\n<li><a href=\"https:\/\/matvana.com\/sk\/shop\/\">Stilvolle Wohn- &amp; Geschenkideen bei Matvana entdecken<\/a><\/li>\n<li data-start=\"657\" data-end=\"783\">\n<p data-start=\"659\" data-end=\"783\"><a href=\"https:\/\/honigbee.com\/shop\/\" target=\"_blank\" rel=\"noopener\">Nat\u00fcrliche Produkte bei Honigbee ansehen<br \/>\n<\/a><\/p>\n<\/li>\n<li><a href=\"https:\/\/saphirsmaragd.com\/shop\/\" target=\"_blank\" rel=\"noopener\">Edelsteine &amp; Schmuckst\u00fccke bei Saphir &amp; Smaragd entdecken<\/a><\/li>\n<\/ul>","protected":false},"excerpt":{"rendered":"<p data-start=\"148\" data-end=\"183\"><em>Granatapfel Duftkerze Sojawachs im Glas mit Korkdeckel. Fruchtiger Duft f\u00fcr entspannte Atmosph\u00e4re und stilvolle Wohnakzente.<\/em><\/p>","protected":false},"featured_media":21175,"comment_status":"open","ping_status":"closed","template":"","meta":{"_glsr_average":0,"_glsr_ranking":0,"_glsr_reviews":0},"product_brand":[],"product_cat":[202],"product_tag":[],"class_list":{"0":"post-21177","1":"product","2":"type-product","3":"status-publish","4":"has-post-thumbnail","6":"product_cat-duftkerzen","8":"first","9":"instock","10":"taxable","11":"shipping-taxable","12":"purchasable","13":"product-type-simple"},"jetpack_sharing_enabled":true,"_links":{"self":[{"href":"https:\/\/matvana.com\/sk\/wp-json\/wp\/v2\/product\/21177","targetHints":{"allow":["GET"]}}],"collection":[{"href":"https:\/\/matvana.com\/sk\/wp-json\/wp\/v2\/product"}],"about":[{"href":"https:\/\/matvana.com\/sk\/wp-json\/wp\/v2\/types\/product"}],"replies":[{"embeddable":true,"href":"https:\/\/matvana.com\/sk\/wp-json\/wp\/v2\/comments?post=21177"}],"version-history":[{"count":3,"href":"https:\/\/matvana.com\/sk\/wp-json\/wp\/v2\/product\/21177\/revisions"}],"predecessor-version":[{"id":22628,"href":"https:\/\/matvana.com\/sk\/wp-json\/wp\/v2\/product\/21177\/revisions\/22628"}],"wp:featuredmedia":[{"embeddable":true,"href":"https:\/\/matvana.com\/sk\/wp-json\/wp\/v2\/media\/21175"}],"wp:attachment":[{"href":"https:\/\/matvana.com\/sk\/wp-json\/wp\/v2\/media?parent=21177"}],"wp:term":[{"taxonomy":"product_brand","embeddable":true,"href":"https:\/\/matvana.com\/sk\/wp-json\/wp\/v2\/product_brand?post=21177"},{"taxonomy":"product_cat","embeddable":true,"href":"https:\/\/matvana.com\/sk\/wp-json\/wp\/v2\/product_cat?post=21177"},{"taxonomy":"product_tag","embeddable":true,"href":"https:\/\/matvana.com\/sk\/wp-json\/wp\/v2\/product_tag?post=21177"}],"curies":[{"name":"wp","href":"https:\/\/api.w.org\/{rel}","templated":true}]}}