{"id":21105,"date":"2026-04-04T20:50:20","date_gmt":"2026-04-04T18:50:20","guid":{"rendered":"https:\/\/matvana.com\/product\/natural-floral-glass-tall-vase-candle-holder-rose-19x11cm\/"},"modified":"2026-04-29T09:21:39","modified_gmt":"2026-04-29T07:21:39","slug":"glas-vase-kerzenhalter-mit-blumen-rose","status":"publish","type":"product","link":"https:\/\/matvana.com\/sk\/product\/glas-vase-kerzenhalter-mit-blumen-rose\/","title":{"rendered":"Glas Vase Kerzenhalter mit Blumen Rose \u2013 gro\u00dfer dekorativer Kerzenhalter aus recyceltem Glas 19&#215;11 cm"},"content":{"rendered":"<h4 data-start=\"648\" data-end=\"722\">Glas Vase Kerzenhalter mit Blumen Rose als elegantes Wohnaccessoire<\/h4>\n<p data-start=\"723\" data-end=\"863\">Dieser Glas Vase Kerzenhalter mit Blumen Rose kombiniert nat\u00fcrliche Sch\u00f6nheit mit modernem Design und setzt stilvolle Akzente in jedem Raum.<\/p>\n<hr data-start=\"865\" data-end=\"868\" \/>\n<h4 data-start=\"870\" data-end=\"917\">Gro\u00dfes Format f\u00fcr besondere Dekorationen<\/h4>\n<p data-start=\"918\" data-end=\"1049\">Mit seiner H\u00f6he bietet dieser Kerzenhalter eine elegante Pr\u00e4senz und eignet sich perfekt als Blickfang auf Tischen oder Sideboards.<\/p>\n<hr data-start=\"1051\" data-end=\"1054\" \/>\n<h4 data-start=\"1056\" data-end=\"1108\">Echte Bl\u00fcten kunstvoll im Glas eingeschlossen<\/h4>\n<p data-start=\"1109\" data-end=\"1225\">Feine Rosenbl\u00fcten und nat\u00fcrliche Elemente sind im Glas verewigt und sorgen f\u00fcr eine einzigartige, hochwertige Optik.<\/p>\n<hr data-start=\"1227\" data-end=\"1230\" \/>\n<h4 data-start=\"1232\" data-end=\"1279\">Nachhaltig gefertigt aus recyceltem Glas<\/h4>\n<p data-start=\"1280\" data-end=\"1385\">Der Kerzenhalter besteht aus recyceltem Glas und vereint umweltbewusstes Design mit langlebiger Qualit\u00e4t.<\/p>\n<hr data-start=\"1387\" data-end=\"1390\" \/>\n<h4 data-start=\"1392\" data-end=\"1441\">Warmes Licht f\u00fcr eine besondere Atmosph\u00e4re<\/h4>\n<p data-start=\"1442\" data-end=\"1558\">Beim Anz\u00fcnden der Kerze entsteht ein weiches, stimmungsvolles Licht, das die nat\u00fcrlichen Details im Glas hervorhebt.<\/p>\n<hr data-start=\"1560\" data-end=\"1563\" \/>\n<h4 data-start=\"1565\" data-end=\"1586\">Produktdetails<\/h4>\n<p data-start=\"1587\" data-end=\"1731\">Material: Recyceltes Glas<br data-start=\"1612\" data-end=\"1615\" \/>Design: Echte getrocknete Rosenbl\u00fcten<br data-start=\"1652\" data-end=\"1655\" \/>Ma\u00dfe: 19 x 11 cm<br data-start=\"1671\" data-end=\"1674\" \/>Gewicht: ca. 0.43 kg<br data-start=\"1694\" data-end=\"1697\" \/>Herkunft: China<\/p>\n<hr data-start=\"2147\" data-end=\"2150\" \/>\n<h4 data-start=\"413\" data-end=\"449\">Objavte viac in\u0161pir\u00e1cie<\/h4>\n<p data-start=\"450\" data-end=\"582\">Suchen Sie weitere besondere Produkte? Entdecken Sie zus\u00e4tzliche Highlights in unserem Sortiment oder besuchen Sie unsere Partnerprojekte:<\/p>\n<ul data-start=\"584\" data-end=\"920\">\n<li><a href=\"https:\/\/matvana.com\/sk\/shop\/\">Stilvolle Wohn- &amp; Geschenkideen bei Matvana entdecken<\/a><\/li>\n<li data-start=\"657\" data-end=\"783\">\n<p data-start=\"659\" data-end=\"783\"><a href=\"https:\/\/honigbee.com\/shop\/\" target=\"_blank\" rel=\"noopener\">Nat\u00fcrliche Produkte bei Honigbee ansehen<br \/>\n<\/a><\/p>\n<\/li>\n<li><a href=\"https:\/\/saphirsmaragd.com\/shop\/\" target=\"_blank\" rel=\"noopener\">Edelsteine &amp; Schmuckst\u00fccke bei Saphir &amp; Smaragd entdecken<\/a><\/li>\n<\/ul>","protected":false},"excerpt":{"rendered":"<p data-start=\"473\" data-end=\"607\"><em>Glas Vase Kerzenhalter mit Blumen Rose aus recyceltem Glas. Gro\u00dfer dekorativer Kerzenhalter mit echten Bl\u00fcten f\u00fcr stilvolle Wohnr\u00e4ume.<\/em><\/p>","protected":false},"featured_media":21084,"comment_status":"open","ping_status":"closed","template":"","meta":{"_glsr_average":0,"_glsr_ranking":0,"_glsr_reviews":0},"product_brand":[],"product_cat":[206],"product_tag":[],"class_list":{"0":"post-21105","1":"product","2":"type-product","3":"status-publish","4":"has-post-thumbnail","6":"product_cat-kerzenhalter","8":"first","9":"instock","10":"taxable","11":"shipping-taxable","12":"purchasable","13":"product-type-simple"},"jetpack_sharing_enabled":true,"_links":{"self":[{"href":"https:\/\/matvana.com\/sk\/wp-json\/wp\/v2\/product\/21105","targetHints":{"allow":["GET"]}}],"collection":[{"href":"https:\/\/matvana.com\/sk\/wp-json\/wp\/v2\/product"}],"about":[{"href":"https:\/\/matvana.com\/sk\/wp-json\/wp\/v2\/types\/product"}],"replies":[{"embeddable":true,"href":"https:\/\/matvana.com\/sk\/wp-json\/wp\/v2\/comments?post=21105"}],"version-history":[{"count":3,"href":"https:\/\/matvana.com\/sk\/wp-json\/wp\/v2\/product\/21105\/revisions"}],"predecessor-version":[{"id":22616,"href":"https:\/\/matvana.com\/sk\/wp-json\/wp\/v2\/product\/21105\/revisions\/22616"}],"wp:featuredmedia":[{"embeddable":true,"href":"https:\/\/matvana.com\/sk\/wp-json\/wp\/v2\/media\/21084"}],"wp:attachment":[{"href":"https:\/\/matvana.com\/sk\/wp-json\/wp\/v2\/media?parent=21105"}],"wp:term":[{"taxonomy":"product_brand","embeddable":true,"href":"https:\/\/matvana.com\/sk\/wp-json\/wp\/v2\/product_brand?post=21105"},{"taxonomy":"product_cat","embeddable":true,"href":"https:\/\/matvana.com\/sk\/wp-json\/wp\/v2\/product_cat?post=21105"},{"taxonomy":"product_tag","embeddable":true,"href":"https:\/\/matvana.com\/sk\/wp-json\/wp\/v2\/product_tag?post=21105"}],"curies":[{"name":"wp","href":"https:\/\/api.w.org\/{rel}","templated":true}]}}