{"id":20361,"date":"2026-04-04T19:56:11","date_gmt":"2026-04-04T17:56:11","guid":{"rendered":"https:\/\/matvana.com\/product\/agnes-cat-botanical-soy-wax-candle-roses-of-sawrey\/"},"modified":"2026-04-05T22:10:11","modified_gmt":"2026-04-05T20:10:11","slug":"sojawachs-duftkerze-roses-of-sawrey","status":"publish","type":"product","link":"https:\/\/matvana.com\/sk\/product\/sojawachs-duftkerze-roses-of-sawrey\/","title":{"rendered":"Agnes Cat Botanical Sojawachs Duftkerze Roses of Sawrey im Glas mit Rosenduft 200g 40h Brenndauer"},"content":{"rendered":"<h4 data-start=\"825\" data-end=\"899\">Sojawachs Duftkerze Roses of Sawrey f\u00fcr eine romantische Atmosph\u00e4re<\/h4>\n<p data-start=\"900\" data-end=\"1111\">Die Sojawachs Duftkerze Roses of Sawrey bringt den eleganten Duft englischer Roseng\u00e4rten direkt in Ihr Zuhause. Inspiriert von klassischen Landhausg\u00e4rten schafft sie eine ruhige und stilvolle Wohlf\u00fchlatmosph\u00e4re.<\/p>\n<hr data-start=\"1113\" data-end=\"1116\" \/>\n<h4 data-start=\"1118\" data-end=\"1175\">Blumiger Rosenduft mit frischen, nat\u00fcrlichen Noten<\/h4>\n<p data-start=\"1176\" data-end=\"1379\">Sanfte Rosennoten verbinden sich mit leichten, gr\u00fcnen Nuancen und sorgen f\u00fcr ein harmonisches Dufterlebnis. Ideal f\u00fcr entspannte Abende, gem\u00fctliche Stunden oder als stilvolle Erg\u00e4nzung Ihrer Einrichtung.<\/p>\n<hr data-start=\"1381\" data-end=\"1384\" \/>\n<h4 data-start=\"1386\" data-end=\"1441\">Hochwertiges Sojawachs und stilvolles Glasdesign<\/h4>\n<p data-start=\"1442\" data-end=\"1595\">Gefertigt aus nat\u00fcrlichem Sojawachs und pr\u00e4sentiert in einem eleganten Glasgef\u00e4\u00df. Die Kerze brennt gleichm\u00e4\u00dfig ab und sorgt f\u00fcr ein angenehmes Raumklima.<\/p>\n<hr data-start=\"1597\" data-end=\"1600\" \/>\n<h4 data-start=\"1602\" data-end=\"1623\">Produktdetails<\/h4>\n<p data-start=\"1624\" data-end=\"1715\">Material: Sojawachs<br data-start=\"1643\" data-end=\"1646\" \/>Duft: Roses of Sawrey (Rosenduft, blumig &amp; frisch)<br data-start=\"1696\" data-end=\"1699\" \/>Beh\u00e4lter: Glas<\/p>\n<p data-start=\"1717\" data-end=\"1762\">Gewicht: 200 g<br data-start=\"1731\" data-end=\"1734\" \/>Brenndauer: ca. 40 Stunden<\/p>\n<hr data-start=\"2312\" data-end=\"2315\" \/>\n<h4 data-start=\"413\" data-end=\"449\">Objavte viac in\u0161pir\u00e1cie<\/h4>\n<p data-start=\"450\" data-end=\"582\">Suchen Sie weitere besondere Produkte? Entdecken Sie zus\u00e4tzliche Highlights in unserem Sortiment oder besuchen Sie unsere Partnerprojekte:<\/p>\n<ul data-start=\"584\" data-end=\"920\">\n<li><a href=\"https:\/\/matvana.com\/sk\/shop\/\">Stilvolle Wohn- &amp; Geschenkideen bei Matvana entdecken<\/a><\/li>\n<li data-start=\"657\" data-end=\"783\">\n<p data-start=\"659\" data-end=\"783\"><a href=\"https:\/\/honigbee.com\/shop\/\" target=\"_blank\" rel=\"noopener\">Nat\u00fcrliche Produkte bei Honigbee ansehen<br \/>\n<\/a><\/p>\n<\/li>\n<li><a href=\"https:\/\/saphirsmaragd.com\/shop\/\" target=\"_blank\" rel=\"noopener\">Edelsteine &amp; Schmuckst\u00fccke bei Saphir &amp; Smaragd entdecken<\/a><\/li>\n<\/ul>","protected":false},"excerpt":{"rendered":"<p data-start=\"529\" data-end=\"666\"><em>Sojawachs Duftkerze Roses of Sawrey im Glas mit zartem Rosenduft. Stilvolle Duftkerze f\u00fcr entspannte Momente zuhause 200g 40h Brenndauer.<\/em><\/p>","protected":false},"featured_media":20351,"comment_status":"open","ping_status":"closed","template":"","meta":{"_glsr_average":0,"_glsr_ranking":0,"_glsr_reviews":0},"product_brand":[],"product_cat":[202],"product_tag":[],"class_list":{"0":"post-20361","1":"product","2":"type-product","3":"status-publish","4":"has-post-thumbnail","6":"product_cat-duftkerzen","8":"first","9":"instock","10":"taxable","11":"shipping-taxable","12":"purchasable","13":"product-type-simple"},"jetpack_sharing_enabled":true,"_links":{"self":[{"href":"https:\/\/matvana.com\/sk\/wp-json\/wp\/v2\/product\/20361","targetHints":{"allow":["GET"]}}],"collection":[{"href":"https:\/\/matvana.com\/sk\/wp-json\/wp\/v2\/product"}],"about":[{"href":"https:\/\/matvana.com\/sk\/wp-json\/wp\/v2\/types\/product"}],"replies":[{"embeddable":true,"href":"https:\/\/matvana.com\/sk\/wp-json\/wp\/v2\/comments?post=20361"}],"version-history":[{"count":3,"href":"https:\/\/matvana.com\/sk\/wp-json\/wp\/v2\/product\/20361\/revisions"}],"predecessor-version":[{"id":22265,"href":"https:\/\/matvana.com\/sk\/wp-json\/wp\/v2\/product\/20361\/revisions\/22265"}],"wp:featuredmedia":[{"embeddable":true,"href":"https:\/\/matvana.com\/sk\/wp-json\/wp\/v2\/media\/20351"}],"wp:attachment":[{"href":"https:\/\/matvana.com\/sk\/wp-json\/wp\/v2\/media?parent=20361"}],"wp:term":[{"taxonomy":"product_brand","embeddable":true,"href":"https:\/\/matvana.com\/sk\/wp-json\/wp\/v2\/product_brand?post=20361"},{"taxonomy":"product_cat","embeddable":true,"href":"https:\/\/matvana.com\/sk\/wp-json\/wp\/v2\/product_cat?post=20361"},{"taxonomy":"product_tag","embeddable":true,"href":"https:\/\/matvana.com\/sk\/wp-json\/wp\/v2\/product_tag?post=20361"}],"curies":[{"name":"wp","href":"https:\/\/api.w.org\/{rel}","templated":true}]}}