{"id":20001,"date":"2026-04-03T15:59:42","date_gmt":"2026-04-03T13:59:42","guid":{"rendered":"https:\/\/matvana.com\/product\/chakra-crystal-candles-heart-chakra\/"},"modified":"2026-04-05T22:15:06","modified_gmt":"2026-04-05T20:15:06","slug":"chakra-kristallkerze-herzchakra","status":"publish","type":"product","link":"https:\/\/matvana.com\/sk\/product\/chakra-kristallkerze-herzchakra\/","title":{"rendered":"Chakra Kristallkerze Herzchakra \u2013 Sojawachs Kerze mit Kristallen, 17h, 8.5\u00d75 cm, 0.36 kg"},"content":{"rendered":"<h4 data-start=\"824\" data-end=\"891\">Stilvolle Atmosph\u00e4re mit der Chakra Kristallkerze Herzchakra<\/h4>\n<p data-start=\"892\" data-end=\"1102\">Die Chakra Kristallkerze Herzchakra sorgt f\u00fcr eine warme und harmonische Stimmung in Ihrem Zuhause. Mit ihrem modernen Design und nat\u00fcrlichen Materialien ist sie ein elegantes Dekorationselement f\u00fcr jeden Raum.<\/p>\n<hr data-start=\"1104\" data-end=\"1107\" \/>\n<h4 data-start=\"1109\" data-end=\"1162\">Nat\u00fcrliche Materialien &amp; gleichm\u00e4\u00dfiger Abbrand<\/h4>\n<p data-start=\"1163\" data-end=\"1353\">Gefertigt aus hochwertigem Sojawachs sorgt die Kerze f\u00fcr ein sauberes und gleichm\u00e4\u00dfiges Abbrennen. Die Kombination aus Sojawachs, Duft und Glas macht sie zu einem langlebigen Wohnaccessoire.<\/p>\n<p data-start=\"1355\" data-end=\"1439\">Mit einer Brenndauer von ca. 17 Stunden eignet sie sich ideal f\u00fcr entspannte Abende.<\/p>\n<hr data-start=\"1441\" data-end=\"1444\" \/>\n<h4 data-start=\"1446\" data-end=\"1495\">Einzigartiges Design mit echten Kristallen<\/h4>\n<p data-start=\"1496\" data-end=\"1644\">Diese Kerze enth\u00e4lt Rosenquarz und Jade, die ihr eine hochwertige und nat\u00fcrliche Optik verleihen. Jede Kerze ist durch die echten Steine ein Unikat.<\/p>\n<hr data-start=\"1646\" data-end=\"1649\" \/>\n<h4 data-start=\"1651\" data-end=\"1699\">F\u00fcr eine warme und harmonische Atmosph\u00e4re<\/h4>\n<p data-start=\"1700\" data-end=\"1799\">Der Duft \u201eRose Musk\u201c sorgt f\u00fcr eine angenehme und beruhigende Stimmung und eignet sich ideal f\u00fcr:<\/p>\n<ul data-start=\"1800\" data-end=\"1909\">\n<li data-section-id=\"v5zl54\" data-start=\"1800\" data-end=\"1830\">Entspannte Abende zu Hause<\/li>\n<li data-section-id=\"uv42dt\" data-start=\"1831\" data-end=\"1855\">Gem\u00fctliche Wohnr\u00e4ume<\/li>\n<li data-section-id=\"1o8mu4u\" data-start=\"1856\" data-end=\"1884\">Ruhige Momente im Alltag<\/li>\n<li data-section-id=\"lmjckc\" data-start=\"1885\" data-end=\"1909\">Stilvolle Dekoration<\/li>\n<\/ul>\n<hr data-start=\"1911\" data-end=\"1914\" \/>\n<h4 data-start=\"1916\" data-end=\"1951\">Praktisch &amp; wiederverwendbar<\/h4>\n<p data-start=\"1952\" data-end=\"2088\">Nach dem Abbrennen kann das Glas weiterverwendet werden. Die enthaltenen Kristalle lassen sich ebenfalls als dekorative Elemente nutzen.<\/p>\n<hr data-start=\"2090\" data-end=\"2093\" \/>\n<h4 data-start=\"2095\" data-end=\"2116\">Produktdetails<\/h4>\n<p data-start=\"2117\" data-end=\"2333\">Material: Sojawachs, Duft, Glas<br data-start=\"2148\" data-end=\"2151\" \/>Steine: Rosenquarz, Jade<br data-start=\"2175\" data-end=\"2178\" \/>Brenndauer: ca. 17 Stunden<br data-start=\"2204\" data-end=\"2207\" \/>Ma\u00dfe: 8.5 x 5 cm<br data-start=\"2223\" data-end=\"2226\" \/>Gewicht (Netto): 0.36 kg<br data-start=\"2250\" data-end=\"2253\" \/>Versandgewicht: 0.36 kg<br data-start=\"2276\" data-end=\"2279\" \/>SKU: chkcc-04<br data-start=\"2292\" data-end=\"2295\" \/>EAN: 5056368333354<br data-start=\"2313\" data-end=\"2316\" \/>Herkunft: China<\/p>\n<hr data-start=\"2147\" data-end=\"2150\" \/>\n<h4 data-start=\"413\" data-end=\"449\">Objavte viac in\u0161pir\u00e1cie<\/h4>\n<p data-start=\"450\" data-end=\"582\">Suchen Sie weitere besondere Produkte? Entdecken Sie zus\u00e4tzliche Highlights in unserem Sortiment oder besuchen Sie unsere Partnerprojekte:<\/p>\n<ul data-start=\"584\" data-end=\"920\">\n<li><a href=\"https:\/\/matvana.com\/sk\/shop\/\">Stilvolle Wohn- &amp; Geschenkideen bei Matvana entdecken<\/a><\/li>\n<li data-start=\"657\" data-end=\"783\">\n<p data-start=\"659\" data-end=\"783\"><a href=\"https:\/\/honigbee.com\/shop\/\" target=\"_blank\" rel=\"noopener\">Nat\u00fcrliche Produkte bei Honigbee ansehen<br \/>\n<\/a><\/p>\n<\/li>\n<li><a href=\"https:\/\/saphirsmaragd.com\/shop\/\" target=\"_blank\" rel=\"noopener\">Edelsteine &amp; Schmuckst\u00fccke bei Saphir &amp; Smaragd entdecken<\/a><\/li>\n<\/ul>","protected":false},"excerpt":{"rendered":"<p data-start=\"419\" data-end=\"561\"><em>Chakra Kristallkerze Herzchakra aus Sojawachs mit Rosenquarz &amp; Jade. 17h Brenndauer, 8.5\u00d75 cm kompakt f\u00fcr eine warme und stilvolle Atmosph\u00e4re.<\/em><\/p>","protected":false},"featured_media":19996,"comment_status":"open","ping_status":"closed","template":"","meta":{"_glsr_average":0,"_glsr_ranking":0,"_glsr_reviews":0},"product_brand":[],"product_cat":[201],"product_tag":[],"class_list":{"0":"post-20001","1":"product","2":"type-product","3":"status-publish","4":"has-post-thumbnail","6":"product_cat-chakra-kerzen","8":"first","9":"instock","10":"taxable","11":"shipping-taxable","12":"purchasable","13":"product-type-simple"},"jetpack_sharing_enabled":true,"_links":{"self":[{"href":"https:\/\/matvana.com\/sk\/wp-json\/wp\/v2\/product\/20001","targetHints":{"allow":["GET"]}}],"collection":[{"href":"https:\/\/matvana.com\/sk\/wp-json\/wp\/v2\/product"}],"about":[{"href":"https:\/\/matvana.com\/sk\/wp-json\/wp\/v2\/types\/product"}],"replies":[{"embeddable":true,"href":"https:\/\/matvana.com\/sk\/wp-json\/wp\/v2\/comments?post=20001"}],"version-history":[{"count":3,"href":"https:\/\/matvana.com\/sk\/wp-json\/wp\/v2\/product\/20001\/revisions"}],"predecessor-version":[{"id":20049,"href":"https:\/\/matvana.com\/sk\/wp-json\/wp\/v2\/product\/20001\/revisions\/20049"}],"wp:featuredmedia":[{"embeddable":true,"href":"https:\/\/matvana.com\/sk\/wp-json\/wp\/v2\/media\/19996"}],"wp:attachment":[{"href":"https:\/\/matvana.com\/sk\/wp-json\/wp\/v2\/media?parent=20001"}],"wp:term":[{"taxonomy":"product_brand","embeddable":true,"href":"https:\/\/matvana.com\/sk\/wp-json\/wp\/v2\/product_brand?post=20001"},{"taxonomy":"product_cat","embeddable":true,"href":"https:\/\/matvana.com\/sk\/wp-json\/wp\/v2\/product_cat?post=20001"},{"taxonomy":"product_tag","embeddable":true,"href":"https:\/\/matvana.com\/sk\/wp-json\/wp\/v2\/product_tag?post=20001"}],"curies":[{"name":"wp","href":"https:\/\/api.w.org\/{rel}","templated":true}]}}