{"id":21155,"date":"2026-04-04T20:51:16","date_gmt":"2026-04-04T18:51:16","guid":{"rendered":"https:\/\/matvana.com\/product\/natural-riverstone-candle-holder-single-nightlight\/"},"modified":"2026-04-18T17:12:32","modified_gmt":"2026-04-18T15:12:32","slug":"stein-kerzenhalter-flussstein","status":"publish","type":"product","link":"https:\/\/matvana.com\/pt\/product\/stein-kerzenhalter-flussstein\/","title":{"rendered":"Stein Kerzenhalter Flussstein \u2013 nat\u00fcrlicher Teelichthalter aus Riverstone f\u00fcr ruhige Wohnatmosph\u00e4re,10x10x7cm"},"content":{"rendered":"<h4 data-start=\"585\" data-end=\"641\">Stein Kerzenhalter Flussstein f\u00fcr nat\u00fcrliche Ruhe<\/h4>\n<p data-start=\"642\" data-end=\"784\">Dieser Stein Kerzenhalter Flussstein bringt die Sch\u00f6nheit der Natur direkt in Ihr Zuhause und schafft eine entspannte, harmonische Atmosph\u00e4re.<\/p>\n<hr data-start=\"786\" data-end=\"789\" \/>\n<h4 data-start=\"791\" data-end=\"829\">Gefertigt aus echtem Riverstone<\/h4>\n<p data-start=\"830\" data-end=\"971\">Jeder Kerzenhalter wird aus nat\u00fcrlichem Flussstein gefertigt und besitzt eine einzigartige Form sowie eine authentische, organische Struktur.<\/p>\n<hr data-start=\"973\" data-end=\"976\" \/>\n<h4 data-start=\"978\" data-end=\"1026\">Minimalistisches Design f\u00fcr jedes Zuhause<\/h4>\n<p data-start=\"1027\" data-end=\"1139\">Das schlichte und zeitlose Design passt perfekt zu modernen, skandinavischen und nat\u00fcrlichen Einrichtungsstilen.<\/p>\n<hr data-start=\"1141\" data-end=\"1144\" \/>\n<h4 data-start=\"1146\" data-end=\"1188\">Perfekt f\u00fcr Teelichter und Ambiente<\/h4>\n<p data-start=\"1189\" data-end=\"1305\">Ideal geeignet f\u00fcr Teelichter, sorgt dieser Kerzenhalter f\u00fcr ein warmes, sanftes Licht und eine gem\u00fctliche Stimmung.<\/p>\n<hr data-start=\"1307\" data-end=\"1310\" \/>\n<h4 data-start=\"1312\" data-end=\"1355\">Handarbeit mit nat\u00fcrlichem Charakter<\/h4>\n<p data-start=\"1356\" data-end=\"1466\">Jedes St\u00fcck ist ein Unikat und wird sorgf\u00e4ltig bearbeitet, um die nat\u00fcrliche Sch\u00f6nheit des Steins zu erhalten.<\/p>\n<hr data-start=\"1468\" data-end=\"1471\" \/>\n<h4 data-start=\"1473\" data-end=\"1494\">Produktdetails<\/h4>\n<p data-start=\"1495\" data-end=\"1630\">Material: Naturstein (Riverstone)<br data-start=\"1528\" data-end=\"1531\" \/>Design: Teelichthalter rund<br data-start=\"1558\" data-end=\"1561\" \/>Ma\u00dfe: ca. 10 x 10 x 7 cm<br data-start=\"1585\" data-end=\"1588\" \/>Gewicht: ca. 0.6 kg<br data-start=\"1607\" data-end=\"1610\" \/>Herkunft: Indonesien<\/p>\n<hr data-start=\"2147\" data-end=\"2150\" \/>\n<h4 data-start=\"413\" data-end=\"449\">Weitere Inspiration entdecken<\/h4>\n<p data-start=\"450\" data-end=\"582\">Suchen Sie weitere besondere Produkte? Entdecken Sie zus\u00e4tzliche Highlights in unserem Sortiment oder besuchen Sie unsere Partnerprojekte:<\/p>\n<ul data-start=\"584\" data-end=\"920\">\n<li><a href=\"https:\/\/matvana.com\/pt\/shop\/\">Stilvolle Wohn- &amp; Geschenkideen bei Matvana entdecken<\/a><\/li>\n<li data-start=\"657\" data-end=\"783\">\n<p data-start=\"659\" data-end=\"783\"><a href=\"https:\/\/honigbee.com\/shop\/\" target=\"_blank\" rel=\"noopener\">Nat\u00fcrliche Produkte bei Honigbee ansehen<br \/>\n<\/a><\/p>\n<\/li>\n<li><a href=\"https:\/\/saphirsmaragd.com\/shop\/\" target=\"_blank\" rel=\"noopener\">Edelsteine &amp; Schmuckst\u00fccke bei Saphir &amp; Smaragd entdecken<\/a><\/li>\n<\/ul>","protected":false},"excerpt":{"rendered":"<p data-start=\"413\" data-end=\"544\"><em>Stein Kerzenhalter Flussstein aus echtem Riverstone. Minimalistischer Teelichthalter f\u00fcr nat\u00fcrliche und beruhigende Wohnatmosph\u00e4re.<\/em><\/p>","protected":false},"featured_media":21138,"comment_status":"open","ping_status":"closed","template":"","meta":{"_glsr_average":0,"_glsr_ranking":0,"_glsr_reviews":0},"product_brand":[],"product_cat":[206],"product_tag":[],"class_list":{"0":"post-21155","1":"product","2":"type-product","3":"status-publish","4":"has-post-thumbnail","6":"product_cat-kerzenhalter","8":"first","9":"instock","10":"taxable","11":"shipping-taxable","12":"purchasable","13":"product-type-simple"},"jetpack_sharing_enabled":true,"_links":{"self":[{"href":"https:\/\/matvana.com\/pt\/wp-json\/wp\/v2\/product\/21155","targetHints":{"allow":["GET"]}}],"collection":[{"href":"https:\/\/matvana.com\/pt\/wp-json\/wp\/v2\/product"}],"about":[{"href":"https:\/\/matvana.com\/pt\/wp-json\/wp\/v2\/types\/product"}],"replies":[{"embeddable":true,"href":"https:\/\/matvana.com\/pt\/wp-json\/wp\/v2\/comments?post=21155"}],"version-history":[{"count":3,"href":"https:\/\/matvana.com\/pt\/wp-json\/wp\/v2\/product\/21155\/revisions"}],"predecessor-version":[{"id":22625,"href":"https:\/\/matvana.com\/pt\/wp-json\/wp\/v2\/product\/21155\/revisions\/22625"}],"wp:featuredmedia":[{"embeddable":true,"href":"https:\/\/matvana.com\/pt\/wp-json\/wp\/v2\/media\/21138"}],"wp:attachment":[{"href":"https:\/\/matvana.com\/pt\/wp-json\/wp\/v2\/media?parent=21155"}],"wp:term":[{"taxonomy":"product_brand","embeddable":true,"href":"https:\/\/matvana.com\/pt\/wp-json\/wp\/v2\/product_brand?post=21155"},{"taxonomy":"product_cat","embeddable":true,"href":"https:\/\/matvana.com\/pt\/wp-json\/wp\/v2\/product_cat?post=21155"},{"taxonomy":"product_tag","embeddable":true,"href":"https:\/\/matvana.com\/pt\/wp-json\/wp\/v2\/product_tag?post=21155"}],"curies":[{"name":"wp","href":"https:\/\/api.w.org\/{rel}","templated":true}]}}