{"id":20878,"date":"2026-04-04T20:16:35","date_gmt":"2026-04-04T18:16:35","guid":{"rendered":"https:\/\/matvana.com\/product\/midnight-rose-soy-pot-of-fragrance-candle\/"},"modified":"2026-04-13T15:42:02","modified_gmt":"2026-04-13T13:42:02","slug":"midnight-rose-duftkerze-im-glas","status":"publish","type":"product","link":"https:\/\/matvana.com\/pt\/product\/midnight-rose-duftkerze-im-glas\/","title":{"rendered":"Midnight Rose Duftkerze im Glas \u2013 Sojawachs Aromakerze mit Rosenduft &#038; Korkdeckel, 7.5 x 5.5 cm"},"content":{"rendered":"<h4 data-start=\"646\" data-end=\"694\">Elegante Duftkerze f\u00fcr entspannte Momente<\/h4>\n<p data-start=\"695\" data-end=\"844\">Die Midnight Rose Duftkerze vereint stilvolles Design mit einem angenehmen Rosenduft und schafft eine warme, beruhigende Atmosph\u00e4re in Ihrem Zuhause.<\/p>\n<hr data-start=\"846\" data-end=\"849\" \/>\n<h4 data-start=\"851\" data-end=\"894\">Angenehmer Rosenduft f\u00fcr Ihr Zuhause<\/h4>\n<p data-start=\"895\" data-end=\"1052\">Der feine Duft von Rosen sorgt f\u00fcr Entspannung und Wohlbefinden. Perfekt geeignet f\u00fcr Wohnzimmer, Schlafzimmer oder als stilvolle Erg\u00e4nzung Ihrer Dekoration.<\/p>\n<hr data-start=\"1054\" data-end=\"1057\" \/>\n<h4 data-start=\"1059\" data-end=\"1089\">Hochwertige Materialien<\/h4>\n<p data-start=\"1090\" data-end=\"1120\">Diese Duftkerze besteht aus:<\/p>\n<p data-start=\"1122\" data-end=\"1203\">\u2022 nat\u00fcrlichem Sojawachs<br data-start=\"1145\" data-end=\"1148\" \/>\u2022 hochwertigem Duft\u00f6l<br data-start=\"1169\" data-end=\"1172\" \/>\u2022 Glasbeh\u00e4lter mit Korkdeckel<\/p>\n<hr data-start=\"1205\" data-end=\"1208\" \/>\n<h4 data-start=\"1210\" data-end=\"1239\">Stilvolle Geschenkidee<\/h4>\n<p data-start=\"1240\" data-end=\"1389\">Ob als Geschenk oder f\u00fcr den eigenen Gebrauch \u2013 die Midnight Rose Duftkerze ist eine elegante Wahl f\u00fcr alle, die Duft und Design kombinieren m\u00f6chten.<\/p>\n<hr data-start=\"1391\" data-end=\"1394\" \/>\n<h4 data-start=\"1396\" data-end=\"1417\">Produktdetails<\/h4>\n<p data-start=\"1419\" data-end=\"1530\">Material: Sojawachs, Duftstoffe, Glas, Kork<br data-start=\"1462\" data-end=\"1465\" \/>Ma\u00dfe: 7.5 x 5.5 x 5.5 cm<br data-start=\"1489\" data-end=\"1492\" \/>Gewicht: ca. 120 g<br data-start=\"1510\" data-end=\"1513\" \/>Herkunft: China<\/p>\n<hr data-start=\"2147\" data-end=\"2150\" \/>\n<h4 data-start=\"413\" data-end=\"449\">Weitere Inspiration entdecken<\/h4>\n<p data-start=\"450\" data-end=\"582\">Suchen Sie weitere besondere Produkte? Entdecken Sie zus\u00e4tzliche Highlights in unserem Sortiment oder besuchen Sie unsere Partnerprojekte:<\/p>\n<ul data-start=\"584\" data-end=\"920\">\n<li><a href=\"https:\/\/matvana.com\/pt\/shop\/\">Stilvolle Wohn- &amp; Geschenkideen bei Matvana entdecken<\/a><\/li>\n<li data-start=\"657\" data-end=\"783\">\n<p data-start=\"659\" data-end=\"783\"><a href=\"https:\/\/honigbee.com\/shop\/\" target=\"_blank\" rel=\"noopener\">Nat\u00fcrliche Produkte bei Honigbee ansehen<br \/>\n<\/a><\/p>\n<\/li>\n<li><a href=\"https:\/\/saphirsmaragd.com\/shop\/\" target=\"_blank\" rel=\"noopener\">Edelsteine &amp; Schmuckst\u00fccke bei Saphir &amp; Smaragd entdecken<\/a><\/li>\n<\/ul>","protected":false},"excerpt":{"rendered":"<p data-start=\"422\" data-end=\"564\"><em>Midnight Rose Duftkerze im Glas aus Sojawachs mit edlem Rosenduft. Stilvolle Aromakerze f\u00fcr Zuhause, Entspannung und besondere Atmosph\u00e4re.<\/em><\/p>","protected":false},"featured_media":20877,"comment_status":"open","ping_status":"closed","template":"","meta":{"_glsr_average":0,"_glsr_ranking":0,"_glsr_reviews":0},"product_brand":[],"product_cat":[202],"product_tag":[],"class_list":{"0":"post-20878","1":"product","2":"type-product","3":"status-publish","4":"has-post-thumbnail","6":"product_cat-duftkerzen","8":"first","9":"instock","10":"taxable","11":"shipping-taxable","12":"purchasable","13":"product-type-simple"},"jetpack_sharing_enabled":true,"_links":{"self":[{"href":"https:\/\/matvana.com\/pt\/wp-json\/wp\/v2\/product\/20878","targetHints":{"allow":["GET"]}}],"collection":[{"href":"https:\/\/matvana.com\/pt\/wp-json\/wp\/v2\/product"}],"about":[{"href":"https:\/\/matvana.com\/pt\/wp-json\/wp\/v2\/types\/product"}],"replies":[{"embeddable":true,"href":"https:\/\/matvana.com\/pt\/wp-json\/wp\/v2\/comments?post=20878"}],"version-history":[{"count":3,"href":"https:\/\/matvana.com\/pt\/wp-json\/wp\/v2\/product\/20878\/revisions"}],"predecessor-version":[{"id":22515,"href":"https:\/\/matvana.com\/pt\/wp-json\/wp\/v2\/product\/20878\/revisions\/22515"}],"wp:featuredmedia":[{"embeddable":true,"href":"https:\/\/matvana.com\/pt\/wp-json\/wp\/v2\/media\/20877"}],"wp:attachment":[{"href":"https:\/\/matvana.com\/pt\/wp-json\/wp\/v2\/media?parent=20878"}],"wp:term":[{"taxonomy":"product_brand","embeddable":true,"href":"https:\/\/matvana.com\/pt\/wp-json\/wp\/v2\/product_brand?post=20878"},{"taxonomy":"product_cat","embeddable":true,"href":"https:\/\/matvana.com\/pt\/wp-json\/wp\/v2\/product_cat?post=20878"},{"taxonomy":"product_tag","embeddable":true,"href":"https:\/\/matvana.com\/pt\/wp-json\/wp\/v2\/product_tag?post=20878"}],"curies":[{"name":"wp","href":"https:\/\/api.w.org\/{rel}","templated":true}]}}