{"id":20172,"date":"2026-04-04T19:49:21","date_gmt":"2026-04-04T17:49:21","guid":{"rendered":"https:\/\/matvana.com\/product\/zodiac-crystal-candle-with-gemstone-bracelet-aquarious\/"},"modified":"2026-04-05T22:19:22","modified_gmt":"2026-04-05T20:19:22","slug":"zodiac-duftkerze-wassermann","status":"publish","type":"product","link":"https:\/\/matvana.com\/pt\/product\/zodiac-duftkerze-wassermann\/","title":{"rendered":"Zodiac Duftkerze Wassermann mit Edelstein Armband \u2013 Sternzeichen Kerze \u2013 8.8&#215;8.5 cm, ca. 30h"},"content":{"rendered":"<h4 data-start=\"845\" data-end=\"924\">Zodiac Duftkerze Wassermann f\u00fcr eine inspirierende und ruhige Atmosph\u00e4re<\/h4>\n<p data-start=\"925\" data-end=\"1137\">Diese Duftkerze wurde speziell f\u00fcr das Sternzeichen Wassermann entwickelt und schafft eine entspannte, inspirierende Umgebung. Der sanfte Duft sorgt f\u00fcr Ausgleich und unterst\u00fctzt Momente der Ruhe und Kreativit\u00e4t.<\/p>\n<hr data-start=\"1139\" data-end=\"1142\" \/>\n<h4 data-start=\"1144\" data-end=\"1169\">Merkmale &amp; Details<\/h4>\n<p data-start=\"1170\" data-end=\"1326\">Duft: Warm, leicht s\u00fc\u00dflich<br data-start=\"1196\" data-end=\"1199\" \/>Material: Wachs<br data-start=\"1214\" data-end=\"1217\" \/>Inhalt: Kerze mit Edelstein Armband<br data-start=\"1252\" data-end=\"1255\" \/>Gr\u00f6\u00dfe: 8.8&#215;8.5 cm<br data-start=\"1272\" data-end=\"1275\" \/>Gewicht: ca. 0.32 kg<br data-start=\"1295\" data-end=\"1298\" \/>Brenndauer: ca. 30 Stunden<\/p>\n<p data-start=\"0\" data-end=\"14\"><strong data-start=\"0\" data-end=\"14\">Duftnoten:<\/strong><\/p>\n<p data-start=\"16\" data-end=\"126\" data-is-last-node=\"\" data-is-only-node=\"\"><strong data-start=\"16\" data-end=\"29\">Kopfnote:<\/strong> Cassis, Mandarine<br data-start=\"47\" data-end=\"50\" data-is-only-node=\"\" \/><strong data-start=\"50\" data-end=\"63\">Herznote:<\/strong> Lavendel, Rote Beeren, Rose<br data-start=\"91\" data-end=\"94\" \/><strong data-start=\"94\" data-end=\"108\">Basisnote:<\/strong> Sandelholz, Amber<\/p>\n<hr data-start=\"1328\" data-end=\"1331\" \/>\n<h4 data-start=\"1333\" data-end=\"1362\">Edelsteine &amp; Bedeutung<\/h4>\n<p data-start=\"1363\" data-end=\"1592\">Das enthaltene Armband besteht aus ausgew\u00e4hlten Steinen wie Amethyst, Lapislazuli und H\u00e4matit. Diese werden traditionell mit Klarheit, innerer Balance und Fokus in Verbindung gebracht und passen ideal zum Sternzeichen Wassermann.<\/p>\n<hr data-start=\"1594\" data-end=\"1597\" \/>\n<h4 data-start=\"1599\" data-end=\"1615\">Anwendung<\/h4>\n<p data-start=\"1616\" data-end=\"1776\">Ideal f\u00fcr entspannte Abende, Meditation oder als dekoratives Element im Wohnraum. Die Kombination aus Duftkerze und Armband sorgt f\u00fcr eine besondere Atmosph\u00e4re.<\/p>\n<hr data-start=\"1778\" data-end=\"1781\" \/>\n<h4 data-start=\"1783\" data-end=\"1802\">Geschenkidee<\/h4>\n<p data-start=\"1803\" data-end=\"1931\">Perfekt als pers\u00f6nliches Geschenk f\u00fcr Wassermann-Geborene oder f\u00fcr alle, die sich f\u00fcr Sternzeichen und Edelsteine interessieren.<\/p>\n<hr data-start=\"2312\" data-end=\"2315\" \/>\n<h4 data-start=\"413\" data-end=\"449\">Weitere Inspiration entdecken<\/h4>\n<p data-start=\"450\" data-end=\"582\">Suchen Sie weitere besondere Produkte? Entdecken Sie zus\u00e4tzliche Highlights in unserem Sortiment oder besuchen Sie unsere Partnerprojekte:<\/p>\n<ul data-start=\"584\" data-end=\"920\">\n<li><a href=\"https:\/\/matvana.com\/pt\/shop\/\">Stilvolle Wohn- &amp; Geschenkideen bei Matvana entdecken<\/a><\/li>\n<li data-start=\"657\" data-end=\"783\">\n<p data-start=\"659\" data-end=\"783\"><a href=\"https:\/\/honigbee.com\/shop\/\" target=\"_blank\" rel=\"noopener\">Nat\u00fcrliche Produkte bei Honigbee ansehen<br \/>\n<\/a><\/p>\n<\/li>\n<li><a href=\"https:\/\/saphirsmaragd.com\/shop\/\" target=\"_blank\" rel=\"noopener\">Edelsteine &amp; Schmuckst\u00fccke bei Saphir &amp; Smaragd entdecken<\/a><\/li>\n<\/ul>","protected":false},"excerpt":{"rendered":"<p data-start=\"541\" data-end=\"676\"><em>Zodiac Duftkerze Wassermann mit Edelstein Armband. Sternzeichen Kerze mit beruhigendem Duft \u2013 8.8&#215;8.5 cm und ca. 30 Stunden Brenndauer.<\/em><\/p>","protected":false},"featured_media":20167,"comment_status":"open","ping_status":"closed","template":"","meta":{"_glsr_average":0,"_glsr_ranking":0,"_glsr_reviews":0},"product_brand":[],"product_cat":[204],"product_tag":[],"class_list":{"0":"post-20172","1":"product","2":"type-product","3":"status-publish","4":"has-post-thumbnail","6":"product_cat-geschenkkerzen","8":"first","9":"instock","10":"taxable","11":"shipping-taxable","12":"purchasable","13":"product-type-simple"},"jetpack_sharing_enabled":true,"_links":{"self":[{"href":"https:\/\/matvana.com\/pt\/wp-json\/wp\/v2\/product\/20172","targetHints":{"allow":["GET"]}}],"collection":[{"href":"https:\/\/matvana.com\/pt\/wp-json\/wp\/v2\/product"}],"about":[{"href":"https:\/\/matvana.com\/pt\/wp-json\/wp\/v2\/types\/product"}],"replies":[{"embeddable":true,"href":"https:\/\/matvana.com\/pt\/wp-json\/wp\/v2\/comments?post=20172"}],"version-history":[{"count":4,"href":"https:\/\/matvana.com\/pt\/wp-json\/wp\/v2\/product\/20172\/revisions"}],"predecessor-version":[{"id":22193,"href":"https:\/\/matvana.com\/pt\/wp-json\/wp\/v2\/product\/20172\/revisions\/22193"}],"wp:featuredmedia":[{"embeddable":true,"href":"https:\/\/matvana.com\/pt\/wp-json\/wp\/v2\/media\/20167"}],"wp:attachment":[{"href":"https:\/\/matvana.com\/pt\/wp-json\/wp\/v2\/media?parent=20172"}],"wp:term":[{"taxonomy":"product_brand","embeddable":true,"href":"https:\/\/matvana.com\/pt\/wp-json\/wp\/v2\/product_brand?post=20172"},{"taxonomy":"product_cat","embeddable":true,"href":"https:\/\/matvana.com\/pt\/wp-json\/wp\/v2\/product_cat?post=20172"},{"taxonomy":"product_tag","embeddable":true,"href":"https:\/\/matvana.com\/pt\/wp-json\/wp\/v2\/product_tag?post=20172"}],"curies":[{"name":"wp","href":"https:\/\/api.w.org\/{rel}","templated":true}]}}