{"id":22008,"date":"2026-04-04T21:40:21","date_gmt":"2026-04-04T19:40:21","guid":{"rendered":"https:\/\/matvana.com\/product\/set-of-pillar-candles-40x60mm-4-pieces-red\/"},"modified":"2026-04-22T21:53:03","modified_gmt":"2026-04-22T19:53:03","slug":"stumpenkerzen-set-rot","status":"publish","type":"product","link":"https:\/\/matvana.com\/pl\/product\/stumpenkerzen-set-rot\/","title":{"rendered":"Stumpenkerzen Set Rot \u2013 4er Set Kerzen 40x60mm dekorative Kerzen f\u00fcr Zuhause ca. 6\u20138h Brenndauer"},"content":{"rendered":"<h4 data-start=\"646\" data-end=\"708\">Stumpenkerzen Set Rot f\u00fcr warme &amp; gem\u00fctliche Atmosph\u00e4re<\/h4>\n<p data-start=\"710\" data-end=\"837\">Das Stumpenkerzen Set Rot sorgt mit seiner kr\u00e4ftigen Farbe f\u00fcr eine besonders warme und einladende Stimmung in Ihrem Zuhause.<\/p>\n<hr data-start=\"839\" data-end=\"842\" \/>\n<h4 data-start=\"844\" data-end=\"881\">Ausdrucksstarkes Design in Rot<\/h4>\n<p data-start=\"883\" data-end=\"1009\">Die intensive rote Farbe setzt stilvolle Akzente und eignet sich perfekt f\u00fcr festliche Dekorationen oder romantische Abende.<\/p>\n<hr data-start=\"1011\" data-end=\"1014\" \/>\n<h4 data-start=\"1016\" data-end=\"1042\">Praktisches 4er Set<\/h4>\n<p data-start=\"1044\" data-end=\"1166\">Mit vier Kerzen im Set haben Sie vielseitige Einsatzm\u00f6glichkeiten \u2013 ideal f\u00fcr Tischdekorationen, Events oder den Alltag.<\/p>\n<hr data-start=\"1168\" data-end=\"1171\" \/>\n<h4 data-start=\"1173\" data-end=\"1203\">Gleichm\u00e4\u00dfiges Abbrennen<\/h4>\n<p data-start=\"1205\" data-end=\"1319\">Die Stumpenkerzen brennen ruhig und gleichm\u00e4\u00dfig ab und sorgen f\u00fcr eine angenehme Lichtquelle ohne starkes Ru\u00dfen.<\/p>\n<hr data-start=\"1321\" data-end=\"1324\" \/>\n<h4 data-start=\"1326\" data-end=\"1362\">Perfekt f\u00fcr besondere Anl\u00e4sse<\/h4>\n<p data-start=\"1364\" data-end=\"1446\">Ideal f\u00fcr Weihnachten, Dinner-Abende oder als dekoratives Highlight im Wohnraum.<\/p>\n<hr data-start=\"1448\" data-end=\"1451\" \/>\n<h4 data-start=\"1453\" data-end=\"1474\">Produktdetails<\/h4>\n<p data-start=\"1476\" data-end=\"1658\"><strong data-start=\"1476\" data-end=\"1489\">Material:<\/strong> Paraffinwachs<br data-start=\"1503\" data-end=\"1506\" \/><strong data-start=\"1506\" data-end=\"1516\">Kolor:<\/strong> Rot<br data-start=\"1520\" data-end=\"1523\" \/><strong data-start=\"1523\" data-end=\"1531\">Set:<\/strong> 4 St\u00fcck<br data-start=\"1539\" data-end=\"1542\" \/><strong data-start=\"1542\" data-end=\"1552\">Gr\u00f6\u00dfe:<\/strong> 40 x 60 mm<br data-start=\"1563\" data-end=\"1566\" \/><strong data-start=\"1566\" data-end=\"1581\">Brenndauer:<\/strong> ca. 6\u20138 Stunden pro Kerze<br data-start=\"1607\" data-end=\"1610\" \/><strong data-start=\"1610\" data-end=\"1622\">Gewicht:<\/strong> ca. 0.22 kg<br data-start=\"1634\" data-end=\"1637\" \/><strong data-start=\"1637\" data-end=\"1650\">Herkunft:<\/strong> Polen<\/p>\n<hr data-start=\"2147\" data-end=\"2150\" \/>\n<h4 data-start=\"413\" data-end=\"449\">Odkryj wi\u0119cej inspiracji<\/h4>\n<p data-start=\"450\" data-end=\"582\">Suchen Sie weitere besondere Produkte? Entdecken Sie zus\u00e4tzliche Highlights in unserem Sortiment oder besuchen Sie unsere Partnerprojekte:<\/p>\n<ul data-start=\"584\" data-end=\"920\">\n<li><a href=\"https:\/\/matvana.com\/pl\/shop\/\">Stilvolle Wohn- &amp; Geschenkideen bei Matvana entdecken<\/a><\/li>\n<li data-start=\"657\" data-end=\"783\">\n<p data-start=\"659\" data-end=\"783\"><a href=\"https:\/\/honigbee.com\/shop\/\" target=\"_blank\" rel=\"noopener\">Nat\u00fcrliche Produkte bei Honigbee ansehen<br \/>\n<\/a><\/p>\n<\/li>\n<li><a href=\"https:\/\/saphirsmaragd.com\/shop\/\" target=\"_blank\" rel=\"noopener\">Edelsteine &amp; Schmuckst\u00fccke bei Saphir &amp; Smaragd entdecken<\/a><\/li>\n<\/ul>","protected":false},"excerpt":{"rendered":"<p data-start=\"361\" data-end=\"491\"><em>Stumpenkerzen Set Rot im praktischen 4er Set mit intensiver Farbe. Perfekt f\u00fcr Dekoration, Weihnachten oder stimmungsvolle Abende.<\/em><\/p>","protected":false},"featured_media":22004,"comment_status":"open","ping_status":"closed","template":"","meta":{"_glsr_average":0,"_glsr_ranking":0,"_glsr_reviews":0},"product_brand":[],"product_cat":[209],"product_tag":[],"class_list":{"0":"post-22008","1":"product","2":"type-product","3":"status-publish","4":"has-post-thumbnail","6":"product_cat-deko-kerzen","8":"first","9":"instock","10":"taxable","11":"shipping-taxable","12":"purchasable","13":"product-type-simple"},"jetpack_sharing_enabled":true,"_links":{"self":[{"href":"https:\/\/matvana.com\/pl\/wp-json\/wp\/v2\/product\/22008","targetHints":{"allow":["GET"]}}],"collection":[{"href":"https:\/\/matvana.com\/pl\/wp-json\/wp\/v2\/product"}],"about":[{"href":"https:\/\/matvana.com\/pl\/wp-json\/wp\/v2\/types\/product"}],"replies":[{"embeddable":true,"href":"https:\/\/matvana.com\/pl\/wp-json\/wp\/v2\/comments?post=22008"}],"version-history":[{"count":3,"href":"https:\/\/matvana.com\/pl\/wp-json\/wp\/v2\/product\/22008\/revisions"}],"predecessor-version":[{"id":22882,"href":"https:\/\/matvana.com\/pl\/wp-json\/wp\/v2\/product\/22008\/revisions\/22882"}],"wp:featuredmedia":[{"embeddable":true,"href":"https:\/\/matvana.com\/pl\/wp-json\/wp\/v2\/media\/22004"}],"wp:attachment":[{"href":"https:\/\/matvana.com\/pl\/wp-json\/wp\/v2\/media?parent=22008"}],"wp:term":[{"taxonomy":"product_brand","embeddable":true,"href":"https:\/\/matvana.com\/pl\/wp-json\/wp\/v2\/product_brand?post=22008"},{"taxonomy":"product_cat","embeddable":true,"href":"https:\/\/matvana.com\/pl\/wp-json\/wp\/v2\/product_cat?post=22008"},{"taxonomy":"product_tag","embeddable":true,"href":"https:\/\/matvana.com\/pl\/wp-json\/wp\/v2\/product_tag?post=22008"}],"curies":[{"name":"wp","href":"https:\/\/api.w.org\/{rel}","templated":true}]}}