{"id":20186,"date":"2026-04-04T19:49:49","date_gmt":"2026-04-04T17:49:49","guid":{"rendered":"https:\/\/matvana.com\/product\/zodiac-crystal-candle-with-gemstone-bracelet-cancer\/"},"modified":"2026-04-05T15:32:56","modified_gmt":"2026-04-05T13:32:56","slug":"zodiac-duftkerze-krebs","status":"publish","type":"product","link":"https:\/\/matvana.com\/pl\/product\/zodiac-duftkerze-krebs\/","title":{"rendered":"Zodiac Duftkerze Krebs mit Edelstein Armband \u2013 Sternzeichen Kerze \u2013 8.8&#215;8.5 cm, ca. 30h"},"content":{"rendered":"<h4 data-start=\"660\" data-end=\"721\">Zodiac Duftkerze Krebs f\u00fcr Ruhe und emotionale Balance<\/h4>\n<p data-start=\"722\" data-end=\"883\">Diese Zodiac Duftkerze Krebs schafft eine beruhigende und harmonische Atmosph\u00e4re. Sie eignet sich ideal f\u00fcr entspannte Momente, Selbstf\u00fcrsorge und ruhige Abende.<\/p>\n<hr data-start=\"885\" data-end=\"888\" \/>\n<h4 data-start=\"890\" data-end=\"915\">Merkmale &amp; Details<\/h4>\n<p data-start=\"916\" data-end=\"1098\">Duft: Frisch, floral und warm mit Amber-Note<br data-start=\"960\" data-end=\"963\" \/>Material: Sojawachs<br data-start=\"982\" data-end=\"985\" \/>Inhalt: Duftkerze mit Edelstein Armband<br data-start=\"1024\" data-end=\"1027\" \/>Gr\u00f6\u00dfe: 8.8&#215;8.5 cm<br data-start=\"1044\" data-end=\"1047\" \/>Gewicht: ca. 0.32 kg<br data-start=\"1067\" data-end=\"1070\" \/>Brenndauer: ca. 30 Stunden<\/p>\n<p data-start=\"916\" data-end=\"1098\"><strong data-start=\"1023\" data-end=\"1037\">Duftnoten:<\/strong><br data-start=\"1037\" data-end=\"1040\" \/>Kopfnote: Cassis, Mandarine<br data-start=\"1067\" data-end=\"1070\" \/>Herznote: Lavendel, rote Beeren, Rose<br data-start=\"1107\" data-end=\"1110\" \/>Basisnote: Sandelholz, Amber<\/p>\n<hr data-start=\"1100\" data-end=\"1103\" \/>\n<h4 data-start=\"1105\" data-end=\"1134\">Edelsteine &amp; Bedeutung<\/h4>\n<p data-start=\"1135\" data-end=\"1316\">Das Armband enth\u00e4lt Aquamarin, Rauchquarz und Mondstein. Diese Steine werden mit Ruhe, Schutz und emotionaler Balance in Verbindung gebracht und passen ideal zum Sternzeichen Krebs.<\/p>\n<hr data-start=\"1318\" data-end=\"1321\" \/>\n<h4 data-start=\"1323\" data-end=\"1339\">Anwendung<\/h4>\n<p data-start=\"1340\" data-end=\"1523\">Die Kerze eignet sich f\u00fcr entspannende Rituale, Meditation oder als stilvolle Dekoration. Sie unterst\u00fctzt eine ruhige Atmosph\u00e4re und kann helfen, den Alltag bewusst zu entschleunigen.<\/p>\n<hr data-start=\"1525\" data-end=\"1528\" \/>\n<h4 data-start=\"1530\" data-end=\"1549\">Pomys\u0142 na prezent<\/h4>\n<p data-start=\"1550\" data-end=\"1676\">Eine besondere Geschenkidee f\u00fcr Krebs-Geborene oder f\u00fcr alle, die Wert auf Ruhe, Harmonie und stilvolle Wohnaccessoires legen.<\/p>\n<hr data-start=\"2312\" data-end=\"2315\" \/>\n<h4 data-start=\"413\" data-end=\"449\">Odkryj wi\u0119cej inspiracji<\/h4>\n<p data-start=\"450\" data-end=\"582\">Suchen Sie weitere besondere Produkte? Entdecken Sie zus\u00e4tzliche Highlights in unserem Sortiment oder besuchen Sie unsere Partnerprojekte:<\/p>\n<ul data-start=\"584\" data-end=\"920\">\n<li><a href=\"https:\/\/matvana.com\/pl\/shop\/\">Stilvolle Wohn- &amp; Geschenkideen bei Matvana entdecken<\/a><\/li>\n<li data-start=\"657\" data-end=\"783\">\n<p data-start=\"659\" data-end=\"783\"><a href=\"https:\/\/honigbee.com\/shop\/\" target=\"_blank\" rel=\"noopener\">Nat\u00fcrliche Produkte bei Honigbee ansehen<br \/>\n<\/a><\/p>\n<\/li>\n<li><a href=\"https:\/\/saphirsmaragd.com\/shop\/\" target=\"_blank\" rel=\"noopener\">Edelsteine &amp; Schmuckst\u00fccke bei Saphir &amp; Smaragd entdecken<\/a><\/li>\n<\/ul>","protected":false},"excerpt":{"rendered":"<p data-start=\"364\" data-end=\"498\"><em>Zodiac Duftkerze Krebs mit Edelstein Armband. Hochwertige Sternzeichen Kerze aus Sojawachs \u2013 8.8&#215;8.5 cm mit ca. 30 Stunden Brenndauer.<\/em><\/p>","protected":false},"featured_media":20181,"comment_status":"open","ping_status":"closed","template":"","meta":{"_glsr_average":0,"_glsr_ranking":0,"_glsr_reviews":0},"product_brand":[],"product_cat":[204],"product_tag":[],"class_list":{"0":"post-20186","1":"product","2":"type-product","3":"status-publish","4":"has-post-thumbnail","6":"product_cat-geschenkkerzen","8":"first","9":"instock","10":"taxable","11":"shipping-taxable","12":"purchasable","13":"product-type-simple"},"jetpack_sharing_enabled":true,"_links":{"self":[{"href":"https:\/\/matvana.com\/pl\/wp-json\/wp\/v2\/product\/20186","targetHints":{"allow":["GET"]}}],"collection":[{"href":"https:\/\/matvana.com\/pl\/wp-json\/wp\/v2\/product"}],"about":[{"href":"https:\/\/matvana.com\/pl\/wp-json\/wp\/v2\/types\/product"}],"replies":[{"embeddable":true,"href":"https:\/\/matvana.com\/pl\/wp-json\/wp\/v2\/comments?post=20186"}],"version-history":[{"count":3,"href":"https:\/\/matvana.com\/pl\/wp-json\/wp\/v2\/product\/20186\/revisions"}],"predecessor-version":[{"id":22188,"href":"https:\/\/matvana.com\/pl\/wp-json\/wp\/v2\/product\/20186\/revisions\/22188"}],"wp:featuredmedia":[{"embeddable":true,"href":"https:\/\/matvana.com\/pl\/wp-json\/wp\/v2\/media\/20181"}],"wp:attachment":[{"href":"https:\/\/matvana.com\/pl\/wp-json\/wp\/v2\/media?parent=20186"}],"wp:term":[{"taxonomy":"product_brand","embeddable":true,"href":"https:\/\/matvana.com\/pl\/wp-json\/wp\/v2\/product_brand?post=20186"},{"taxonomy":"product_cat","embeddable":true,"href":"https:\/\/matvana.com\/pl\/wp-json\/wp\/v2\/product_cat?post=20186"},{"taxonomy":"product_tag","embeddable":true,"href":"https:\/\/matvana.com\/pl\/wp-json\/wp\/v2\/product_tag?post=20186"}],"curies":[{"name":"wp","href":"https:\/\/api.w.org\/{rel}","templated":true}]}}