{"id":21817,"date":"2026-04-04T21:03:50","date_gmt":"2026-04-04T19:03:50","guid":{"rendered":"https:\/\/matvana.com\/product\/wooden-birthday-number-no-6\/"},"modified":"2026-04-19T18:02:09","modified_gmt":"2026-04-19T16:02:09","slug":"holz-geburtstagszahl-6-kerzenhalter","status":"publish","type":"product","link":"https:\/\/matvana.com\/nl\/product\/holz-geburtstagszahl-6-kerzenhalter\/","title":{"rendered":"Holz Geburtstagszahl 6 Kerzenhalter \u2013 dekorative Zahl aus Holz f\u00fcr Geburtstag &#038; Tischdeko ca. 6 x 8.5 x 10 cm"},"content":{"rendered":"<h4 data-start=\"702\" data-end=\"766\">Holz Geburtstagszahl 6 Kerzenhalter f\u00fcr besondere Momente<\/h4>\n<p data-start=\"767\" data-end=\"890\">Die Holz Geburtstagszahl 6 Kerzenhalter ist eine stilvolle und nat\u00fcrliche Dekoration f\u00fcr Geburtstage und besondere Anl\u00e4sse.<\/p>\n<hr data-start=\"892\" data-end=\"895\" \/>\n<h4 data-start=\"897\" data-end=\"945\">Perfekt f\u00fcr Geburtstage &amp; Feierlichkeiten<\/h4>\n<p data-start=\"946\" data-end=\"1085\">Ideal als Highlight auf dem Geburtstagstisch, auf Kuchen oder in dekorativen Arrangements \u2013 die Zahl 6 sorgt f\u00fcr einen pers\u00f6nlichen Akzent.<\/p>\n<hr data-start=\"1087\" data-end=\"1090\" \/>\n<h4 data-start=\"1092\" data-end=\"1140\">Handgefertigter Look aus nat\u00fcrlichem Holz<\/h4>\n<p data-start=\"1141\" data-end=\"1257\">Gefertigt aus Albesia Holz mit leichtem Vintage-Finish, bringt dieses Dekoelement W\u00e4rme und Charakter in jede Feier.<\/p>\n<hr data-start=\"1259\" data-end=\"1262\" \/>\n<h4 data-start=\"1264\" data-end=\"1309\">Vielseitig einsetzbar als Kerzenhalter<\/h4>\n<p data-start=\"1310\" data-end=\"1411\">Die integrierte \u00d6ffnung eignet sich perfekt f\u00fcr kleine Kerzen und schafft eine gem\u00fctliche Atmosph\u00e4re.<\/p>\n<hr data-start=\"1413\" data-end=\"1416\" \/>\n<h4 data-start=\"1418\" data-end=\"1447\">Stilvolle Geschenkidee<\/h4>\n<p data-start=\"1448\" data-end=\"1534\">Auch als Geschenk oder Erinnerungsst\u00fcck ist diese dekorative Zahl eine besondere Wahl.<\/p>\n<hr data-start=\"1536\" data-end=\"1539\" \/>\n<h4 data-start=\"1541\" data-end=\"1562\">Produktdetails<\/h4>\n<p data-start=\"1563\" data-end=\"1751\">Material: Albesia Holz<br data-start=\"1585\" data-end=\"1588\" \/>Farbe: Wei\u00df gewaschen \/ Vintage Look<br data-start=\"1624\" data-end=\"1627\" \/>Gr\u00f6\u00dfe: ca. 6 x 8.5 x 10 cm<br data-start=\"1653\" data-end=\"1656\" \/>Verwendung: Geburtstagsdeko | Kerzenhalter | Tischdekoration<br data-start=\"1716\" data-end=\"1719\" \/>Zahl: 6<br data-start=\"1726\" data-end=\"1729\" \/>Herkunft: Indonesien<\/p>\n<hr data-start=\"2312\" data-end=\"2315\" \/>\n<h4 data-start=\"413\" data-end=\"449\">Weitere Inspiration entdecken<\/h4>\n<p data-start=\"450\" data-end=\"582\">Suchen Sie weitere besondere Produkte? Entdecken Sie zus\u00e4tzliche Highlights in unserem Sortiment oder besuchen Sie unsere Partnerprojekte:<\/p>\n<ul data-start=\"584\" data-end=\"920\">\n<li><a href=\"https:\/\/matvana.com\/nl\/shop\/\">Stilvolle Wohn- &amp; Geschenkideen bei Matvana entdecken<\/a><\/li>\n<li data-start=\"657\" data-end=\"783\">\n<p data-start=\"659\" data-end=\"783\"><a href=\"https:\/\/honigbee.com\/shop\/\" target=\"_blank\" rel=\"noopener\">Nat\u00fcrliche Produkte bei Honigbee ansehen<br \/>\n<\/a><\/p>\n<\/li>\n<li><a href=\"https:\/\/saphirsmaragd.com\/shop\/\" target=\"_blank\" rel=\"noopener\">Edelsteine &amp; Schmuckst\u00fccke bei Saphir &amp; Smaragd entdecken<\/a><\/li>\n<\/ul>","protected":false},"excerpt":{"rendered":"<p data-start=\"405\" data-end=\"528\"><em>Holz Geburtstagszahl 6 Kerzenhalter \u2013 stilvolle Deko f\u00fcr Geburtstage, Kuchen oder Tischdekoration mit nat\u00fcrlichem Look.<\/em><\/p>","protected":false},"featured_media":21816,"comment_status":"open","ping_status":"closed","template":"","meta":{"_glsr_average":0,"_glsr_ranking":0,"_glsr_reviews":0},"product_brand":[],"product_cat":[206],"product_tag":[],"class_list":{"0":"post-21817","1":"product","2":"type-product","3":"status-publish","4":"has-post-thumbnail","6":"product_cat-kerzenhalter","8":"first","9":"instock","10":"taxable","11":"shipping-taxable","12":"purchasable","13":"product-type-simple"},"jetpack_sharing_enabled":true,"_links":{"self":[{"href":"https:\/\/matvana.com\/nl\/wp-json\/wp\/v2\/product\/21817","targetHints":{"allow":["GET"]}}],"collection":[{"href":"https:\/\/matvana.com\/nl\/wp-json\/wp\/v2\/product"}],"about":[{"href":"https:\/\/matvana.com\/nl\/wp-json\/wp\/v2\/types\/product"}],"replies":[{"embeddable":true,"href":"https:\/\/matvana.com\/nl\/wp-json\/wp\/v2\/comments?post=21817"}],"version-history":[{"count":3,"href":"https:\/\/matvana.com\/nl\/wp-json\/wp\/v2\/product\/21817\/revisions"}],"predecessor-version":[{"id":22765,"href":"https:\/\/matvana.com\/nl\/wp-json\/wp\/v2\/product\/21817\/revisions\/22765"}],"wp:featuredmedia":[{"embeddable":true,"href":"https:\/\/matvana.com\/nl\/wp-json\/wp\/v2\/media\/21816"}],"wp:attachment":[{"href":"https:\/\/matvana.com\/nl\/wp-json\/wp\/v2\/media?parent=21817"}],"wp:term":[{"taxonomy":"product_brand","embeddable":true,"href":"https:\/\/matvana.com\/nl\/wp-json\/wp\/v2\/product_brand?post=21817"},{"taxonomy":"product_cat","embeddable":true,"href":"https:\/\/matvana.com\/nl\/wp-json\/wp\/v2\/product_cat?post=21817"},{"taxonomy":"product_tag","embeddable":true,"href":"https:\/\/matvana.com\/nl\/wp-json\/wp\/v2\/product_tag?post=21817"}],"curies":[{"name":"wp","href":"https:\/\/api.w.org\/{rel}","templated":true}]}}