{"id":20460,"date":"2026-04-04T19:59:39","date_gmt":"2026-04-04T17:59:39","guid":{"rendered":"https:\/\/matvana.com\/product\/navy-blue-dinner-candle\/"},"modified":"2026-04-11T13:12:47","modified_gmt":"2026-04-11T11:12:47","slug":"stabkerzen-blau-set","status":"publish","type":"product","link":"https:\/\/matvana.com\/nl\/product\/stabkerzen-blau-set\/","title":{"rendered":"Stabkerzen Blau Set \u2013 Elegante Dinnerkerzen f\u00fcr Tischdeko und Ambiente, 0.29 kg, 21&#215;2 cm"},"content":{"rendered":"<h4 data-start=\"581\" data-end=\"633\">Stabkerzen Blau Set f\u00fcr stilvolle Tischdekoration<\/h4>\n<p data-start=\"634\" data-end=\"760\">Die Stabkerzen Blau sorgen f\u00fcr eine elegante und ruhige Atmosph\u00e4re. Ideal f\u00fcr moderne Tischdekorationen und besondere Anl\u00e4sse.<\/p>\n<hr data-start=\"762\" data-end=\"765\" \/>\n<h4 data-start=\"767\" data-end=\"811\">Zeitloses Design f\u00fcr jede Gelegenheit<\/h4>\n<p data-start=\"812\" data-end=\"870\">Mit ihrer klassischen Form passen diese Kerzen perfekt zu:<\/p>\n<ul data-start=\"871\" data-end=\"965\">\n<li data-section-id=\"1fqohy0\" data-start=\"871\" data-end=\"889\">Dinner-Abenden<\/li>\n<li data-section-id=\"1tgop7x\" data-start=\"890\" data-end=\"904\">Hochzeiten<\/li>\n<li data-section-id=\"1iyc7tj\" data-start=\"905\" data-end=\"915\">Events<\/li>\n<li data-section-id=\"8g9j0f\" data-start=\"916\" data-end=\"941\">festlicher Dekoration<\/li>\n<li data-section-id=\"ll7u7h\" data-start=\"942\" data-end=\"965\">gem\u00fctlichen Abenden<\/li>\n<\/ul>\n<hr data-start=\"967\" data-end=\"970\" \/>\n<h4 data-start=\"972\" data-end=\"1028\">Hochwertiges Material f\u00fcr gleichm\u00e4\u00dfiges Abbrennen<\/h4>\n<p data-start=\"1029\" data-end=\"1133\">Die Stabkerzen Blau bestehen aus Paraffinwachs und bieten ein sauberes und gleichm\u00e4\u00dfiges Brennverhalten.<\/p>\n<hr data-start=\"1135\" data-end=\"1138\" \/>\n<h4 data-start=\"1140\" data-end=\"1167\">Perfekt kombinierbar<\/h4>\n<p data-start=\"1168\" data-end=\"1283\">Diese Kerzen lassen sich hervorragend mit verschiedenen Kerzenhaltern kombinieren und setzen stilvolle Farbakzente.<\/p>\n<hr data-start=\"1285\" data-end=\"1288\" \/>\n<h4 data-start=\"1290\" data-end=\"1311\">Produktdetails<\/h4>\n<p data-start=\"1312\" data-end=\"1505\">Material: Paraffinwachs<br data-start=\"1335\" data-end=\"1338\" \/>Farbe: Blau<br data-start=\"1349\" data-end=\"1352\" \/>Ma\u00dfe: 21 x 2 cm<br data-start=\"1367\" data-end=\"1370\" \/>Gewicht: ca. 0.29 kg<br data-start=\"1390\" data-end=\"1393\" \/>Typ: Dinnerkerzen \/ Stabkerzen<br data-start=\"1423\" data-end=\"1426\" \/>Verwendung: Tischdeko, Events, Alltag<br data-start=\"1463\" data-end=\"1466\" \/>Besonderheit: Gleichm\u00e4\u00dfiges Abbrennen<\/p>\n<hr data-start=\"2147\" data-end=\"2150\" \/>\n<h4 data-start=\"413\" data-end=\"449\">Weitere Inspiration entdecken<\/h4>\n<p data-start=\"450\" data-end=\"582\">Suchen Sie weitere besondere Produkte? Entdecken Sie zus\u00e4tzliche Highlights in unserem Sortiment oder besuchen Sie unsere Partnerprojekte:<\/p>\n<ul data-start=\"584\" data-end=\"920\">\n<li><a href=\"https:\/\/matvana.com\/nl\/shop\/\">Stilvolle Wohn- &amp; Geschenkideen bei Matvana entdecken<\/a><\/li>\n<li data-start=\"657\" data-end=\"783\">\n<p data-start=\"659\" data-end=\"783\"><a href=\"https:\/\/honigbee.com\/shop\/\" target=\"_blank\" rel=\"noopener\">Nat\u00fcrliche Produkte bei Honigbee ansehen<br \/>\n<\/a><\/p>\n<\/li>\n<li><a href=\"https:\/\/saphirsmaragd.com\/shop\/\" target=\"_blank\" rel=\"noopener\">Edelsteine &amp; Schmuckst\u00fccke bei Saphir &amp; Smaragd entdecken<\/a><\/li>\n<\/ul>","protected":false},"excerpt":{"rendered":"<p data-start=\"311\" data-end=\"435\"><em>Stabkerzen Blau Set f\u00fcr stilvolle Tischdekoration. Hochwertige Dinnerkerzen f\u00fcr besondere Anl\u00e4sse und gem\u00fctliche Atmosph\u00e4re.<\/em><\/p>","protected":false},"featured_media":20458,"comment_status":"open","ping_status":"closed","template":"","meta":{"_glsr_average":0,"_glsr_ranking":0,"_glsr_reviews":0},"product_brand":[],"product_cat":[205],"product_tag":[],"class_list":{"0":"post-20460","1":"product","2":"type-product","3":"status-publish","4":"has-post-thumbnail","6":"product_cat-teelichter-sets","8":"first","9":"instock","10":"shipping-taxable","11":"purchasable","12":"product-type-simple"},"jetpack_sharing_enabled":true,"_links":{"self":[{"href":"https:\/\/matvana.com\/nl\/wp-json\/wp\/v2\/product\/20460","targetHints":{"allow":["GET"]}}],"collection":[{"href":"https:\/\/matvana.com\/nl\/wp-json\/wp\/v2\/product"}],"about":[{"href":"https:\/\/matvana.com\/nl\/wp-json\/wp\/v2\/types\/product"}],"replies":[{"embeddable":true,"href":"https:\/\/matvana.com\/nl\/wp-json\/wp\/v2\/comments?post=20460"}],"version-history":[{"count":3,"href":"https:\/\/matvana.com\/nl\/wp-json\/wp\/v2\/product\/20460\/revisions"}],"predecessor-version":[{"id":22319,"href":"https:\/\/matvana.com\/nl\/wp-json\/wp\/v2\/product\/20460\/revisions\/22319"}],"wp:featuredmedia":[{"embeddable":true,"href":"https:\/\/matvana.com\/nl\/wp-json\/wp\/v2\/media\/20458"}],"wp:attachment":[{"href":"https:\/\/matvana.com\/nl\/wp-json\/wp\/v2\/media?parent=20460"}],"wp:term":[{"taxonomy":"product_brand","embeddable":true,"href":"https:\/\/matvana.com\/nl\/wp-json\/wp\/v2\/product_brand?post=20460"},{"taxonomy":"product_cat","embeddable":true,"href":"https:\/\/matvana.com\/nl\/wp-json\/wp\/v2\/product_cat?post=20460"},{"taxonomy":"product_tag","embeddable":true,"href":"https:\/\/matvana.com\/nl\/wp-json\/wp\/v2\/product_tag?post=20460"}],"curies":[{"name":"wp","href":"https:\/\/api.w.org\/{rel}","templated":true}]}}