{"id":21046,"date":"2026-04-04T20:49:00","date_gmt":"2026-04-04T18:49:00","guid":{"rendered":"https:\/\/matvana.com\/product\/on-jasmine-wings-soy-pot-of-fragrance-candle\/"},"modified":"2026-04-16T19:54:14","modified_gmt":"2026-04-16T17:54:14","slug":"duftkerze-jasmin-glas-mit-korkdeckel","status":"publish","type":"product","link":"https:\/\/matvana.com\/lv\/product\/duftkerze-jasmin-glas-mit-korkdeckel\/","title":{"rendered":"Duftkerze Jasmin Glas mit Korkdeckel \u2013 Sojawachs Kerze im Glas \u201eOn Jasmine Wings\u201c 7.5&#215;5.5 cm"},"content":{"rendered":"<h4 data-start=\"587\" data-end=\"653\">Duftkerze Jasmin Glas mit Korkdeckel f\u00fcr entspannte Momente<\/h4>\n<p data-start=\"654\" data-end=\"819\">Die Duftkerze Jasmin Glas mit Korkdeckel schafft eine ruhige und angenehme Atmosph\u00e4re in Ihrem Zuhause. Der sanfte Jasminduft sorgt f\u00fcr Entspannung und Wohlbefinden.<\/p>\n<hr data-start=\"821\" data-end=\"824\" \/>\n<h4 data-start=\"826\" data-end=\"880\">Feiner Jasminduft f\u00fcr eine harmonische Stimmung<\/h4>\n<p data-start=\"881\" data-end=\"1029\">Der dezente, florale Duft von Jasmin wirkt beruhigend und bringt eine elegante Note in jeden Raum \u2013 ideal f\u00fcr entspannte Abende oder ruhige Momente.<\/p>\n<hr data-start=\"1031\" data-end=\"1034\" \/>\n<h4 data-start=\"1036\" data-end=\"1088\">Hochwertiges Sojawachs f\u00fcr sauberes Abbrennen<\/h4>\n<p data-start=\"1089\" data-end=\"1251\">Gefertigt aus nat\u00fcrlichem Sojawachs brennt die Kerze gleichm\u00e4\u00dfig und sauber, wodurch sie eine nachhaltige und hochwertige Alternative zu herk\u00f6mmlichen Kerzen ist.<\/p>\n<hr data-start=\"1253\" data-end=\"1256\" \/>\n<h4 data-start=\"1258\" data-end=\"1307\">Stilvolles Glas mit praktischem Korkdeckel<\/h4>\n<p data-start=\"1308\" data-end=\"1428\">Das dekorative Glasgef\u00e4\u00df mit Korkdeckel sch\u00fctzt die Kerze und macht sie gleichzeitig zu einem stilvollen Wohnaccessoire.<\/p>\n<hr data-start=\"1430\" data-end=\"1433\" \/>\n<h4 data-start=\"1435\" data-end=\"1478\">Perfekt als Geschenk oder Dekoration<\/h4>\n<p data-start=\"1479\" data-end=\"1624\">Die Duftkerze Jasmin Glas mit Korkdeckel eignet sich ideal als Geschenk oder als dekoratives Element f\u00fcr Wohnr\u00e4ume, Schlafzimmer oder Badezimmer.<\/p>\n<hr data-start=\"1626\" data-end=\"1629\" \/>\n<h4 data-start=\"1631\" data-end=\"1652\">Produktdetails<\/h4>\n<p data-start=\"1653\" data-end=\"1780\">Material: Sojawachs, Glas, Kork<br data-start=\"1684\" data-end=\"1687\" \/>Duft: Jasmin<br data-start=\"1699\" data-end=\"1702\" \/>Ma\u00dfe: 7.5 x 5.5 cm<br data-start=\"1720\" data-end=\"1723\" \/>Gewicht: ca. 0.12 kg<br data-start=\"1743\" data-end=\"1746\" \/>Herkunft: China<\/p>\n<hr data-start=\"2147\" data-end=\"2150\" \/>\n<h4 data-start=\"413\" data-end=\"449\">Weitere Inspiration entdecken<\/h4>\n<p data-start=\"450\" data-end=\"582\">Suchen Sie weitere besondere Produkte? Entdecken Sie zus\u00e4tzliche Highlights in unserem Sortiment oder besuchen Sie unsere Partnerprojekte:<\/p>\n<ul data-start=\"584\" data-end=\"920\">\n<li><a href=\"https:\/\/matvana.com\/lv\/shop\/\">Stilvolle Wohn- &amp; Geschenkideen bei Matvana entdecken<\/a><\/li>\n<li data-start=\"657\" data-end=\"783\">\n<p data-start=\"659\" data-end=\"783\"><a href=\"https:\/\/honigbee.com\/shop\/\" target=\"_blank\" rel=\"noopener\">Nat\u00fcrliche Produkte bei Honigbee ansehen<br \/>\n<\/a><\/p>\n<\/li>\n<li><a href=\"https:\/\/saphirsmaragd.com\/shop\/\" target=\"_blank\" rel=\"noopener\">Edelsteine &amp; Schmuckst\u00fccke bei Saphir &amp; Smaragd entdecken<\/a><\/li>\n<\/ul>","protected":false},"excerpt":{"rendered":"<p data-start=\"411\" data-end=\"546\"><em>Duftkerze Jasmin Glas mit Korkdeckel aus Sojawachs. Zarter Duft und stilvolles Design f\u00fcr entspannte Atmosph\u00e4re und dekorative Akzente.<\/em><\/p>","protected":false},"featured_media":21045,"comment_status":"open","ping_status":"closed","template":"","meta":{"_glsr_average":0,"_glsr_ranking":0,"_glsr_reviews":0},"product_brand":[],"product_cat":[202],"product_tag":[],"class_list":{"0":"post-21046","1":"product","2":"type-product","3":"status-publish","4":"has-post-thumbnail","6":"product_cat-duftkerzen","8":"first","9":"instock","10":"taxable","11":"shipping-taxable","12":"purchasable","13":"product-type-simple"},"jetpack_sharing_enabled":true,"_links":{"self":[{"href":"https:\/\/matvana.com\/lv\/wp-json\/wp\/v2\/product\/21046","targetHints":{"allow":["GET"]}}],"collection":[{"href":"https:\/\/matvana.com\/lv\/wp-json\/wp\/v2\/product"}],"about":[{"href":"https:\/\/matvana.com\/lv\/wp-json\/wp\/v2\/types\/product"}],"replies":[{"embeddable":true,"href":"https:\/\/matvana.com\/lv\/wp-json\/wp\/v2\/comments?post=21046"}],"version-history":[{"count":3,"href":"https:\/\/matvana.com\/lv\/wp-json\/wp\/v2\/product\/21046\/revisions"}],"predecessor-version":[{"id":22606,"href":"https:\/\/matvana.com\/lv\/wp-json\/wp\/v2\/product\/21046\/revisions\/22606"}],"wp:featuredmedia":[{"embeddable":true,"href":"https:\/\/matvana.com\/lv\/wp-json\/wp\/v2\/media\/21045"}],"wp:attachment":[{"href":"https:\/\/matvana.com\/lv\/wp-json\/wp\/v2\/media?parent=21046"}],"wp:term":[{"taxonomy":"product_brand","embeddable":true,"href":"https:\/\/matvana.com\/lv\/wp-json\/wp\/v2\/product_brand?post=21046"},{"taxonomy":"product_cat","embeddable":true,"href":"https:\/\/matvana.com\/lv\/wp-json\/wp\/v2\/product_cat?post=21046"},{"taxonomy":"product_tag","embeddable":true,"href":"https:\/\/matvana.com\/lv\/wp-json\/wp\/v2\/product_tag?post=21046"}],"curies":[{"name":"wp","href":"https:\/\/api.w.org\/{rel}","templated":true}]}}