{"id":21483,"date":"2026-04-04T20:56:46","date_gmt":"2026-04-04T18:56:46","guid":{"rendered":"https:\/\/matvana.com\/product\/votive-candle-provence\/"},"modified":"2026-04-19T16:52:11","modified_gmt":"2026-04-19T14:52:11","slug":"duftkerze-provence-sojawachs-glas","status":"publish","type":"product","link":"https:\/\/matvana.com\/lt\/product\/duftkerze-provence-sojawachs-glas\/","title":{"rendered":"Duftkerze Provence Sojawachs Glas \u2013 Premium Votivkerze mit Deckel 9.5&#215;9.5 cm"},"content":{"rendered":"<p data-start=\"670\" data-end=\"748\"><strong data-start=\"670\" data-end=\"748\">Duftkerze Provence Sojawachs Glas \u2013 Nat\u00fcrliche Entspannung f\u00fcr Ihr Zuhause<\/strong><\/p>\n<p data-start=\"750\" data-end=\"946\">Die Duftkerze Provence Sojawachs Glas sorgt f\u00fcr eine angenehme, beruhigende Atmosph\u00e4re und bringt den klassischen Provence-Duft in Ihr Zuhause. Ideal f\u00fcr entspannte Abende und stilvolle Wohnr\u00e4ume.<\/p>\n<hr data-start=\"948\" data-end=\"951\" \/>\n<p data-start=\"953\" data-end=\"985\"><strong data-start=\"953\" data-end=\"985\">Nat\u00fcrlich &amp; umweltfreundlich<\/strong><\/p>\n<p data-start=\"987\" data-end=\"1190\">Diese Duftkerze Provence Sojawachs Glas wird aus hochwertigem Sojawachs hergestellt und ist frei von Paraffin. Sie brennt sauber, gleichm\u00e4\u00dfig und ist eine nachhaltige Alternative zu herk\u00f6mmlichen Kerzen.<\/p>\n<hr data-start=\"1192\" data-end=\"1195\" \/>\n<p data-start=\"1197\" data-end=\"1232\"><strong data-start=\"1197\" data-end=\"1232\">Elegantes Glasdesign mit Deckel<\/strong><\/p>\n<p data-start=\"1234\" data-end=\"1394\">Das schlichte Glas mit Deckel sch\u00fctzt die Kerze und sorgt gleichzeitig f\u00fcr ein modernes und hochwertiges Erscheinungsbild. Perfekt als Dekoration oder Geschenk.<\/p>\n<hr data-start=\"1396\" data-end=\"1399\" \/>\n<p data-start=\"1401\" data-end=\"1425\"><strong data-start=\"1401\" data-end=\"1425\">Langanhaltender Duft<\/strong><\/p>\n<p data-start=\"1427\" data-end=\"1582\">Die Duftkerze Provence Sojawachs Glas \u00fcberzeugt durch hochwertige Duft\u00f6le und eine lange Brenndauer von bis zu 40 Stunden \u2013 f\u00fcr langanhaltende Entspannung.<\/p>\n<hr data-start=\"1584\" data-end=\"1587\" \/>\n<p data-start=\"1589\" data-end=\"1614\"><strong data-start=\"1589\" data-end=\"1614\">Vielseitig einsetzbar<\/strong><\/p>\n<p data-start=\"1616\" data-end=\"1729\">Ob im Wohnzimmer, Schlafzimmer oder als Geschenk \u2013 diese Kerze bringt W\u00e4rme, Stil und Wohlbefinden in jeden Raum.<\/p>\n<hr data-start=\"1731\" data-end=\"1734\" \/>\n<h4 data-section-id=\"1h9hqnb\" data-start=\"1736\" data-end=\"1758\"><span role=\"text\"><strong data-start=\"1740\" data-end=\"1758\">Produktdetails<\/strong><\/span><\/h4>\n<p data-start=\"1760\" data-end=\"1921\">Material: Sojawachs \/ Glas<br data-start=\"1786\" data-end=\"1789\" \/>Duft: Provence<br data-start=\"1803\" data-end=\"1806\" \/>Farbe: Wei\u00df<br data-start=\"1817\" data-end=\"1820\" \/>Gr\u00f6\u00dfe: 9.5 x 9.5 x 9.5 cm<br data-start=\"1845\" data-end=\"1848\" \/>Brenndauer: ca. 40 Stunden<br data-start=\"1874\" data-end=\"1877\" \/>Besonderheit: Mit Deckel<br data-start=\"1901\" data-end=\"1904\" \/>Herkunft: China<\/p>\n<hr data-start=\"2312\" data-end=\"2315\" \/>\n<h4 data-start=\"413\" data-end=\"449\">Weitere Inspiration entdecken<\/h4>\n<p data-start=\"450\" data-end=\"582\">Suchen Sie weitere besondere Produkte? Entdecken Sie zus\u00e4tzliche Highlights in unserem Sortiment oder besuchen Sie unsere Partnerprojekte:<\/p>\n<ul data-start=\"584\" data-end=\"920\">\n<li><a href=\"https:\/\/matvana.com\/lt\/shop\/\">Stilvolle Wohn- &amp; Geschenkideen bei Matvana entdecken<\/a><\/li>\n<li data-start=\"657\" data-end=\"783\">\n<p data-start=\"659\" data-end=\"783\"><a href=\"https:\/\/honigbee.com\/shop\/\" target=\"_blank\" rel=\"noopener\">Nat\u00fcrliche Produkte bei Honigbee ansehen<br \/>\n<\/a><\/p>\n<\/li>\n<li><a href=\"https:\/\/saphirsmaragd.com\/shop\/\" target=\"_blank\" rel=\"noopener\">Edelsteine &amp; Schmuckst\u00fccke bei Saphir &amp; Smaragd entdecken<\/a><\/li>\n<\/ul>","protected":false},"excerpt":{"rendered":"<p data-start=\"378\" data-end=\"529\"><em>Duftkerze Provence Sojawachs Glas mit nat\u00fcrlichem Duft. Premium Votivkerze im Glas mit Deckel, bis zu 40h Brenndauer \u2013 stilvoll &amp; umweltfreundlich.<\/em><\/p>","protected":false},"featured_media":21478,"comment_status":"open","ping_status":"closed","template":"","meta":{"_glsr_average":0,"_glsr_ranking":0,"_glsr_reviews":0},"product_brand":[],"product_cat":[202],"product_tag":[],"class_list":{"0":"post-21483","1":"product","2":"type-product","3":"status-publish","4":"has-post-thumbnail","6":"product_cat-duftkerzen","8":"first","9":"instock","10":"taxable","11":"shipping-taxable","12":"purchasable","13":"product-type-simple"},"jetpack_sharing_enabled":true,"_links":{"self":[{"href":"https:\/\/matvana.com\/lt\/wp-json\/wp\/v2\/product\/21483","targetHints":{"allow":["GET"]}}],"collection":[{"href":"https:\/\/matvana.com\/lt\/wp-json\/wp\/v2\/product"}],"about":[{"href":"https:\/\/matvana.com\/lt\/wp-json\/wp\/v2\/types\/product"}],"replies":[{"embeddable":true,"href":"https:\/\/matvana.com\/lt\/wp-json\/wp\/v2\/comments?post=21483"}],"version-history":[{"count":4,"href":"https:\/\/matvana.com\/lt\/wp-json\/wp\/v2\/product\/21483\/revisions"}],"predecessor-version":[{"id":22701,"href":"https:\/\/matvana.com\/lt\/wp-json\/wp\/v2\/product\/21483\/revisions\/22701"}],"wp:featuredmedia":[{"embeddable":true,"href":"https:\/\/matvana.com\/lt\/wp-json\/wp\/v2\/media\/21478"}],"wp:attachment":[{"href":"https:\/\/matvana.com\/lt\/wp-json\/wp\/v2\/media?parent=21483"}],"wp:term":[{"taxonomy":"product_brand","embeddable":true,"href":"https:\/\/matvana.com\/lt\/wp-json\/wp\/v2\/product_brand?post=21483"},{"taxonomy":"product_cat","embeddable":true,"href":"https:\/\/matvana.com\/lt\/wp-json\/wp\/v2\/product_cat?post=21483"},{"taxonomy":"product_tag","embeddable":true,"href":"https:\/\/matvana.com\/lt\/wp-json\/wp\/v2\/product_tag?post=21483"}],"curies":[{"name":"wp","href":"https:\/\/api.w.org\/{rel}","templated":true}]}}