{"id":20842,"date":"2026-04-04T20:14:59","date_gmt":"2026-04-04T18:14:59","guid":{"rendered":"https:\/\/matvana.com\/product\/natural-floral-glass-tall-vase-candle-holder-pino-19x11cm\/"},"modified":"2026-04-11T13:04:22","modified_gmt":"2026-04-11T11:04:22","slug":"glas-kerzenhalter-mit-getrockneten-blaettern","status":"publish","type":"product","link":"https:\/\/matvana.com\/lt\/product\/glas-kerzenhalter-mit-getrockneten-blaettern\/","title":{"rendered":"Glas Kerzenhalter mit getrockneten Bl\u00e4ttern \u2013 Hoher Vasen Kerzenhalter Pino aus recyceltem Glas 19&#215;11 cm"},"content":{"rendered":"<h4 data-start=\"681\" data-end=\"754\">Glas Kerzenhalter mit getrockneten Bl\u00e4ttern f\u00fcr nat\u00fcrliche Eleganz<\/h4>\n<p data-start=\"755\" data-end=\"908\">Dieser Glas Kerzenhalter mit getrockneten Bl\u00e4ttern bringt die ruhige Sch\u00f6nheit der Natur in Ihr Zuhause und sorgt f\u00fcr eine warme, harmonische Atmosph\u00e4re.<\/p>\n<hr data-start=\"910\" data-end=\"913\" \/>\n<h4 data-start=\"915\" data-end=\"966\">Einzigartiges Design mit echten Naturdetails<\/h4>\n<p data-start=\"967\" data-end=\"1117\">Im klaren Glas sind echte getrocknete Bl\u00e4tter eingearbeitet, die jedes St\u00fcck zu einem besonderen Blickfang machen und ein sanftes Lichtspiel erzeugen.<\/p>\n<hr data-start=\"1119\" data-end=\"1122\" \/>\n<h4 data-start=\"1124\" data-end=\"1176\">Vielseitig als Kerzenhalter oder Vase nutzbar<\/h4>\n<p data-start=\"1177\" data-end=\"1314\">Dank der hohen Form eignet sich das Produkt ideal sowohl als dekorativer Kerzenhalter als auch als stilvolle Vase f\u00fcr Blumenarrangements.<\/p>\n<hr data-start=\"1316\" data-end=\"1319\" \/>\n<h4 data-start=\"1321\" data-end=\"1362\">Perfekt f\u00fcr stilvolle Wohnkonzepte<\/h4>\n<p data-start=\"1364\" data-end=\"1385\">Ideal geeignet f\u00fcr:<\/p>\n<p data-start=\"1387\" data-end=\"1512\">\u2022 Wohnzimmer &amp; Esstisch<br data-start=\"1410\" data-end=\"1413\" \/>\u2022 Nat\u00fcrliche &amp; moderne Einrichtung<br data-start=\"1447\" data-end=\"1450\" \/>\u2022 Boho &amp; skandinavischer Stil<br data-start=\"1479\" data-end=\"1482\" \/>\u2022 Geschenkideen &amp; Dekoration<\/p>\n<hr data-start=\"1514\" data-end=\"1517\" \/>\n<h4 data-start=\"1519\" data-end=\"1540\">Produktdetails<\/h4>\n<p data-start=\"1542\" data-end=\"1703\">Material: Recyceltes Glas<br data-start=\"1567\" data-end=\"1570\" \/>Ma\u00dfe: 19 x 11 cm<br data-start=\"1586\" data-end=\"1589\" \/>Farbe: Transparent mit Naturblatt-Design<br data-start=\"1629\" data-end=\"1632\" \/>Herkunft: Indonesien<br data-start=\"1652\" data-end=\"1655\" \/>Besonderheit: Mit echten getrockneten Bl\u00e4ttern<\/p>\n<hr data-start=\"2147\" data-end=\"2150\" \/>\n<h4 data-start=\"413\" data-end=\"449\">Weitere Inspiration entdecken<\/h4>\n<p data-start=\"450\" data-end=\"582\">Suchen Sie weitere besondere Produkte? Entdecken Sie zus\u00e4tzliche Highlights in unserem Sortiment oder besuchen Sie unsere Partnerprojekte:<\/p>\n<ul data-start=\"584\" data-end=\"920\">\n<li><a href=\"https:\/\/matvana.com\/lt\/shop\/\">Stilvolle Wohn- &amp; Geschenkideen bei Matvana entdecken<\/a><\/li>\n<li data-start=\"657\" data-end=\"783\">\n<p data-start=\"659\" data-end=\"783\"><a href=\"https:\/\/honigbee.com\/shop\/\" target=\"_blank\" rel=\"noopener\">Nat\u00fcrliche Produkte bei Honigbee ansehen<br \/>\n<\/a><\/p>\n<\/li>\n<li><a href=\"https:\/\/saphirsmaragd.com\/shop\/\" target=\"_blank\" rel=\"noopener\">Edelsteine &amp; Schmuckst\u00fccke bei Saphir &amp; Smaragd entdecken<\/a><\/li>\n<\/ul>","protected":false},"excerpt":{"rendered":"<p data-start=\"484\" data-end=\"627\"><em>Glas Kerzenhalter mit getrockneten Bl\u00e4ttern aus recyceltem Glas \u2013 stilvoller hoher Vasen Kerzenhalter f\u00fcr nat\u00fcrliche Wohn- und Tischdekoration.<\/em><\/p>","protected":false},"featured_media":20833,"comment_status":"open","ping_status":"closed","template":"","meta":{"_glsr_average":0,"_glsr_ranking":0,"_glsr_reviews":0},"product_brand":[],"product_cat":[206],"product_tag":[],"class_list":{"0":"post-20842","1":"product","2":"type-product","3":"status-publish","4":"has-post-thumbnail","6":"product_cat-kerzenhalter","8":"first","9":"instock","10":"taxable","11":"shipping-taxable","12":"purchasable","13":"product-type-simple"},"jetpack_sharing_enabled":true,"_links":{"self":[{"href":"https:\/\/matvana.com\/lt\/wp-json\/wp\/v2\/product\/20842","targetHints":{"allow":["GET"]}}],"collection":[{"href":"https:\/\/matvana.com\/lt\/wp-json\/wp\/v2\/product"}],"about":[{"href":"https:\/\/matvana.com\/lt\/wp-json\/wp\/v2\/types\/product"}],"replies":[{"embeddable":true,"href":"https:\/\/matvana.com\/lt\/wp-json\/wp\/v2\/comments?post=20842"}],"version-history":[{"count":3,"href":"https:\/\/matvana.com\/lt\/wp-json\/wp\/v2\/product\/20842\/revisions"}],"predecessor-version":[{"id":22494,"href":"https:\/\/matvana.com\/lt\/wp-json\/wp\/v2\/product\/20842\/revisions\/22494"}],"wp:featuredmedia":[{"embeddable":true,"href":"https:\/\/matvana.com\/lt\/wp-json\/wp\/v2\/media\/20833"}],"wp:attachment":[{"href":"https:\/\/matvana.com\/lt\/wp-json\/wp\/v2\/media?parent=20842"}],"wp:term":[{"taxonomy":"product_brand","embeddable":true,"href":"https:\/\/matvana.com\/lt\/wp-json\/wp\/v2\/product_brand?post=20842"},{"taxonomy":"product_cat","embeddable":true,"href":"https:\/\/matvana.com\/lt\/wp-json\/wp\/v2\/product_cat?post=20842"},{"taxonomy":"product_tag","embeddable":true,"href":"https:\/\/matvana.com\/lt\/wp-json\/wp\/v2\/product_tag?post=20842"}],"curies":[{"name":"wp","href":"https:\/\/api.w.org\/{rel}","templated":true}]}}