{"id":20454,"date":"2026-04-04T19:59:28","date_gmt":"2026-04-04T17:59:28","guid":{"rendered":"https:\/\/matvana.com\/product\/citrus-yellow-dinner-candle\/"},"modified":"2026-04-11T13:13:18","modified_gmt":"2026-04-11T11:13:18","slug":"stabkerzen-gelb-set","status":"publish","type":"product","link":"https:\/\/matvana.com\/lt\/product\/stabkerzen-gelb-set\/","title":{"rendered":"Stabkerzen Gelb Set \u2013 Elegante Dinnerkerzen f\u00fcr Tischdekoration &#038; Atmosph\u00e4re, 0.058 kg, 21&#215;2 cm"},"content":{"rendered":"<h4 data-start=\"619\" data-end=\"682\">Stabkerzen Gelb Set f\u00fcr warme und stilvolle Lichtmomente<\/h4>\n<p data-start=\"683\" data-end=\"849\">Das Stabkerzen Gelb Set sorgt f\u00fcr eine angenehme und warme Atmosph\u00e4re in Ihrem Zuhause. Die leuchtende gelbe Farbe bringt Frische und Eleganz in jede Tischdekoration.<\/p>\n<hr data-start=\"851\" data-end=\"854\" \/>\n<h4 data-start=\"856\" data-end=\"908\">Klassisches Design f\u00fcr vielseitige Dekoration<\/h4>\n<p data-start=\"909\" data-end=\"1064\">Diese eleganten Dinnerkerzen \u00fcberzeugen durch ihre schlanke Form und ihr zeitloses Design. Perfekt geeignet f\u00fcr moderne sowie klassische Einrichtungsstile.<\/p>\n<hr data-start=\"1066\" data-end=\"1069\" \/>\n<h4 data-start=\"1071\" data-end=\"1100\">Ideal f\u00fcr jeden Anlass<\/h4>\n<p data-start=\"1101\" data-end=\"1154\">Das Stabkerzen Gelb Set eignet sich hervorragend f\u00fcr:<\/p>\n<ul data-start=\"1155\" data-end=\"1259\">\n<li data-section-id=\"1uuiig7\" data-start=\"1155\" data-end=\"1174\">Tischdekoration<\/li>\n<li data-section-id=\"8uwfhn\" data-start=\"1175\" data-end=\"1194\">Dinner &amp; Events<\/li>\n<li data-section-id=\"1tgop7x\" data-start=\"1195\" data-end=\"1209\">Hochzeiten<\/li>\n<li data-section-id=\"1o5atoj\" data-start=\"1210\" data-end=\"1237\">Wohnzimmer &amp; Essbereich<\/li>\n<li data-section-id=\"1ch5xu1\" data-start=\"1238\" data-end=\"1259\">besondere Anl\u00e4sse<\/li>\n<\/ul>\n<hr data-start=\"1261\" data-end=\"1264\" \/>\n<h4 data-start=\"1266\" data-end=\"1310\">Stimmungsvolles Licht f\u00fcr Ihr Zuhause<\/h4>\n<p data-start=\"1311\" data-end=\"1401\">Die Kerzen schaffen eine gem\u00fctliche Atmosph\u00e4re und setzen stilvolle Akzente in jedem Raum.<\/p>\n<hr data-start=\"1403\" data-end=\"1406\" \/>\n<h4 data-start=\"1408\" data-end=\"1429\">Produktdetails<\/h4>\n<p data-start=\"1430\" data-end=\"1638\">Material: Paraffin<br data-start=\"1448\" data-end=\"1451\" \/>Ma\u00dfe: 21 x 2 cm<br data-start=\"1466\" data-end=\"1469\" \/>Gewicht: ca. 0.058 kg<br data-start=\"1490\" data-end=\"1493\" \/>Verwendung: Stabkerzen \/ Dinnerkerzen \/ Dekoration<br data-start=\"1543\" data-end=\"1546\" \/>Besonderheit: Leuchtende Farbe, gleichm\u00e4\u00dfiges Abbrennen<br data-start=\"1601\" data-end=\"1604\" \/>Stil: Klassisch, Elegant, Modern<\/p>\n<hr data-start=\"2147\" data-end=\"2150\" \/>\n<h4 data-start=\"413\" data-end=\"449\">Weitere Inspiration entdecken<\/h4>\n<p data-start=\"450\" data-end=\"582\">Suchen Sie weitere besondere Produkte? Entdecken Sie zus\u00e4tzliche Highlights in unserem Sortiment oder besuchen Sie unsere Partnerprojekte:<\/p>\n<ul data-start=\"584\" data-end=\"920\">\n<li><a href=\"https:\/\/matvana.com\/lt\/shop\/\">Stilvolle Wohn- &amp; Geschenkideen bei Matvana entdecken<\/a><\/li>\n<li data-start=\"657\" data-end=\"783\">\n<p data-start=\"659\" data-end=\"783\"><a href=\"https:\/\/honigbee.com\/shop\/\" target=\"_blank\" rel=\"noopener\">Nat\u00fcrliche Produkte bei Honigbee ansehen<br \/>\n<\/a><\/p>\n<\/li>\n<li><a href=\"https:\/\/saphirsmaragd.com\/shop\/\" target=\"_blank\" rel=\"noopener\">Edelsteine &amp; Schmuckst\u00fccke bei Saphir &amp; Smaragd entdecken<\/a><\/li>\n<\/ul>","protected":false},"excerpt":{"rendered":"<p data-start=\"342\" data-end=\"462\"><em>Stabkerzen Gelb Set f\u00fcr stilvolle Tischdekoration. Elegante Dinnerkerzen f\u00fcr warme Atmosph\u00e4re und besondere Anl\u00e4sse.<\/em><\/p>","protected":false},"featured_media":20453,"comment_status":"open","ping_status":"closed","template":"","meta":{"_glsr_average":0,"_glsr_ranking":0,"_glsr_reviews":0},"product_brand":[],"product_cat":[205],"product_tag":[],"class_list":{"0":"post-20454","1":"product","2":"type-product","3":"status-publish","4":"has-post-thumbnail","6":"product_cat-teelichter-sets","8":"first","9":"instock","10":"taxable","11":"shipping-taxable","12":"purchasable","13":"product-type-simple"},"jetpack_sharing_enabled":true,"_links":{"self":[{"href":"https:\/\/matvana.com\/lt\/wp-json\/wp\/v2\/product\/20454","targetHints":{"allow":["GET"]}}],"collection":[{"href":"https:\/\/matvana.com\/lt\/wp-json\/wp\/v2\/product"}],"about":[{"href":"https:\/\/matvana.com\/lt\/wp-json\/wp\/v2\/types\/product"}],"replies":[{"embeddable":true,"href":"https:\/\/matvana.com\/lt\/wp-json\/wp\/v2\/comments?post=20454"}],"version-history":[{"count":3,"href":"https:\/\/matvana.com\/lt\/wp-json\/wp\/v2\/product\/20454\/revisions"}],"predecessor-version":[{"id":22313,"href":"https:\/\/matvana.com\/lt\/wp-json\/wp\/v2\/product\/20454\/revisions\/22313"}],"wp:featuredmedia":[{"embeddable":true,"href":"https:\/\/matvana.com\/lt\/wp-json\/wp\/v2\/media\/20453"}],"wp:attachment":[{"href":"https:\/\/matvana.com\/lt\/wp-json\/wp\/v2\/media?parent=20454"}],"wp:term":[{"taxonomy":"product_brand","embeddable":true,"href":"https:\/\/matvana.com\/lt\/wp-json\/wp\/v2\/product_brand?post=20454"},{"taxonomy":"product_cat","embeddable":true,"href":"https:\/\/matvana.com\/lt\/wp-json\/wp\/v2\/product_cat?post=20454"},{"taxonomy":"product_tag","embeddable":true,"href":"https:\/\/matvana.com\/lt\/wp-json\/wp\/v2\/product_tag?post=20454"}],"curies":[{"name":"wp","href":"https:\/\/api.w.org\/{rel}","templated":true}]}}