{"id":21203,"date":"2026-04-04T20:51:57","date_gmt":"2026-04-04T18:51:57","guid":{"rendered":"https:\/\/matvana.com\/product\/natural-riverstone-candle-holder-standing-stone-cut\/"},"modified":"2026-04-18T17:23:00","modified_gmt":"2026-04-18T15:23:00","slug":"stehender-stein-kerzenhalter-riverstone","status":"publish","type":"product","link":"https:\/\/matvana.com\/it\/product\/stehender-stein-kerzenhalter-riverstone\/","title":{"rendered":"Stehender Stein Kerzenhalter Riverstone \u2013 Teelichthalter Naturstein (ca. 20\u201325cm)"},"content":{"rendered":"<h4 data-start=\"748\" data-end=\"815\">Stehender Stein Kerzenhalter Riverstone als Design-Statement<\/h4>\n<p data-start=\"816\" data-end=\"961\">Dieser stehende Stein Kerzenhalter Riverstone ist mehr als nur ein Lichtobjekt \u2013 er ist ein echtes Statement f\u00fcr modernes und nat\u00fcrliches Wohnen.<\/p>\n<hr data-start=\"963\" data-end=\"966\" \/>\n<h4 data-start=\"968\" data-end=\"1008\">Gefertigt aus massivem Naturstein<\/h4>\n<p data-start=\"1009\" data-end=\"1140\">Hergestellt aus echtem Riverstone, \u00fcberzeugt dieser Kerzenhalter durch seine robuste Qualit\u00e4t und einzigartige nat\u00fcrliche Struktur.<\/p>\n<hr data-start=\"1142\" data-end=\"1145\" \/>\n<h4 data-start=\"1147\" data-end=\"1182\">Skulpturales Standing Design<\/h4>\n<p data-start=\"1183\" data-end=\"1305\">Das aufrechte Design macht den Kerzenhalter zu einem besonderen Blickfang auf Tischen, Sideboards oder im Eingangsbereich.<\/p>\n<hr data-start=\"1307\" data-end=\"1310\" \/>\n<h4 data-start=\"1312\" data-end=\"1353\">Perfekt f\u00fcr stilvolle Lichtakzente<\/h4>\n<p data-start=\"1354\" data-end=\"1463\">Ideal f\u00fcr Teelichter oder kleine Kerzen, erzeugt er ein warmes, ruhiges Licht und eine entspannte Atmosph\u00e4re.<\/p>\n<hr data-start=\"1465\" data-end=\"1468\" \/>\n<h4 data-start=\"1470\" data-end=\"1499\">Jedes St\u00fcck ein Unikat<\/h4>\n<p data-start=\"1500\" data-end=\"1609\">Durch die nat\u00fcrliche Form des Steins ist jeder Kerzenhalter einzigartig und besitzt seinen eigenen Charakter.<\/p>\n<hr data-start=\"1611\" data-end=\"1614\" \/>\n<h4 data-start=\"1616\" data-end=\"1637\">Produktdetails<\/h4>\n<p data-start=\"1638\" data-end=\"1772\">Material: Naturstein (Riverstone)<br data-start=\"1671\" data-end=\"1674\" \/>Design: Stehend \/ Skulptur<br data-start=\"1700\" data-end=\"1703\" \/>Ma\u00dfe: ca. 20\u201325 cm H\u00f6he<br data-start=\"1726\" data-end=\"1729\" \/>Gewicht: ca. 2.68 kg<br data-start=\"1749\" data-end=\"1752\" \/>Herkunft: Indonesien<\/p>\n<hr data-start=\"2147\" data-end=\"2150\" \/>\n<h4 data-start=\"413\" data-end=\"449\">Weitere Inspiration entdecken<\/h4>\n<p data-start=\"450\" data-end=\"582\">Suchen Sie weitere besondere Produkte? Entdecken Sie zus\u00e4tzliche Highlights in unserem Sortiment oder besuchen Sie unsere Partnerprojekte:<\/p>\n<ul data-start=\"584\" data-end=\"920\">\n<li><a href=\"https:\/\/matvana.com\/it\/shop\/\">Stilvolle Wohn- &amp; Geschenkideen bei Matvana entdecken<\/a><\/li>\n<li data-start=\"657\" data-end=\"783\">\n<p data-start=\"659\" data-end=\"783\"><a href=\"https:\/\/honigbee.com\/shop\/\" target=\"_blank\" rel=\"noopener\">Nat\u00fcrliche Produkte bei Honigbee ansehen<br \/>\n<\/a><\/p>\n<\/li>\n<li><a href=\"https:\/\/saphirsmaragd.com\/shop\/\" target=\"_blank\" rel=\"noopener\">Edelsteine &amp; Schmuckst\u00fccke bei Saphir &amp; Smaragd entdecken<\/a><\/li>\n<\/ul>","protected":false},"excerpt":{"rendered":"<p data-start=\"458\" data-end=\"598\"><em>Stehender Stein Kerzenhalter Riverstone aus massivem Naturstein. Stilvoller Teelichthalter im skulpturalen Design f\u00fcr moderne Wohnr\u00e4ume.<\/em><\/p>","protected":false},"featured_media":21194,"comment_status":"open","ping_status":"closed","template":"","meta":{"_glsr_average":0,"_glsr_ranking":0,"_glsr_reviews":0},"product_brand":[],"product_cat":[206],"product_tag":[],"class_list":{"0":"post-21203","1":"product","2":"type-product","3":"status-publish","4":"has-post-thumbnail","6":"product_cat-kerzenhalter","8":"first","9":"instock","10":"taxable","11":"shipping-taxable","12":"purchasable","13":"product-type-simple"},"jetpack_sharing_enabled":true,"_links":{"self":[{"href":"https:\/\/matvana.com\/it\/wp-json\/wp\/v2\/product\/21203","targetHints":{"allow":["GET"]}}],"collection":[{"href":"https:\/\/matvana.com\/it\/wp-json\/wp\/v2\/product"}],"about":[{"href":"https:\/\/matvana.com\/it\/wp-json\/wp\/v2\/types\/product"}],"replies":[{"embeddable":true,"href":"https:\/\/matvana.com\/it\/wp-json\/wp\/v2\/comments?post=21203"}],"version-history":[{"count":3,"href":"https:\/\/matvana.com\/it\/wp-json\/wp\/v2\/product\/21203\/revisions"}],"predecessor-version":[{"id":22634,"href":"https:\/\/matvana.com\/it\/wp-json\/wp\/v2\/product\/21203\/revisions\/22634"}],"wp:featuredmedia":[{"embeddable":true,"href":"https:\/\/matvana.com\/it\/wp-json\/wp\/v2\/media\/21194"}],"wp:attachment":[{"href":"https:\/\/matvana.com\/it\/wp-json\/wp\/v2\/media?parent=21203"}],"wp:term":[{"taxonomy":"product_brand","embeddable":true,"href":"https:\/\/matvana.com\/it\/wp-json\/wp\/v2\/product_brand?post=21203"},{"taxonomy":"product_cat","embeddable":true,"href":"https:\/\/matvana.com\/it\/wp-json\/wp\/v2\/product_cat?post=21203"},{"taxonomy":"product_tag","embeddable":true,"href":"https:\/\/matvana.com\/it\/wp-json\/wp\/v2\/product_tag?post=21203"}],"curies":[{"name":"wp","href":"https:\/\/api.w.org\/{rel}","templated":true}]}}