{"id":21060,"date":"2026-04-04T20:49:30","date_gmt":"2026-04-04T18:49:30","guid":{"rendered":"https:\/\/matvana.com\/product\/natural-floral-glass-straight-candle-holder-primavera-8x8cm\/"},"modified":"2026-04-16T19:57:21","modified_gmt":"2026-04-16T17:57:21","slug":"glas-kerzenhalter-mit-blumen-primavera","status":"publish","type":"product","link":"https:\/\/matvana.com\/hu\/product\/glas-kerzenhalter-mit-blumen-primavera\/","title":{"rendered":"Glas Kerzenhalter mit Blumen Primavera \u2013 Straight Candle Holder aus recyceltem Glas 8&#215;8 cm"},"content":{"rendered":"<h4 data-start=\"640\" data-end=\"711\">Glas Kerzenhalter mit Blumen Primavera f\u00fcr nat\u00fcrliche Dekoration<\/h4>\n<p data-start=\"712\" data-end=\"865\">Der Glas Kerzenhalter mit Blumen Primavera verbindet stilvolles Design mit der Sch\u00f6nheit echter, getrockneter Bl\u00fcten und sorgt f\u00fcr eine warme Atmosph\u00e4re.<\/p>\n<hr data-start=\"867\" data-end=\"870\" \/>\n<h4 data-start=\"872\" data-end=\"911\">Echte Bl\u00fcten im Glas eingebettet<\/h4>\n<p data-start=\"912\" data-end=\"1050\">Feine Bl\u00e4tter und Bl\u00fcten in sanften Naturt\u00f6nen sind direkt im Glas eingefasst und machen jeden Kerzenhalter zu einem einzigartigen Unikat.<\/p>\n<hr data-start=\"1052\" data-end=\"1055\" \/>\n<h4 data-start=\"1057\" data-end=\"1105\">Nachhaltiges Material aus recyceltem Glas<\/h4>\n<p data-start=\"1106\" data-end=\"1215\">Hergestellt aus recyceltem Glas steht dieser Kerzenhalter f\u00fcr umweltbewusstes Design und langlebige Qualit\u00e4t.<\/p>\n<hr data-start=\"1217\" data-end=\"1220\" \/>\n<h4 data-start=\"1222\" data-end=\"1271\">Dezentes Lichtspiel f\u00fcr gem\u00fctliche Momente<\/h4>\n<p data-start=\"1272\" data-end=\"1382\">Die gerade Form sorgt f\u00fcr eine gleichm\u00e4\u00dfige Lichtverteilung und schafft ein angenehmes, beruhigendes Ambiente.<\/p>\n<hr data-start=\"1384\" data-end=\"1387\" \/>\n<h4 data-start=\"1389\" data-end=\"1432\">Vielseitig einsetzbar im Wohnbereich<\/h4>\n<p data-start=\"1433\" data-end=\"1525\">Ideal f\u00fcr Wohnzimmer, Schlafzimmer oder als Tischdekoration \u2013 perfekt auch als Geschenkidee.<\/p>\n<hr data-start=\"1527\" data-end=\"1530\" \/>\n<h4 data-start=\"1532\" data-end=\"1553\">Produktdetails<\/h4>\n<p data-start=\"1554\" data-end=\"1703\">Material: Recyceltes Glas<br data-start=\"1579\" data-end=\"1582\" \/>Design: Echte getrocknete Bl\u00fcten (Primavera)<br data-start=\"1626\" data-end=\"1629\" \/>Ma\u00dfe: 8 x 8 cm<br data-start=\"1643\" data-end=\"1646\" \/>Gewicht: ca. 0.13 kg<br data-start=\"1666\" data-end=\"1669\" \/>Herkunft: China<\/p>\n<hr data-start=\"2147\" data-end=\"2150\" \/>\n<h4 data-start=\"413\" data-end=\"449\">Weitere Inspiration entdecken<\/h4>\n<p data-start=\"450\" data-end=\"582\">Suchen Sie weitere besondere Produkte? Entdecken Sie zus\u00e4tzliche Highlights in unserem Sortiment oder besuchen Sie unsere Partnerprojekte:<\/p>\n<ul data-start=\"584\" data-end=\"920\">\n<li><a href=\"https:\/\/matvana.com\/hu\/shop\/\">Stilvolle Wohn- &amp; Geschenkideen bei Matvana entdecken<\/a><\/li>\n<li data-start=\"657\" data-end=\"783\">\n<p data-start=\"659\" data-end=\"783\"><a href=\"https:\/\/honigbee.com\/shop\/\" target=\"_blank\" rel=\"noopener\">Nat\u00fcrliche Produkte bei Honigbee ansehen<br \/>\n<\/a><\/p>\n<\/li>\n<li><a href=\"https:\/\/saphirsmaragd.com\/shop\/\" target=\"_blank\" rel=\"noopener\">Edelsteine &amp; Schmuckst\u00fccke bei Saphir &amp; Smaragd entdecken<\/a><\/li>\n<\/ul>","protected":false},"excerpt":{"rendered":"<p data-start=\"449\" data-end=\"599\"><em>Glas Kerzenhalter mit Blumen Primavera aus recyceltem Glas. Dekorativer Teelichthalter mit echten Bl\u00fcten f\u00fcr eine nat\u00fcrliche und stilvolle Atmosph\u00e4re.<\/em><\/p>","protected":false},"featured_media":21059,"comment_status":"open","ping_status":"closed","template":"","meta":{"_glsr_average":0,"_glsr_ranking":0,"_glsr_reviews":0},"product_brand":[],"product_cat":[206],"product_tag":[],"class_list":{"0":"post-21060","1":"product","2":"type-product","3":"status-publish","4":"has-post-thumbnail","6":"product_cat-kerzenhalter","8":"first","9":"instock","10":"taxable","11":"shipping-taxable","12":"purchasable","13":"product-type-simple"},"jetpack_sharing_enabled":true,"_links":{"self":[{"href":"https:\/\/matvana.com\/hu\/wp-json\/wp\/v2\/product\/21060","targetHints":{"allow":["GET"]}}],"collection":[{"href":"https:\/\/matvana.com\/hu\/wp-json\/wp\/v2\/product"}],"about":[{"href":"https:\/\/matvana.com\/hu\/wp-json\/wp\/v2\/types\/product"}],"replies":[{"embeddable":true,"href":"https:\/\/matvana.com\/hu\/wp-json\/wp\/v2\/comments?post=21060"}],"version-history":[{"count":3,"href":"https:\/\/matvana.com\/hu\/wp-json\/wp\/v2\/product\/21060\/revisions"}],"predecessor-version":[{"id":22591,"href":"https:\/\/matvana.com\/hu\/wp-json\/wp\/v2\/product\/21060\/revisions\/22591"}],"wp:featuredmedia":[{"embeddable":true,"href":"https:\/\/matvana.com\/hu\/wp-json\/wp\/v2\/media\/21059"}],"wp:attachment":[{"href":"https:\/\/matvana.com\/hu\/wp-json\/wp\/v2\/media?parent=21060"}],"wp:term":[{"taxonomy":"product_brand","embeddable":true,"href":"https:\/\/matvana.com\/hu\/wp-json\/wp\/v2\/product_brand?post=21060"},{"taxonomy":"product_cat","embeddable":true,"href":"https:\/\/matvana.com\/hu\/wp-json\/wp\/v2\/product_cat?post=21060"},{"taxonomy":"product_tag","embeddable":true,"href":"https:\/\/matvana.com\/hu\/wp-json\/wp\/v2\/product_tag?post=21060"}],"curies":[{"name":"wp","href":"https:\/\/api.w.org\/{rel}","templated":true}]}}