{"id":21988,"date":"2026-04-04T21:39:41","date_gmt":"2026-04-04T19:39:41","guid":{"rendered":"https:\/\/matvana.com\/product\/tin-candle-pressed-peonie\/"},"modified":"2026-04-22T21:41:21","modified_gmt":"2026-04-22T19:41:21","slug":"duftkerze-dose-pfingstrose","status":"publish","type":"product","link":"https:\/\/matvana.com\/hr\/product\/duftkerze-dose-pfingstrose\/","title":{"rendered":"Duftkerze Dose Pfingstrose \u2013 Kleine Sojawachs Kerze mit floralem Duft, Metall Dose 200 ml"},"content":{"rendered":"<h4 data-start=\"748\" data-end=\"815\"><span role=\"text\"><strong data-start=\"753\" data-end=\"815\">Duftkerze Dose Pfingstrose f\u00fcr eine romantische Atmosph\u00e4re<\/strong><\/span><\/h4>\n<p data-start=\"816\" data-end=\"963\">Die Duftkerze Dose Pfingstrose verzaubert mit einem eleganten, floralen Duft und schafft eine warme und stilvolle Wohlf\u00fchlatmosph\u00e4re in jedem Raum.<\/p>\n<hr data-start=\"965\" data-end=\"968\" \/>\n<h4 data-start=\"970\" data-end=\"1011\"><span role=\"text\"><strong data-start=\"975\" data-end=\"1011\">Kompakt &amp; perfekt f\u00fcr jeden Raum<\/strong><\/span><\/h4>\n<p data-start=\"1012\" data-end=\"1144\">Durch das handliche Design eignet sich diese Kerze ideal f\u00fcr Schlafzimmer, Badezimmer oder als dekoratives Highlight im Wohnbereich.<\/p>\n<hr data-start=\"1146\" data-end=\"1149\" \/>\n<h4 data-start=\"1151\" data-end=\"1198\"><span role=\"text\"><strong data-start=\"1156\" data-end=\"1198\">Sojawachs f\u00fcr eine saubere Verbrennung<\/strong><\/span><\/h4>\n<p data-start=\"1199\" data-end=\"1330\">Gefertigt aus hochwertigem Sojawachs sorgt die Kerze f\u00fcr eine gleichm\u00e4\u00dfige, langanhaltende Duftentfaltung mit minimaler Ru\u00dfbildung.<\/p>\n<hr data-start=\"1332\" data-end=\"1335\" \/>\n<h4 data-start=\"1337\" data-end=\"1375\"><span role=\"text\"><strong data-start=\"1342\" data-end=\"1375\">Wiederverwendbare Metall Dose<\/strong><\/span><\/h4>\n<p data-start=\"1376\" data-end=\"1472\">Die stabile Dose sch\u00fctzt die Kerze und kann nach dem Abbrennen praktisch weiterverwendet werden.<\/p>\n<hr data-start=\"1474\" data-end=\"1477\" \/>\n<h4 data-start=\"1479\" data-end=\"1520\"><span role=\"text\"><strong data-start=\"1484\" data-end=\"1520\">Floraler Duft mit eleganter Note<\/strong><\/span><\/h4>\n<p data-start=\"1521\" data-end=\"1616\">Pressed Peonie \u00fcberzeugt mit einer harmonischen Kombination aus blumigen und weichen Duftnoten.<\/p>\n<p data-start=\"1618\" data-end=\"1736\">Duftnoten:<br data-start=\"1628\" data-end=\"1631\" \/>Kopfnote: Bergamotte<br data-start=\"1651\" data-end=\"1654\" \/>Herznote: Gr\u00fcnes Blatt, Jasmin<br data-start=\"1684\" data-end=\"1687\" \/>Basisnote: Wei\u00dfer Moschus, Vetiver, Pfingstrose<\/p>\n<hr data-start=\"1738\" data-end=\"1741\" \/>\n<h4 data-start=\"1743\" data-end=\"1776\"><span role=\"text\"><strong data-start=\"1748\" data-end=\"1776\">Perfekt als Geschenkidee<\/strong><\/span><\/h4>\n<p data-start=\"1777\" data-end=\"1863\">Ideal als Geschenk f\u00fcr besondere Anl\u00e4sse oder als stilvolle Erg\u00e4nzung f\u00fcr Ihr Zuhause.<\/p>\n<hr data-start=\"1865\" data-end=\"1868\" \/>\n<h4 data-start=\"1870\" data-end=\"1893\"><span role=\"text\"><strong data-start=\"1875\" data-end=\"1893\">Produktdetails<\/strong><\/span><\/h4>\n<p data-start=\"1894\" data-end=\"2093\">Material: Sojawachs<br data-start=\"1913\" data-end=\"1916\" \/>Beh\u00e4lter: Metall Dose<br data-start=\"1937\" data-end=\"1940\" \/>Duft: Pfingstrose<br data-start=\"1957\" data-end=\"1960\" \/>F\u00fcllmenge: ca. 200 ml<br data-start=\"1981\" data-end=\"1984\" \/>Brenndauer: ca. 20\u201330 Stunden<br data-start=\"2013\" data-end=\"2016\" \/>Farbe: Wei\u00df<br data-start=\"2027\" data-end=\"2030\" \/>Gewicht: ca. 0.22 kg<br data-start=\"2050\" data-end=\"2053\" \/>Ma\u00dfe: ca. 7.5 \u00d7 6 cm<br data-start=\"2073\" data-end=\"2076\" \/>Herkunft: China<\/p>\n<hr data-start=\"2147\" data-end=\"2150\" \/>\n<h4 data-start=\"413\" data-end=\"449\">Weitere Inspiration entdecken<\/h4>\n<p data-start=\"450\" data-end=\"582\">Suchen Sie weitere besondere Produkte? Entdecken Sie zus\u00e4tzliche Highlights in unserem Sortiment oder besuchen Sie unsere Partnerprojekte:<\/p>\n<ul data-start=\"584\" data-end=\"920\">\n<li><a href=\"https:\/\/matvana.com\/hr\/shop\/\">Stilvolle Wohn- &amp; Geschenkideen bei Matvana entdecken<\/a><\/li>\n<li data-start=\"657\" data-end=\"783\">\n<p data-start=\"659\" data-end=\"783\"><a href=\"https:\/\/honigbee.com\/shop\/\" target=\"_blank\" rel=\"noopener\">Nat\u00fcrliche Produkte bei Honigbee ansehen<br \/>\n<\/a><\/p>\n<\/li>\n<li><a href=\"https:\/\/saphirsmaragd.com\/shop\/\" target=\"_blank\" rel=\"noopener\">Edelsteine &amp; Schmuckst\u00fccke bei Saphir &amp; Smaragd entdecken<\/a><\/li>\n<\/ul>","protected":false},"excerpt":{"rendered":"<p data-start=\"424\" data-end=\"578\"><em>Duftkerze Dose Pfingstrose mit elegantem floralem Duft aus Pfingstrose, Jasmin und Moschus. Kompakte Sojawachs Kerze \u2013 perfekt f\u00fcr romantische Atmosph\u00e4re.<\/em><\/p>","protected":false},"featured_media":21987,"comment_status":"open","ping_status":"closed","template":"","meta":{"_glsr_average":0,"_glsr_ranking":0,"_glsr_reviews":0},"product_brand":[],"product_cat":[202,204],"product_tag":[],"class_list":{"0":"post-21988","1":"product","2":"type-product","3":"status-publish","4":"has-post-thumbnail","6":"product_cat-duftkerzen","7":"product_cat-geschenkkerzen","9":"first","10":"instock","11":"taxable","12":"shipping-taxable","13":"purchasable","14":"product-type-simple"},"jetpack_sharing_enabled":true,"_links":{"self":[{"href":"https:\/\/matvana.com\/hr\/wp-json\/wp\/v2\/product\/21988","targetHints":{"allow":["GET"]}}],"collection":[{"href":"https:\/\/matvana.com\/hr\/wp-json\/wp\/v2\/product"}],"about":[{"href":"https:\/\/matvana.com\/hr\/wp-json\/wp\/v2\/types\/product"}],"replies":[{"embeddable":true,"href":"https:\/\/matvana.com\/hr\/wp-json\/wp\/v2\/comments?post=21988"}],"version-history":[{"count":3,"href":"https:\/\/matvana.com\/hr\/wp-json\/wp\/v2\/product\/21988\/revisions"}],"predecessor-version":[{"id":22867,"href":"https:\/\/matvana.com\/hr\/wp-json\/wp\/v2\/product\/21988\/revisions\/22867"}],"wp:featuredmedia":[{"embeddable":true,"href":"https:\/\/matvana.com\/hr\/wp-json\/wp\/v2\/media\/21987"}],"wp:attachment":[{"href":"https:\/\/matvana.com\/hr\/wp-json\/wp\/v2\/media?parent=21988"}],"wp:term":[{"taxonomy":"product_brand","embeddable":true,"href":"https:\/\/matvana.com\/hr\/wp-json\/wp\/v2\/product_brand?post=21988"},{"taxonomy":"product_cat","embeddable":true,"href":"https:\/\/matvana.com\/hr\/wp-json\/wp\/v2\/product_cat?post=21988"},{"taxonomy":"product_tag","embeddable":true,"href":"https:\/\/matvana.com\/hr\/wp-json\/wp\/v2\/product_tag?post=21988"}],"curies":[{"name":"wp","href":"https:\/\/api.w.org\/{rel}","templated":true}]}}