{"id":20345,"date":"2026-04-04T19:55:43","date_gmt":"2026-04-04T17:55:43","guid":{"rendered":"https:\/\/matvana.com\/product\/agnes-cat-botanical-soy-wax-candle-moorland\/"},"modified":"2026-04-29T16:46:13","modified_gmt":"2026-04-29T14:46:13","slug":"agnes-cat-botanical-sojawachs-duftkerze-moorland","status":"publish","type":"product","link":"https:\/\/matvana.com\/hr\/product\/agnes-cat-botanical-sojawachs-duftkerze-moorland\/","title":{"rendered":"Agnes Cat Botanical Sojawachs Duftkerze Moorland im Glas Frischer Natur Duft f\u00fcr Zuhause &#8211; 200g, 40h"},"content":{"rendered":"<h4 data-start=\"727\" data-end=\"805\">Agnes Cat Botanical Sojawachs Duftkerze Moorland f\u00fcr nat\u00fcrliche Frische<\/h4>\n<p data-start=\"806\" data-end=\"1023\">Die Agnes Cat Botanical Sojawachs Duftkerze Moorland bringt die klare, frische Atmosph\u00e4re weiter Landschaften direkt in Ihr Zuhause. Inspiriert von offenen Moorlandschaften sorgt sie f\u00fcr ein Gef\u00fchl von Weite und Ruhe.<\/p>\n<hr data-start=\"1025\" data-end=\"1028\" \/>\n<h4 data-start=\"1030\" data-end=\"1073\">Frischer Duft f\u00fcr entspannte Momente<\/h4>\n<p data-start=\"1074\" data-end=\"1224\">Der Duft wirkt leicht, sauber und nat\u00fcrlich. Perfekt geeignet f\u00fcr ruhige Abende, Entspannung oder um eine angenehme, frische Raumstimmung zu schaffen.<\/p>\n<hr data-start=\"1226\" data-end=\"1229\" \/>\n<h4 data-start=\"1231\" data-end=\"1283\">Hochwertige Materialien und stilvolles Design<\/h4>\n<p data-start=\"1284\" data-end=\"1466\">Hergestellt aus nat\u00fcrlichem Sojawachs und pr\u00e4sentiert in einem eleganten Glasbeh\u00e4lter. Die Kerze sorgt f\u00fcr eine gleichm\u00e4\u00dfige Verbrennung und ist gleichzeitig ein dekoratives Element.<\/p>\n<hr data-start=\"1468\" data-end=\"1471\" \/>\n<h4 data-start=\"1473\" data-end=\"1494\">Produktdetails<\/h4>\n<p data-start=\"1495\" data-end=\"1571\">Material: Sojawachs<br data-start=\"1514\" data-end=\"1517\" \/>Duft: Moorland (frisch &amp; nat\u00fcrlich)<br data-start=\"1552\" data-end=\"1555\" \/>Beh\u00e4lter: Glas<\/p>\n<p data-start=\"1573\" data-end=\"1618\">Gewicht: 200 g<br data-start=\"1587\" data-end=\"1590\" \/>Brenndauer: ca. 40 Stunden<\/p>\n<h4 data-start=\"727\" data-end=\"805\">Agnes Cat Botanical Sojawachs Duftkerze Moorland f\u00fcr nat\u00fcrliche Frische<\/h4>\n<p data-start=\"806\" data-end=\"1023\">Die Agnes Cat Botanical Sojawachs Duftkerze Moorland bringt die klare, frische Atmosph\u00e4re weiter Landschaften direkt in Ihr Zuhause. Inspiriert von offenen Moorlandschaften sorgt sie f\u00fcr ein Gef\u00fchl von Weite und Ruhe.<\/p>\n<hr data-start=\"1025\" data-end=\"1028\" \/>\n<h4 data-start=\"1030\" data-end=\"1073\">Frischer Duft f\u00fcr entspannte Momente<\/h4>\n<p data-start=\"1074\" data-end=\"1224\">Der Duft wirkt leicht, sauber und nat\u00fcrlich. Perfekt geeignet f\u00fcr ruhige Abende, Entspannung oder um eine angenehme, frische Raumstimmung zu schaffen.<\/p>\n<hr data-start=\"1226\" data-end=\"1229\" \/>\n<h4 data-start=\"1231\" data-end=\"1283\">Hochwertige Materialien und stilvolles Design<\/h4>\n<p data-start=\"1284\" data-end=\"1466\">Hergestellt aus nat\u00fcrlichem Sojawachs und pr\u00e4sentiert in einem eleganten Glasbeh\u00e4lter. Die Kerze sorgt f\u00fcr eine gleichm\u00e4\u00dfige Verbrennung und ist gleichzeitig ein dekoratives Element.<\/p>\n<hr data-start=\"1468\" data-end=\"1471\" \/>\n<h4 data-start=\"1473\" data-end=\"1494\">Produktdetails<\/h4>\n<p data-start=\"1495\" data-end=\"1571\">Material: Sojawachs<br data-start=\"1514\" data-end=\"1517\" \/>Duft: Moorland (frisch &amp; nat\u00fcrlich)<br data-start=\"1552\" data-end=\"1555\" \/>Beh\u00e4lter: Glas<\/p>\n<p data-start=\"1573\" data-end=\"1618\">Gewicht: 200 g<br data-start=\"1587\" data-end=\"1590\" \/>Brenndauer: ca. 40 Stunden<\/p>\n<hr data-start=\"2312\" data-end=\"2315\" \/>\n<h4 data-start=\"413\" data-end=\"449\">Weitere Inspiration entdecken<\/h4>\n<p data-start=\"450\" data-end=\"582\">Suchen Sie weitere besondere Produkte? Entdecken Sie zus\u00e4tzliche Highlights in unserem Sortiment oder besuchen Sie unsere Partnerprojekte:<\/p>\n<ul data-start=\"584\" data-end=\"920\">\n<li><a href=\"https:\/\/matvana.com\/hr\/shop\/\">Stilvolle Wohn- &amp; Geschenkideen bei Matvana entdecken<\/a><\/li>\n<li data-start=\"657\" data-end=\"783\">\n<p data-start=\"659\" data-end=\"783\"><a href=\"https:\/\/honigbee.com\/shop\/\" target=\"_blank\" rel=\"noopener\">Nat\u00fcrliche Produkte bei Honigbee ansehen<br \/>\n<\/a><\/p>\n<\/li>\n<li><a href=\"https:\/\/saphirsmaragd.com\/shop\/\" target=\"_blank\" rel=\"noopener\">Edelsteine &amp; Schmuckst\u00fccke bei Saphir &amp; Smaragd entdecken<\/a><\/li>\n<\/ul>","protected":false},"excerpt":{"rendered":"<p data-start=\"414\" data-end=\"564\"><em>Agnes Cat Botanical Sojawachs Duftkerze Moorland im Glas mit frischem Naturduft. Hochwertige Duftkerze f\u00fcr eine ruhige Atmosph\u00e4re im Zuhause 200g 40h.<\/em><\/p>","protected":false},"featured_media":20339,"comment_status":"open","ping_status":"closed","template":"","meta":{"_glsr_average":0,"_glsr_ranking":0,"_glsr_reviews":0},"product_brand":[],"product_cat":[202],"product_tag":[],"class_list":{"0":"post-20345","1":"product","2":"type-product","3":"status-publish","4":"has-post-thumbnail","6":"product_cat-duftkerzen","8":"first","9":"instock","10":"taxable","11":"shipping-taxable","12":"purchasable","13":"product-type-simple"},"jetpack_sharing_enabled":true,"_links":{"self":[{"href":"https:\/\/matvana.com\/hr\/wp-json\/wp\/v2\/product\/20345","targetHints":{"allow":["GET"]}}],"collection":[{"href":"https:\/\/matvana.com\/hr\/wp-json\/wp\/v2\/product"}],"about":[{"href":"https:\/\/matvana.com\/hr\/wp-json\/wp\/v2\/types\/product"}],"replies":[{"embeddable":true,"href":"https:\/\/matvana.com\/hr\/wp-json\/wp\/v2\/comments?post=20345"}],"version-history":[{"count":4,"href":"https:\/\/matvana.com\/hr\/wp-json\/wp\/v2\/product\/20345\/revisions"}],"predecessor-version":[{"id":22263,"href":"https:\/\/matvana.com\/hr\/wp-json\/wp\/v2\/product\/20345\/revisions\/22263"}],"wp:featuredmedia":[{"embeddable":true,"href":"https:\/\/matvana.com\/hr\/wp-json\/wp\/v2\/media\/20339"}],"wp:attachment":[{"href":"https:\/\/matvana.com\/hr\/wp-json\/wp\/v2\/media?parent=20345"}],"wp:term":[{"taxonomy":"product_brand","embeddable":true,"href":"https:\/\/matvana.com\/hr\/wp-json\/wp\/v2\/product_brand?post=20345"},{"taxonomy":"product_cat","embeddable":true,"href":"https:\/\/matvana.com\/hr\/wp-json\/wp\/v2\/product_cat?post=20345"},{"taxonomy":"product_tag","embeddable":true,"href":"https:\/\/matvana.com\/hr\/wp-json\/wp\/v2\/product_tag?post=20345"}],"curies":[{"name":"wp","href":"https:\/\/api.w.org\/{rel}","templated":true}]}}