{"id":20179,"date":"2026-04-04T19:49:35","date_gmt":"2026-04-04T17:49:35","guid":{"rendered":"https:\/\/matvana.com\/product\/zodiac-crystal-candle-with-gemstone-bracelet-aries\/"},"modified":"2026-04-05T14:15:20","modified_gmt":"2026-04-05T12:15:20","slug":"zodiac-duftkerze-widder","status":"publish","type":"product","link":"https:\/\/matvana.com\/hr\/product\/zodiac-duftkerze-widder\/","title":{"rendered":"Zodiac Duftkerze Widder mit Edelstein Armband \u2013 Sternzeichen Kerze \u2013 8.8&#215;8.5 cm, ca. 30h"},"content":{"rendered":"<h4 data-start=\"778\" data-end=\"837\">Zodiac Duftkerze Widder f\u00fcr Energie und neue Anf\u00e4nge<\/h4>\n<p data-start=\"838\" data-end=\"1047\">Diese Duftkerze wurde speziell f\u00fcr das Sternzeichen Widder entwickelt und bringt eine kraftvolle, motivierende Atmosph\u00e4re in Ihr Zuhause. Der frische Duft unterst\u00fctzt Fokus, Energie und neue Impulse im Alltag.<\/p>\n<hr data-start=\"1049\" data-end=\"1052\" \/>\n<h4 data-start=\"1054\" data-end=\"1079\">Merkmale &amp; Details<\/h4>\n<p data-start=\"1080\" data-end=\"1235\">Duft: Frisch und belebend<br data-start=\"1105\" data-end=\"1108\" \/>Material: Wachs<br data-start=\"1123\" data-end=\"1126\" \/>Inhalt: Kerze mit Edelstein Armband<br data-start=\"1161\" data-end=\"1164\" \/>Gr\u00f6\u00dfe: 8.8&#215;8.5 cm<br data-start=\"1181\" data-end=\"1184\" \/>Gewicht: ca. 0.32 kg<br data-start=\"1204\" data-end=\"1207\" \/>Brenndauer: ca. 30 Stunden<\/p>\n<p data-start=\"0\" data-end=\"14\"><strong data-start=\"0\" data-end=\"14\">Duftnoten:<\/strong><\/p>\n<p data-start=\"16\" data-end=\"171\" data-is-last-node=\"\" data-is-only-node=\"\"><strong data-start=\"16\" data-end=\"29\">Kopfnote:<\/strong> Kiefer, Eukalyptus, Salbei, Thymian, Meersalz, Ozon<br data-start=\"81\" data-end=\"84\" data-is-only-node=\"\" \/><strong data-start=\"84\" data-end=\"97\">Herznote:<\/strong> Rose, Lilie, Jasmin, Flieder, Veilchen<br data-start=\"136\" data-end=\"139\" \/><strong data-start=\"139\" data-end=\"153\">Basisnote:<\/strong> Zedernholz, Amber<\/p>\n<hr data-start=\"1237\" data-end=\"1240\" \/>\n<h4 data-start=\"1242\" data-end=\"1271\">Edelsteine &amp; Bedeutung<\/h4>\n<p data-start=\"1272\" data-end=\"1491\">Das enthaltene Armband besteht aus roten und kraftvollen Steinen wie Jaspis, Blutstein und H\u00e4matit. Diese werden traditionell mit Mut, St\u00e4rke und Durchsetzungsverm\u00f6gen verbunden und passen ideal zum Sternzeichen Widder.<\/p>\n<hr data-start=\"1493\" data-end=\"1496\" \/>\n<h4 data-start=\"1498\" data-end=\"1514\">Anwendung<\/h4>\n<p data-start=\"1515\" data-end=\"1690\">Ideal f\u00fcr t\u00e4gliche Rituale, Meditation oder als stilvolle Dekoration. Die Kombination aus Duftkerze und Armband schafft eine besondere Verbindung aus Atmosph\u00e4re und Bedeutung.<\/p>\n<hr data-start=\"1692\" data-end=\"1695\" \/>\n<h4 data-start=\"1697\" data-end=\"1716\">Geschenkidee<\/h4>\n<p data-start=\"1717\" data-end=\"1838\">Perfekt als pers\u00f6nliches Geschenk f\u00fcr Widder-Geborene oder f\u00fcr alle, die sich f\u00fcr Sternzeichen und Edelsteine begeistern.<\/p>\n<hr data-start=\"2312\" data-end=\"2315\" \/>\n<h4 data-start=\"413\" data-end=\"449\">Weitere Inspiration entdecken<\/h4>\n<p data-start=\"450\" data-end=\"582\">Suchen Sie weitere besondere Produkte? Entdecken Sie zus\u00e4tzliche Highlights in unserem Sortiment oder besuchen Sie unsere Partnerprojekte:<\/p>\n<ul data-start=\"584\" data-end=\"920\">\n<li><a href=\"https:\/\/matvana.com\/hr\/shop\/\">Stilvolle Wohn- &amp; Geschenkideen bei Matvana entdecken<\/a><\/li>\n<li data-start=\"657\" data-end=\"783\">\n<p data-start=\"659\" data-end=\"783\"><a href=\"https:\/\/honigbee.com\/shop\/\" target=\"_blank\" rel=\"noopener\">Nat\u00fcrliche Produkte bei Honigbee ansehen<br \/>\n<\/a><\/p>\n<\/li>\n<li><a href=\"https:\/\/saphirsmaragd.com\/shop\/\" target=\"_blank\" rel=\"noopener\">Edelsteine &amp; Schmuckst\u00fccke bei Saphir &amp; Smaragd entdecken<\/a><\/li>\n<\/ul>","protected":false},"excerpt":{"rendered":"<p data-start=\"494\" data-end=\"615\"><em>Zodiac Duftkerze Widder mit Edelstein Armband. Hochwertige Sternzeichen Kerze \u2013 8.8&#215;8.5 cm mit ca. 30 Stunden Brenndauer.<\/em><\/p>","protected":false},"featured_media":20174,"comment_status":"open","ping_status":"closed","template":"","meta":{"_glsr_average":0,"_glsr_ranking":0,"_glsr_reviews":0},"product_brand":[],"product_cat":[204],"product_tag":[],"class_list":{"0":"post-20179","1":"product","2":"type-product","3":"status-publish","4":"has-post-thumbnail","6":"product_cat-geschenkkerzen","8":"first","9":"instock","10":"taxable","11":"shipping-taxable","12":"purchasable","13":"product-type-simple"},"jetpack_sharing_enabled":true,"_links":{"self":[{"href":"https:\/\/matvana.com\/hr\/wp-json\/wp\/v2\/product\/20179","targetHints":{"allow":["GET"]}}],"collection":[{"href":"https:\/\/matvana.com\/hr\/wp-json\/wp\/v2\/product"}],"about":[{"href":"https:\/\/matvana.com\/hr\/wp-json\/wp\/v2\/types\/product"}],"replies":[{"embeddable":true,"href":"https:\/\/matvana.com\/hr\/wp-json\/wp\/v2\/comments?post=20179"}],"version-history":[{"count":4,"href":"https:\/\/matvana.com\/hr\/wp-json\/wp\/v2\/product\/20179\/revisions"}],"predecessor-version":[{"id":22192,"href":"https:\/\/matvana.com\/hr\/wp-json\/wp\/v2\/product\/20179\/revisions\/22192"}],"wp:featuredmedia":[{"embeddable":true,"href":"https:\/\/matvana.com\/hr\/wp-json\/wp\/v2\/media\/20174"}],"wp:attachment":[{"href":"https:\/\/matvana.com\/hr\/wp-json\/wp\/v2\/media?parent=20179"}],"wp:term":[{"taxonomy":"product_brand","embeddable":true,"href":"https:\/\/matvana.com\/hr\/wp-json\/wp\/v2\/product_brand?post=20179"},{"taxonomy":"product_cat","embeddable":true,"href":"https:\/\/matvana.com\/hr\/wp-json\/wp\/v2\/product_cat?post=20179"},{"taxonomy":"product_tag","embeddable":true,"href":"https:\/\/matvana.com\/hr\/wp-json\/wp\/v2\/product_tag?post=20179"}],"curies":[{"name":"wp","href":"https:\/\/api.w.org\/{rel}","templated":true}]}}