{"id":20060,"date":"2026-04-03T17:15:31","date_gmt":"2026-04-03T15:15:31","guid":{"rendered":"https:\/\/matvana.com\/product\/large-chakra-crystal-candles-seven-charkra\/"},"modified":"2026-04-05T22:17:33","modified_gmt":"2026-04-05T20:17:33","slug":"grosse-chakra-kristallkerze-sieben-chakren","status":"publish","type":"product","link":"https:\/\/matvana.com\/hr\/product\/grosse-chakra-kristallkerze-sieben-chakren\/","title":{"rendered":"Gro\u00dfe Chakra Kristallkerze Sieben Chakren \u2013 Sojawachs Kerze mit Kristallen, 23h, \u00d8 ca. 9 cm, 0.5 kg"},"content":{"rendered":"<h4 data-start=\"1018\" data-end=\"1096\">Stilvolle Atmosph\u00e4re mit der gro\u00dfen Chakra Kristallkerze Sieben Chakren<\/h4>\n<p data-start=\"1097\" data-end=\"1325\">Die gro\u00dfe Chakra Kristallkerze Sieben Chakren ist ein besonderes Highlight f\u00fcr Ihr Zuhause. Mit ihrer hochwertigen Verarbeitung und den sieben integrierten Kristallen vereint sie modernes Design mit einer ausdrucksstarken Optik.<\/p>\n<hr data-start=\"1327\" data-end=\"1330\" \/>\n<h4 data-start=\"1332\" data-end=\"1380\">Nat\u00fcrliche Materialien &amp; lange Brenndauer<\/h4>\n<p data-start=\"1381\" data-end=\"1614\">Gefertigt aus hochwertigem Sojawachs sorgt die Kerze f\u00fcr ein sauberes und gleichm\u00e4\u00dfiges Abbrennen. Dank der l\u00e4ngeren Brenndauer von ca. 23 Stunden eignet sie sich ideal f\u00fcr entspannte Abende und eine dauerhafte, angenehme Atmosph\u00e4re.<\/p>\n<hr data-start=\"1616\" data-end=\"1619\" \/>\n<h4 data-start=\"1621\" data-end=\"1672\">Einzigartiges Design mit 7 echten Kristallen<\/h4>\n<p data-start=\"1673\" data-end=\"1867\">Diese Kerze enth\u00e4lt sieben verschiedene Steine, die jeweils f\u00fcr ein Chakra stehen. Die Kombination aus Farben und nat\u00fcrlichen Strukturen macht jede Kerze zu einem einzigartigen Dekorationsst\u00fcck.<\/p>\n<hr data-start=\"1869\" data-end=\"1872\" \/>\n<h4 data-start=\"1874\" data-end=\"1924\">F\u00fcr eine harmonische und stilvolle Umgebung<\/h4>\n<p data-start=\"1925\" data-end=\"2025\">Der Duft \u201eMoon Beams\u201c sorgt f\u00fcr eine angenehme und ausgewogene Stimmung und eignet sich ideal f\u00fcr:<\/p>\n<ul data-start=\"2026\" data-end=\"2131\">\n<li data-section-id=\"v5zl54\" data-start=\"2026\" data-end=\"2056\">Entspannte Abende zu Hause<\/li>\n<li data-section-id=\"kzebkz\" data-start=\"2057\" data-end=\"2080\">Stilvolle Wohnr\u00e4ume<\/li>\n<li data-section-id=\"1fx39q0\" data-start=\"2081\" data-end=\"2113\">Besondere Dekorationsakzente<\/li>\n<li data-section-id=\"71y4r5\" data-start=\"2114\" data-end=\"2131\">Geschenkideen<\/li>\n<\/ul>\n<hr data-start=\"2133\" data-end=\"2136\" \/>\n<h4 data-start=\"2138\" data-end=\"2173\">Praktisch &amp; wiederverwendbar<\/h4>\n<p data-start=\"2174\" data-end=\"2310\">Nach dem Abbrennen kann das Glas weiterverwendet werden. Die enthaltenen Kristalle lassen sich ebenfalls als dekorative Elemente nutzen.<\/p>\n<hr data-start=\"2312\" data-end=\"2315\" \/>\n<h4 data-start=\"2317\" data-end=\"2338\">Produktdetails<\/h4>\n<p data-start=\"2339\" data-end=\"2595\">Material: Sojawachs, Duft, Glas<br data-start=\"2370\" data-end=\"2373\" \/>Steine: 7 verschiedene Kristalle (Chakra Set)<br data-start=\"2418\" data-end=\"2421\" \/>Brenndauer: ca. 23 Stunden<br data-start=\"2447\" data-end=\"2450\" \/>Ma\u00dfe: ca. \u00d8 9 cm\u00a0<br data-start=\"2487\" data-end=\"2490\" \/>Gewicht (Netto): ca. 0.5 kg<br data-start=\"2538\" data-end=\"2541\" \/>SKU: chkcc-08<br data-start=\"2554\" data-end=\"2557\" \/>EAN: 5056368333392<br data-start=\"2575\" data-end=\"2578\" \/>Herkunft: China<\/p>\n<hr data-start=\"2312\" data-end=\"2315\" \/>\n<h4 data-start=\"413\" data-end=\"449\">Weitere Inspiration entdecken<\/h4>\n<p data-start=\"450\" data-end=\"582\">Suchen Sie weitere besondere Produkte? Entdecken Sie zus\u00e4tzliche Highlights in unserem Sortiment oder besuchen Sie unsere Partnerprojekte:<\/p>\n<ul data-start=\"584\" data-end=\"920\">\n<li><a href=\"https:\/\/matvana.com\/hr\/shop\/\">Stilvolle Wohn- &amp; Geschenkideen bei Matvana entdecken<\/a><\/li>\n<li data-start=\"657\" data-end=\"783\">\n<p data-start=\"659\" data-end=\"783\"><a href=\"https:\/\/honigbee.com\/shop\/\" target=\"_blank\" rel=\"noopener\">Nat\u00fcrliche Produkte bei Honigbee ansehen<br \/>\n<\/a><\/p>\n<\/li>\n<li><a href=\"https:\/\/saphirsmaragd.com\/shop\/\" target=\"_blank\" rel=\"noopener\">Edelsteine &amp; Schmuckst\u00fccke bei Saphir &amp; Smaragd entdecken<\/a><\/li>\n<\/ul>","protected":false},"excerpt":{"rendered":"<p data-start=\"592\" data-end=\"745\"><em>Gro\u00dfe Chakra Kristallkerze Sieben Chakren aus Sojawachs mit 7 Edelsteinen. 23h Brenndauer f\u00fcr eine stilvolle und harmonische Atmosph\u00e4re in Ihrem Zuhause.<\/em><\/p>","protected":false},"featured_media":20055,"comment_status":"open","ping_status":"closed","template":"","meta":{"_glsr_average":0,"_glsr_ranking":0,"_glsr_reviews":0},"product_brand":[],"product_cat":[201],"product_tag":[],"class_list":{"0":"post-20060","1":"product","2":"type-product","3":"status-publish","4":"has-post-thumbnail","6":"product_cat-chakra-kerzen","8":"first","9":"instock","10":"taxable","11":"shipping-taxable","12":"purchasable","13":"product-type-simple"},"jetpack_sharing_enabled":true,"_links":{"self":[{"href":"https:\/\/matvana.com\/hr\/wp-json\/wp\/v2\/product\/20060","targetHints":{"allow":["GET"]}}],"collection":[{"href":"https:\/\/matvana.com\/hr\/wp-json\/wp\/v2\/product"}],"about":[{"href":"https:\/\/matvana.com\/hr\/wp-json\/wp\/v2\/types\/product"}],"replies":[{"embeddable":true,"href":"https:\/\/matvana.com\/hr\/wp-json\/wp\/v2\/comments?post=20060"}],"version-history":[{"count":3,"href":"https:\/\/matvana.com\/hr\/wp-json\/wp\/v2\/product\/20060\/revisions"}],"predecessor-version":[{"id":20064,"href":"https:\/\/matvana.com\/hr\/wp-json\/wp\/v2\/product\/20060\/revisions\/20064"}],"wp:featuredmedia":[{"embeddable":true,"href":"https:\/\/matvana.com\/hr\/wp-json\/wp\/v2\/media\/20055"}],"wp:attachment":[{"href":"https:\/\/matvana.com\/hr\/wp-json\/wp\/v2\/media?parent=20060"}],"wp:term":[{"taxonomy":"product_brand","embeddable":true,"href":"https:\/\/matvana.com\/hr\/wp-json\/wp\/v2\/product_brand?post=20060"},{"taxonomy":"product_cat","embeddable":true,"href":"https:\/\/matvana.com\/hr\/wp-json\/wp\/v2\/product_cat?post=20060"},{"taxonomy":"product_tag","embeddable":true,"href":"https:\/\/matvana.com\/hr\/wp-json\/wp\/v2\/product_tag?post=20060"}],"curies":[{"name":"wp","href":"https:\/\/api.w.org\/{rel}","templated":true}]}}