{"id":928,"date":"2025-06-16T14:58:59","date_gmt":"2025-06-16T14:58:59","guid":{"rendered":"https:\/\/matvana.com\/ts-shipment-tracking\/"},"modified":"2025-07-18T11:10:29","modified_gmt":"2025-07-18T11:10:29","slug":"sendungsverfolgung","status":"publish","type":"page","link":"https:\/\/matvana.com\/hr\/sendungsverfolgung\/","title":{"rendered":"Pra\u0107enje po\u0161iljke"},"content":{"rendered":"<style>\n\t.order_track_form {\n\t\tbackground: #ffffff;\n\t}\n\tform.order_track_form {\n\t\tborder-radius: 10px;\n\t}\n\tbody .search_order_form, body form.order_track_form label {\n\t\tcolor: #2d2d2d;\n\t}\n\t.order_track_form div.search_order_form button {\n\t\tbackground: #ff6b00;\n\t}\n\t.order_track_form, .tracking_form_tabs {\n\t\tborder-color: #ffe4cc !important;\n\t}\n\t.order_track_form div.search_order_form button {\n\t\tcolor: #ffffff;\n\t}\n\t.order_track_form div.search_order_form button {\n\t\tborder-radius: 8px;\n\t}\n.order_track_form input.ts_from_input:checked + label {\n\tcolor: #FF6B00 !important;\n\tborder-bottom: 3px solid #FF6B00;\n\tmargin-bottom: -2px;\n}\n.order_track_form {\n\tmax-width: 800px;\n\tmargin: 0 auto 20px;\n\tborder: 1px solid #e0e0e0;\n\tmin-height: 330px;\n}\n.track_fail_msg {\n\tcolor: red;\n\tpadding: 0 20px 15px;\n}\n<\/style>\n<div class=\"track-order-section\">\n\t<form method=\"post\" class=\"order_track_form\" action=\"\">\n\t\t<div class=\"search_order_form\">\n\t\t\t\t\t\t\t<style>\n\t\t\t\t\t.search_order_form .order_id_email.tracking_form { display:block; }\n\t\t\t\t\t.by_tracking_number {display:none;}\n\t\t\t\t\tform.order_track_form {min-height:auto;}\n\t\t\t\t\t<\/style>\n\t\t\t\t\t\t<div class=\"tracking_form_tabs\">\n\t\t\t\t<input id=\"for_order_number\" type=\"radio\" name=\"ts_tracking_form\" class=\"ts_from_input\" data-name=\"order_id_email\" checked>\n\t\t\t\t<label for=\"for_order_number\" class=\"ts_from_label for_order_number\">Detalji narud\u017ebe<\/label>\n\t\t\t\t<input id=\"for_tracking_number\" type=\"radio\" name=\"ts_tracking_form\" class=\"ts_from_input\" data-name=\"by_tracking_number\">\n\t\t\t\t<label for=\"for_tracking_number\" class=\"ts_from_label for_tracking_number\">Broj za pra\u010denje<\/label>\n\t\t\t<\/div>\n\t\t\t<div class=\"order_id_email tracking_form\">\n\t\t\t\t<p>Da biste pratili svoju narud\u017ebu, unesite broj narud\u017ebe i adresu e-po\u0161te:<\/p>\n\t\t\t\t<p class=\"form-row\"><label for=\"order_id\">ID narud\u017ebe<\/label> <input class=\"input-text\" type=\"text\" name=\"order_id\" id=\"order_id\" value=\"\" placeholder=\"Broj narud\u017ebe\"><\/p>\n\t\t\t\t<p class=\"form-row\"><label for=\"order_email\">Naru\u010dite e-po\u0161tom<\/label> <input class=\"input-text\" type=\"text\" name=\"order_email\" id=\"order_email\" value=\"\" placeholder=\"Email adresa\"><\/p>\n\t\t\t\t<p class=\"form-row\" style=\"margin-bottom:0;\"><button type=\"submit\" class=\"button btn btn-secondary\" name=\"track\" value=\"Track\">Bestellung verfolgen<\/button><\/p>\n\t\t\t<\/div>\n\t\t\t<div class=\"by_tracking_number tracking_form\">\n\t\t\t\t<p>Da biste pratili svoju narud\u017ebu, unesite broj za pra\u0107enje koji ste primili u e-poruci s potvrdom otpreme<\/p>\n\t\t\t\t<p class=\"form-row\"><label for=\"order_tracking_number\">Broj za pra\u010denje<\/label><input class=\"input-text\" type=\"text\" name=\"order_tracking_number\" id=\"order_tracking_number\" value=\"\" placeholder=\"Broj za pra\u0107enje narud\u017ebe.\"><\/p>\n\t\t\t\t<p class=\"form-row\" style=\"margin-bottom:0;\"><button type=\"submit\" class=\"button btn btn-secondary\" name=\"track\" value=\"Track\">Bestellung verfolgen<\/button><\/p>\n\t\t\t<\/div>\n\t\t\t<div class=\"track_fail_msg\" style=\"display:none;\"><\/div>\n\t\t<\/div>\n\t\t<div class=\"clear\"><\/div>\n\t\t<input type=\"hidden\" name=\"action\" value=\"get_tracking_info\">\n\t\t<input type=\"hidden\" name=\"fronted\" value=\"yes\">\n\t\t<input type=\"hidden\" id=\"_wpnonce\" name=\"_wpnonce\" value=\"799e623e3f\" \/><input type=\"hidden\" name=\"_wp_http_referer\" value=\"\/hr\/wp-json\/wp\/v2\/pages\/928\" \/>\t<input type=\"hidden\" name=\"trp-form-language\" value=\"hr\"\/><\/form>\n\t<div class=\"trackship_branding\">\n\t\t<p><span>Powered by<\/span><img decoding=\"async\" src=\"https:\/\/matvana.com\/wp-content\/plugins\/trackship-for-woocommerce\/assets\/images\/trackship-logo.png\" alt=\"\" title=\"\u2013 Matvana\"><\/p>\n\t<\/div>\n\t\t\t<style> .trackship_branding{display:block !important;} <\/style>\n\t<\/div>","protected":false},"excerpt":{"rendered":"","protected":false},"author":1,"featured_media":0,"parent":0,"menu_order":0,"comment_status":"closed","ping_status":"closed","template":"","meta":{"_glsr_average":0,"_glsr_ranking":0,"_glsr_reviews":0,"footnotes":""},"class_list":["post-928","page","type-page","status-publish","hentry"],"jetpack_sharing_enabled":true,"_links":{"self":[{"href":"https:\/\/matvana.com\/hr\/wp-json\/wp\/v2\/pages\/928","targetHints":{"allow":["GET"]}}],"collection":[{"href":"https:\/\/matvana.com\/hr\/wp-json\/wp\/v2\/pages"}],"about":[{"href":"https:\/\/matvana.com\/hr\/wp-json\/wp\/v2\/types\/page"}],"author":[{"embeddable":true,"href":"https:\/\/matvana.com\/hr\/wp-json\/wp\/v2\/users\/1"}],"replies":[{"embeddable":true,"href":"https:\/\/matvana.com\/hr\/wp-json\/wp\/v2\/comments?post=928"}],"version-history":[{"count":2,"href":"https:\/\/matvana.com\/hr\/wp-json\/wp\/v2\/pages\/928\/revisions"}],"predecessor-version":[{"id":974,"href":"https:\/\/matvana.com\/hr\/wp-json\/wp\/v2\/pages\/928\/revisions\/974"}],"wp:attachment":[{"href":"https:\/\/matvana.com\/hr\/wp-json\/wp\/v2\/media?parent=928"}],"curies":[{"name":"wp","href":"https:\/\/api.w.org\/{rel}","templated":true}]}}