{"id":26807,"date":"2026-04-29T18:46:24","date_gmt":"2026-04-29T16:46:24","guid":{"rendered":"https:\/\/matvana.com\/product\/set-of-3-soap-flower-heart-box-red-roses\/"},"modified":"2026-05-04T16:06:09","modified_gmt":"2026-05-04T14:06:09","slug":"seifenblumen-set-herzbox-rosen-rot","status":"publish","type":"product","link":"https:\/\/matvana.com\/fr\/product\/seifenblumen-set-herzbox-rosen-rot\/","title":{"rendered":"Seifenblumen Set Herzbox Rosen Rot \u2013 3er Geschenkset mit Duft Rosenbl\u00fcten f\u00fcr Bad &#038; Geschenkideen"},"content":{"rendered":"<h4 data-start=\"1056\" data-end=\"1130\">Seifenblumen Set Herzbox Rosen Rot \u2013 romantisches Geschenk mit Duft<\/h4>\n<p data-start=\"1131\" data-end=\"1328\">Das Seifenblumen Set Herzbox Rosen Rot ist ein stilvolles Geschenk f\u00fcr besondere Anl\u00e4sse. Die liebevoll gestalteten Rosen sehen echten Blumen t\u00e4uschend \u00e4hnlich und verstr\u00f6men einen angenehmen Duft.<\/p>\n<hr data-start=\"1330\" data-end=\"1333\" \/>\n<h4 data-start=\"1335\" data-end=\"1390\">Perfekt f\u00fcr Geschenke, Hochzeit und Valentinstag<\/h4>\n<p data-start=\"1391\" data-end=\"1525\">Ob als Geschenk f\u00fcr Ihren Partner, als Hochzeitsgeschenk oder als dekoratives Highlight \u2013 dieses Set sorgt f\u00fcr unvergessliche Momente.<\/p>\n<hr data-start=\"1527\" data-end=\"1530\" \/>\n<h4 data-start=\"1532\" data-end=\"1581\">Entspannendes Badeerlebnis mit Rosenbl\u00fcten<\/h4>\n<p data-start=\"1582\" data-end=\"1721\">Einfach ein oder zwei Rosen ins warme Badewasser geben und genie\u00dfen, wie sich die Bl\u00fcten langsam aufl\u00f6sen und einen zarten Duft freisetzen.<\/p>\n<hr data-start=\"1723\" data-end=\"1726\" \/>\n<h4 data-start=\"1728\" data-end=\"1770\">Dekorativ und vielseitig einsetzbar<\/h4>\n<p data-start=\"1771\" data-end=\"1858\">Auch als Raumdekoration oder Badezimmer-Accessoire ist dieses Set ein echter Blickfang.<\/p>\n<hr data-start=\"1860\" data-end=\"1863\" \/>\n<h4 data-start=\"1865\" data-end=\"1907\">Hochwertige Pr\u00e4sentation in Herzbox<\/h4>\n<p data-start=\"1908\" data-end=\"2006\">Die Seifenblumen werden in einer eleganten Herzbox geliefert \u2013 ideal als sofort fertiges Geschenk.<\/p>\n<hr data-start=\"2008\" data-end=\"2011\" \/>\n<h4 data-start=\"2013\" data-end=\"2034\">D\u00e9tails du produit<\/h4>\n<p data-start=\"2035\" data-end=\"2177\">Inhalt: 3 Seifenblumen<br data-start=\"2057\" data-end=\"2060\" \/>Form: Rosen<br data-start=\"2071\" data-end=\"2074\" \/>Farbe: Rot<br data-start=\"2084\" data-end=\"2087\" \/>Duft: Rosenbl\u00fcten<br data-start=\"2104\" data-end=\"2107\" \/>Verpackung: Herzbox<br data-start=\"2126\" data-end=\"2129\" \/>Verwendung: Bad &amp; Dekoration<br data-start=\"2157\" data-end=\"2160\" \/>Origine : Chine<\/p>\n<hr data-start=\"2147\" data-end=\"2150\" \/>\n<h4 data-start=\"413\" data-end=\"449\">D\u00e9couvrez plus d&#039;inspiration<\/h4>\n<p data-start=\"450\" data-end=\"582\">Vous recherchez des produits plus originaux\u00a0? D\u00e9couvrez d\u2019autres produits phares de notre gamme ou visitez les projets de nos partenaires\u00a0:<\/p>\n<ul data-start=\"584\" data-end=\"920\">\n<li><a href=\"https:\/\/matvana.com\/fr\/shop\/\">D\u00e9couvrez des id\u00e9es d\u00e9co et cadeaux \u00e9l\u00e9gantes chez Matvana<\/a><\/li>\n<li data-start=\"657\" data-end=\"783\">\n<p data-start=\"659\" data-end=\"783\"><a href=\"https:\/\/honigbee.com\/shop\/\" target=\"_blank\" rel=\"noopener\">D\u00e9couvrez les produits naturels chez Honigbee<br \/>\n<\/a><\/p>\n<\/li>\n<li><a href=\"https:\/\/saphirsmaragd.com\/shop\/\" target=\"_blank\" rel=\"noopener\">D\u00e9couvrez les pierres pr\u00e9cieuses et les bijoux chez Saphir &amp; \u00c9meraude<\/a><\/li>\n<\/ul>","protected":false},"excerpt":{"rendered":"<p data-start=\"748\" data-end=\"893\"><em>Seifenblumen Set Herzbox Rosen Rot als romantisches Geschenk. 3er Set Duft Rosenbl\u00fcten f\u00fcr Bad, Hochzeit, Valentinstag und besondere Momente.<\/em><\/p>","protected":false},"featured_media":26806,"comment_status":"open","ping_status":"closed","template":"","meta":{"_glsr_average":0,"_glsr_ranking":0,"_glsr_reviews":0},"product_brand":[],"product_cat":[256],"product_tag":[],"class_list":{"0":"post-26807","1":"product","2":"type-product","3":"status-publish","4":"has-post-thumbnail","6":"product_cat-seifenblumen-in-geschenkbox","8":"first","9":"instock","10":"shipping-taxable","11":"purchasable","12":"product-type-simple"},"jetpack_sharing_enabled":true,"_links":{"self":[{"href":"https:\/\/matvana.com\/fr\/wp-json\/wp\/v2\/product\/26807","targetHints":{"allow":["GET"]}}],"collection":[{"href":"https:\/\/matvana.com\/fr\/wp-json\/wp\/v2\/product"}],"about":[{"href":"https:\/\/matvana.com\/fr\/wp-json\/wp\/v2\/types\/product"}],"replies":[{"embeddable":true,"href":"https:\/\/matvana.com\/fr\/wp-json\/wp\/v2\/comments?post=26807"}],"version-history":[{"count":3,"href":"https:\/\/matvana.com\/fr\/wp-json\/wp\/v2\/product\/26807\/revisions"}],"predecessor-version":[{"id":30998,"href":"https:\/\/matvana.com\/fr\/wp-json\/wp\/v2\/product\/26807\/revisions\/30998"}],"wp:featuredmedia":[{"embeddable":true,"href":"https:\/\/matvana.com\/fr\/wp-json\/wp\/v2\/media\/26806"}],"wp:attachment":[{"href":"https:\/\/matvana.com\/fr\/wp-json\/wp\/v2\/media?parent=26807"}],"wp:term":[{"taxonomy":"product_brand","embeddable":true,"href":"https:\/\/matvana.com\/fr\/wp-json\/wp\/v2\/product_brand?post=26807"},{"taxonomy":"product_cat","embeddable":true,"href":"https:\/\/matvana.com\/fr\/wp-json\/wp\/v2\/product_cat?post=26807"},{"taxonomy":"product_tag","embeddable":true,"href":"https:\/\/matvana.com\/fr\/wp-json\/wp\/v2\/product_tag?post=26807"}],"curies":[{"name":"wp","href":"https:\/\/api.w.org\/{rel}","templated":true}]}}