{"id":21972,"date":"2026-04-04T21:38:52","date_gmt":"2026-04-04T19:38:52","guid":{"rendered":"https:\/\/matvana.com\/product\/jam-jar-candle-moonstone\/"},"modified":"2026-04-22T21:24:55","modified_gmt":"2026-04-22T19:24:55","slug":"duftkerze-glas-moonstone","status":"publish","type":"product","link":"https:\/\/matvana.com\/fr\/product\/duftkerze-glas-moonstone\/","title":{"rendered":"Duftkerze Glas Moonstone \u2013 Sojawachs Kerze im Glas 220 ml, sanfter eleganter Duft, lange Brenndauer"},"content":{"rendered":"<h4 data-start=\"626\" data-end=\"699\"><span role=\"text\"><strong data-start=\"631\" data-end=\"699\">Duftkerze Glas Moonstone f\u00fcr eine ruhige und elegante Atmosph\u00e4re<\/strong><\/span><\/h4>\n<p data-start=\"700\" data-end=\"839\">Die Duftkerze Glas Moonstone verleiht Ihrem Zuhause eine sanfte, beruhigende Duftnote und schafft eine harmonische und entspannte Umgebung.<\/p>\n<hr data-start=\"841\" data-end=\"844\" \/>\n<h4 data-start=\"846\" data-end=\"899\"><span role=\"text\"><strong data-start=\"851\" data-end=\"899\">Nat\u00fcrliches Sojawachs f\u00fcr sauberes Abbrennen<\/strong><\/span><\/h4>\n<p data-start=\"900\" data-end=\"1034\">Gefertigt aus hochwertigem Sojawachs, sorgt diese Kerze f\u00fcr eine gleichm\u00e4\u00dfige, langanhaltende Brenndauer und eine saubere Verbrennung.<\/p>\n<hr data-start=\"1036\" data-end=\"1039\" \/>\n<h4 data-start=\"1041\" data-end=\"1095\"><span role=\"text\"><strong data-start=\"1046\" data-end=\"1095\">Zeitloses Glasdesign f\u00fcr stilvolle Dekoration<\/strong><\/span><\/h4>\n<p data-start=\"1096\" data-end=\"1228\">Das minimalistische Glas passt perfekt zu modernen und klassischen Einrichtungsstilen und kann nach Gebrauch wiederverwendet werden.<\/p>\n<hr data-start=\"1230\" data-end=\"1233\" \/>\n<h4 data-start=\"1235\" data-end=\"1289\"><span role=\"text\"><strong data-start=\"1240\" data-end=\"1289\">Sanfter Duft f\u00fcr Entspannung und Wohlbefinden<\/strong><\/span><\/h4>\n<p data-start=\"1290\" data-end=\"1411\">Die dezente Duftkomposition wirkt beruhigend und eignet sich ideal f\u00fcr ruhige Abende, Schlafzimmer oder Wellness-Momente.<\/p>\n<hr data-start=\"1413\" data-end=\"1416\" \/>\n<h4 data-start=\"1418\" data-end=\"1475\"><span role=\"text\"><strong data-start=\"1423\" data-end=\"1475\">Perfekt als Geschenk oder f\u00fcr den eigenen Genuss<\/strong><\/span><\/h4>\n<p data-start=\"1476\" data-end=\"1569\">Diese Duftkerze ist eine elegante Geschenkidee oder eine stilvolle Erg\u00e4nzung f\u00fcr Ihr Zuhause.<\/p>\n<hr data-start=\"1571\" data-end=\"1574\" \/>\n<h4 data-start=\"1576\" data-end=\"1599\"><span role=\"text\"><strong data-start=\"1581\" data-end=\"1599\">D\u00e9tails du produit<\/strong><\/span><\/h4>\n<p data-start=\"1600\" data-end=\"1766\">Material: Sojawachs<br data-start=\"1619\" data-end=\"1622\" \/>Beh\u00e4lter: Glas<br data-start=\"1636\" data-end=\"1639\" \/>Duft: Moonstone<br data-start=\"1654\" data-end=\"1657\" \/>F\u00fcllmenge: ca. 220 ml<br data-start=\"1678\" data-end=\"1681\" \/>Brenndauer: ca. 30\u201335 Stunden<br data-start=\"1710\" data-end=\"1713\" \/>Farbe: Wei\u00df<br data-start=\"1724\" data-end=\"1727\" \/>Gewicht: ca. 0.5 kg<br data-start=\"1746\" data-end=\"1749\" \/>Origine : Chine<\/p>\n<hr data-start=\"2147\" data-end=\"2150\" \/>\n<h4 data-start=\"413\" data-end=\"449\">D\u00e9couvrez plus d&#039;inspiration<\/h4>\n<p data-start=\"450\" data-end=\"582\">Vous recherchez des produits plus originaux\u00a0? D\u00e9couvrez d\u2019autres produits phares de notre gamme ou visitez les projets de nos partenaires\u00a0:<\/p>\n<ul data-start=\"584\" data-end=\"920\">\n<li><a href=\"https:\/\/matvana.com\/fr\/shop\/\">D\u00e9couvrez des id\u00e9es d\u00e9co et cadeaux \u00e9l\u00e9gantes chez Matvana<\/a><\/li>\n<li data-start=\"657\" data-end=\"783\">\n<p data-start=\"659\" data-end=\"783\"><a href=\"https:\/\/honigbee.com\/shop\/\" target=\"_blank\" rel=\"noopener\">D\u00e9couvrez les produits naturels chez Honigbee<br \/>\n<\/a><\/p>\n<\/li>\n<li><a href=\"https:\/\/saphirsmaragd.com\/shop\/\" target=\"_blank\" rel=\"noopener\">D\u00e9couvrez les pierres pr\u00e9cieuses et les bijoux chez Saphir &amp; \u00c9meraude<\/a><\/li>\n<\/ul>","protected":false},"excerpt":{"rendered":"<p data-start=\"322\" data-end=\"468\"><em>Duftkerze Glas Moonstone aus Sojawachs im stilvollen Glas. Sanfter, eleganter Duft mit langer Brenndauer \u2013 perfekt f\u00fcr entspannte Wohlf\u00fchlmomente.<\/em><\/p>","protected":false},"featured_media":21971,"comment_status":"open","ping_status":"closed","template":"","meta":{"_glsr_average":0,"_glsr_ranking":0,"_glsr_reviews":0},"product_brand":[],"product_cat":[202],"product_tag":[],"class_list":{"0":"post-21972","1":"product","2":"type-product","3":"status-publish","4":"has-post-thumbnail","6":"product_cat-duftkerzen","8":"first","9":"instock","10":"taxable","11":"shipping-taxable","12":"purchasable","13":"product-type-simple"},"jetpack_sharing_enabled":true,"_links":{"self":[{"href":"https:\/\/matvana.com\/fr\/wp-json\/wp\/v2\/product\/21972","targetHints":{"allow":["GET"]}}],"collection":[{"href":"https:\/\/matvana.com\/fr\/wp-json\/wp\/v2\/product"}],"about":[{"href":"https:\/\/matvana.com\/fr\/wp-json\/wp\/v2\/types\/product"}],"replies":[{"embeddable":true,"href":"https:\/\/matvana.com\/fr\/wp-json\/wp\/v2\/comments?post=21972"}],"version-history":[{"count":3,"href":"https:\/\/matvana.com\/fr\/wp-json\/wp\/v2\/product\/21972\/revisions"}],"predecessor-version":[{"id":22843,"href":"https:\/\/matvana.com\/fr\/wp-json\/wp\/v2\/product\/21972\/revisions\/22843"}],"wp:featuredmedia":[{"embeddable":true,"href":"https:\/\/matvana.com\/fr\/wp-json\/wp\/v2\/media\/21971"}],"wp:attachment":[{"href":"https:\/\/matvana.com\/fr\/wp-json\/wp\/v2\/media?parent=21972"}],"wp:term":[{"taxonomy":"product_brand","embeddable":true,"href":"https:\/\/matvana.com\/fr\/wp-json\/wp\/v2\/product_brand?post=21972"},{"taxonomy":"product_cat","embeddable":true,"href":"https:\/\/matvana.com\/fr\/wp-json\/wp\/v2\/product_cat?post=21972"},{"taxonomy":"product_tag","embeddable":true,"href":"https:\/\/matvana.com\/fr\/wp-json\/wp\/v2\/product_tag?post=21972"}],"curies":[{"name":"wp","href":"https:\/\/api.w.org\/{rel}","templated":true}]}}