{"id":21962,"date":"2026-04-04T21:38:21","date_gmt":"2026-04-04T19:38:21","guid":{"rendered":"https:\/\/matvana.com\/product\/jam-jar-candle-fell-berry\/"},"modified":"2026-04-21T17:27:20","modified_gmt":"2026-04-21T15:27:20","slug":"duftkerze-glas-fell-berry","status":"publish","type":"product","link":"https:\/\/matvana.com\/fr\/product\/duftkerze-glas-fell-berry\/","title":{"rendered":"Bougie parfum\u00e9e en verre Fell Berry \u2013 bougie en cire de soja dans un pot en verre, 220 ml, parfum fruit\u00e9 aux baies, longue dur\u00e9e de combustion"},"content":{"rendered":"<h4 data-start=\"648\" data-end=\"712\"><span role=\"text\"><strong data-start=\"653\" data-end=\"712\">Duftkerze Glas Fell Berry f\u00fcr fruchtige Wohlf\u00fchlmomente<\/strong><\/span><\/h4>\n<p data-start=\"713\" data-end=\"834\">Die Duftkerze Glas Fell Berry bringt mit ihrem intensiven Beerenduft eine warme und einladende Atmosph\u00e4re in Ihr Zuhause.<\/p>\n<hr data-start=\"836\" data-end=\"839\" \/>\n<h4 data-start=\"841\" data-end=\"895\"><span role=\"text\"><strong data-start=\"846\" data-end=\"895\">Nachhaltiges Sojawachs f\u00fcr sauberes Abbrennen<\/strong><\/span><\/h4>\n<p data-start=\"896\" data-end=\"1061\">Diese Kerze besteht aus hochwertigem Sojawachs und ist eine umweltfreundliche Alternative zu herk\u00f6mmlichen Kerzen. Sie brennt gleichm\u00e4\u00dfig, l\u00e4nger und nahezu ru\u00dffrei.<\/p>\n<hr data-start=\"1063\" data-end=\"1066\" \/>\n<h4 data-start=\"1068\" data-end=\"1118\"><span role=\"text\"><strong data-start=\"1073\" data-end=\"1118\">Stilvolles Glasdesign zum Wiederverwenden<\/strong><\/span><\/h4>\n<p data-start=\"1119\" data-end=\"1236\">Das dekorative Glasgef\u00e4\u00df sorgt f\u00fcr eine elegante Optik und kann nach dem Abbrennen vielseitig weiterverwendet werden.<\/p>\n<hr data-start=\"1238\" data-end=\"1241\" \/>\n<h4 data-start=\"1243\" data-end=\"1277\"><span role=\"text\"><strong data-start=\"1248\" data-end=\"1277\">Fruchtige Duftkomposition<\/strong><\/span><\/h4>\n<p data-start=\"1278\" data-end=\"1348\">Die Duftstruktur \u00fcberzeugt mit einer intensiven und frischen Mischung:<\/p>\n<p data-start=\"1350\" data-end=\"1478\">Kopfnote: Apfel, Brombeere, Schwarze Johannisbeere, Himbeere, Erdbeere<br data-start=\"1420\" data-end=\"1423\" \/>Herznote: Kr\u00e4uter, Minze<br data-start=\"1447\" data-end=\"1450\" \/>Basisnote: Fruchtige Noten<\/p>\n<hr data-start=\"1480\" data-end=\"1483\" \/>\n<h4 data-start=\"1485\" data-end=\"1533\"><span role=\"text\"><strong data-start=\"1490\" data-end=\"1533\">Ideal als Geschenk oder f\u00fcr Ihr Zuhause<\/strong><\/span><\/h4>\n<p data-start=\"1534\" data-end=\"1621\">Perfekt f\u00fcr entspannte Abende, als dekoratives Element oder als stilvolle Geschenkidee.<\/p>\n<hr data-start=\"1623\" data-end=\"1626\" \/>\n<h4 data-start=\"1628\" data-end=\"1651\"><span role=\"text\"><strong data-start=\"1633\" data-end=\"1651\">D\u00e9tails du produit<\/strong><\/span><\/h4>\n<p data-start=\"1652\" data-end=\"1819\">Material: Sojawachs<br data-start=\"1671\" data-end=\"1674\" \/>Beh\u00e4lter: Glas<br data-start=\"1688\" data-end=\"1691\" \/>Duft: Fell Berry<br data-start=\"1707\" data-end=\"1710\" \/>F\u00fcllmenge: ca. 220 ml<br data-start=\"1731\" data-end=\"1734\" \/>Brenndauer: ca. 30\u201335 Stunden<br data-start=\"1763\" data-end=\"1766\" \/>Farbe: Wei\u00df<br data-start=\"1777\" data-end=\"1780\" \/>Gewicht: ca. 0.5 kg<br data-start=\"1799\" data-end=\"1802\" \/>Origine : Chine<\/p>\n<hr data-start=\"2147\" data-end=\"2150\" \/>\n<h4 data-start=\"413\" data-end=\"449\">D\u00e9couvrez plus d&#039;inspiration<\/h4>\n<p data-start=\"450\" data-end=\"582\">Vous recherchez des produits plus originaux\u00a0? D\u00e9couvrez d\u2019autres produits phares de notre gamme ou visitez les projets de nos partenaires\u00a0:<\/p>\n<ul data-start=\"584\" data-end=\"920\">\n<li><a href=\"https:\/\/matvana.com\/fr\/shop\/\">D\u00e9couvrez des id\u00e9es d\u00e9co et cadeaux \u00e9l\u00e9gantes chez Matvana<\/a><\/li>\n<li data-start=\"657\" data-end=\"783\">\n<p data-start=\"659\" data-end=\"783\"><a href=\"https:\/\/honigbee.com\/shop\/\" target=\"_blank\" rel=\"noopener\">D\u00e9couvrez les produits naturels chez Honigbee<br \/>\n<\/a><\/p>\n<\/li>\n<li><a href=\"https:\/\/saphirsmaragd.com\/shop\/\" target=\"_blank\" rel=\"noopener\">D\u00e9couvrez les pierres pr\u00e9cieuses et les bijoux chez Saphir &amp; \u00c9meraude<\/a><\/li>\n<\/ul>","protected":false},"excerpt":{"rendered":"<p data-start=\"332\" data-end=\"490\"><em>Duftkerze Glas Fell Berry aus Sojawachs im eleganten Glas. Fruchtiger Duft, lange Brenndauer und nachhaltige Qualit\u00e4t \u2013 perfekt f\u00fcr Zuhause oder als Geschenk.<\/em><\/p>","protected":false},"featured_media":21961,"comment_status":"open","ping_status":"closed","template":"","meta":{"_glsr_average":0,"_glsr_ranking":0,"_glsr_reviews":0},"product_brand":[],"product_cat":[202],"product_tag":[],"class_list":{"0":"post-21962","1":"product","2":"type-product","3":"status-publish","4":"has-post-thumbnail","6":"product_cat-duftkerzen","8":"first","9":"instock","10":"taxable","11":"shipping-taxable","12":"purchasable","13":"product-type-simple"},"jetpack_sharing_enabled":true,"_links":{"self":[{"href":"https:\/\/matvana.com\/fr\/wp-json\/wp\/v2\/product\/21962","targetHints":{"allow":["GET"]}}],"collection":[{"href":"https:\/\/matvana.com\/fr\/wp-json\/wp\/v2\/product"}],"about":[{"href":"https:\/\/matvana.com\/fr\/wp-json\/wp\/v2\/types\/product"}],"replies":[{"embeddable":true,"href":"https:\/\/matvana.com\/fr\/wp-json\/wp\/v2\/comments?post=21962"}],"version-history":[{"count":3,"href":"https:\/\/matvana.com\/fr\/wp-json\/wp\/v2\/product\/21962\/revisions"}],"predecessor-version":[{"id":22828,"href":"https:\/\/matvana.com\/fr\/wp-json\/wp\/v2\/product\/21962\/revisions\/22828"}],"wp:featuredmedia":[{"embeddable":true,"href":"https:\/\/matvana.com\/fr\/wp-json\/wp\/v2\/media\/21961"}],"wp:attachment":[{"href":"https:\/\/matvana.com\/fr\/wp-json\/wp\/v2\/media?parent=21962"}],"wp:term":[{"taxonomy":"product_brand","embeddable":true,"href":"https:\/\/matvana.com\/fr\/wp-json\/wp\/v2\/product_brand?post=21962"},{"taxonomy":"product_cat","embeddable":true,"href":"https:\/\/matvana.com\/fr\/wp-json\/wp\/v2\/product_cat?post=21962"},{"taxonomy":"product_tag","embeddable":true,"href":"https:\/\/matvana.com\/fr\/wp-json\/wp\/v2\/product_tag?post=21962"}],"curies":[{"name":"wp","href":"https:\/\/api.w.org\/{rel}","templated":true}]}}