{"id":21884,"date":"2026-04-04T21:29:50","date_gmt":"2026-04-04T19:29:50","guid":{"rendered":"https:\/\/matvana.com\/product\/pot-concrete-soy-candle-green-sea-moss-herbs\/"},"modified":"2026-04-21T17:14:08","modified_gmt":"2026-04-21T15:14:08","slug":"beton-sojawachs-kerze-gruen","status":"publish","type":"product","link":"https:\/\/matvana.com\/fr\/product\/beton-sojawachs-kerze-gruen\/","title":{"rendered":"Bougie parfum\u00e9e en cire de soja, couleur verte, avec m\u00e8che en bois, aux senteurs de mousse marine et d&#039;herbes, 7,5 \u00d7 7,5 cm, 0,3 kg"},"content":{"rendered":"<h4 data-start=\"735\" data-end=\"794\"><span role=\"text\"><strong data-start=\"740\" data-end=\"794\">Beton Sojawachs Kerze Gr\u00fcn f\u00fcr stilvolle Wohnr\u00e4ume<\/strong><\/span><\/h4>\n<p data-start=\"795\" data-end=\"1035\">Die Beton Sojawachs Kerze Gr\u00fcn vereint modernes Design mit einer beruhigenden Atmosph\u00e4re. Durch die Kombination aus nat\u00fcrlichem Sojawachs, minimalistischem Beton und einem eleganten Duft wird sie zu einem stilvollen Highlight in jedem Raum.<\/p>\n<hr data-start=\"1037\" data-end=\"1040\" \/>\n<h4 data-start=\"1042\" data-end=\"1097\"><span role=\"text\"><strong data-start=\"1047\" data-end=\"1097\">Nat\u00fcrliche Materialien &amp; gleichm\u00e4\u00dfiger Abbrand<\/strong><\/span><\/h4>\n<p data-start=\"1098\" data-end=\"1334\">Gefertigt aus hochwertigem Sojawachs sorgt die Kerze f\u00fcr ein sauberes und gleichm\u00e4\u00dfiges Abbrennen. Der Wooden Wick erzeugt dabei ein sanftes Knistern, das eine entspannte und gem\u00fctliche Stimmung wie bei einem kleinen Kaminfeuer schafft.<\/p>\n<hr data-start=\"1336\" data-end=\"1339\" \/>\n<h4 data-start=\"1341\" data-end=\"1387\"><span role=\"text\"><strong data-start=\"1346\" data-end=\"1387\">Frischer Duft aus Sea Moss &amp; Kr\u00e4utern<\/strong><\/span><\/h4>\n<p data-start=\"1388\" data-end=\"1475\">Der Duft aus Sea Moss &amp; Kr\u00e4utern wirkt belebend und gleichzeitig beruhigend. Ideal f\u00fcr:<\/p>\n<ul data-start=\"1476\" data-end=\"1568\">\n<li data-section-id=\"18368tp\" data-start=\"1476\" data-end=\"1497\">Entspannte Abende<\/li>\n<li data-section-id=\"46pmc9\" data-start=\"1498\" data-end=\"1518\">Ruhige Wohnr\u00e4ume<\/li>\n<li data-section-id=\"cbilox\" data-start=\"1519\" data-end=\"1543\">Frische Raumstimmung<\/li>\n<li data-section-id=\"lmjckc\" data-start=\"1544\" data-end=\"1568\">Stilvolle Dekoration<\/li>\n<\/ul>\n<hr data-start=\"1570\" data-end=\"1573\" \/>\n<h4 data-start=\"1575\" data-end=\"1630\"><span role=\"text\"><strong data-start=\"1580\" data-end=\"1630\">Modernes Beton Design \u2013 jedes St\u00fcck ein Unikat<\/strong><\/span><\/h4>\n<p data-start=\"1631\" data-end=\"1842\">Das Betongef\u00e4\u00df verleiht der Kerze eine nat\u00fcrliche und moderne Optik. Durch die individuelle Struktur des Materials ist jede Kerze einzigartig und passt perfekt in minimalistische sowie moderne Einrichtungsstile.<\/p>\n<hr data-start=\"1844\" data-end=\"1847\" \/>\n<h4 data-start=\"1849\" data-end=\"1886\"><span role=\"text\"><strong data-start=\"1854\" data-end=\"1886\">Praktisch &amp; wiederverwendbar<\/strong><\/span><\/h4>\n<p data-start=\"1887\" data-end=\"2030\">Nach dem Abbrennen kann das Betongef\u00e4\u00df vielseitig weiterverwendet werden \u2013 zum Beispiel als Pflanzentopf oder dekoratives Aufbewahrungselement.<\/p>\n<hr data-start=\"2032\" data-end=\"2035\" \/>\n<h4 data-start=\"2037\" data-end=\"2060\"><span role=\"text\"><strong data-start=\"2042\" data-end=\"2060\">D\u00e9tails du produit<\/strong><\/span><\/h4>\n<p data-start=\"2061\" data-end=\"2234\">Material: Beton, Sojawachs, Holzdocht<br data-start=\"2098\" data-end=\"2101\" \/>Duft: Sea Moss &amp; Kr\u00e4uter<br data-start=\"2125\" data-end=\"2128\" \/>Ma\u00dfe: 7.5 \u00d7 7.5 \u00d7 7.5 cm<br data-start=\"2152\" data-end=\"2155\" \/>Gewicht (Netto): ca. 0.3 kg<br data-start=\"2182\" data-end=\"2185\" \/>Brenndauer: ca. 20\u201325 Stunden<br data-start=\"2214\" data-end=\"2217\" \/>Origine : Chine<\/p>\n<hr data-start=\"2147\" data-end=\"2150\" \/>\n<h4 data-start=\"413\" data-end=\"449\">D\u00e9couvrez plus d&#039;inspiration<\/h4>\n<p data-start=\"450\" data-end=\"582\">Vous recherchez des produits plus originaux\u00a0? D\u00e9couvrez d\u2019autres produits phares de notre gamme ou visitez les projets de nos partenaires\u00a0:<\/p>\n<ul data-start=\"584\" data-end=\"920\">\n<li><a href=\"https:\/\/matvana.com\/fr\/shop\/\">D\u00e9couvrez des id\u00e9es d\u00e9co et cadeaux \u00e9l\u00e9gantes chez Matvana<\/a><\/li>\n<li data-start=\"657\" data-end=\"783\">\n<p data-start=\"659\" data-end=\"783\"><a href=\"https:\/\/honigbee.com\/shop\/\" target=\"_blank\" rel=\"noopener\">D\u00e9couvrez les produits naturels chez Honigbee<br \/>\n<\/a><\/p>\n<\/li>\n<li><a href=\"https:\/\/saphirsmaragd.com\/shop\/\" target=\"_blank\" rel=\"noopener\">D\u00e9couvrez les pierres pr\u00e9cieuses et les bijoux chez Saphir &amp; \u00c9meraude<\/a><\/li>\n<\/ul>","protected":false},"excerpt":{"rendered":"<p data-start=\"397\" data-end=\"573\"><em>Beton Sojawachs Kerze Gr\u00fcn mit Wooden Wick und frischem Duft aus Sea Moss &amp; Kr\u00e4utern. 7.5\u00d77.5 cm kompakt, ca. 0.3 kg \u2013 stilvolle Duftkerze f\u00fcr moderne und entspannte Wohnr\u00e4ume.<\/em><\/p>","protected":false},"featured_media":21877,"comment_status":"open","ping_status":"closed","template":"","meta":{"_glsr_average":0,"_glsr_ranking":0,"_glsr_reviews":0},"product_brand":[],"product_cat":[202],"product_tag":[],"class_list":{"0":"post-21884","1":"product","2":"type-product","3":"status-publish","4":"has-post-thumbnail","6":"product_cat-duftkerzen","8":"first","9":"instock","10":"taxable","11":"shipping-taxable","12":"purchasable","13":"product-type-simple"},"jetpack_sharing_enabled":true,"_links":{"self":[{"href":"https:\/\/matvana.com\/fr\/wp-json\/wp\/v2\/product\/21884","targetHints":{"allow":["GET"]}}],"collection":[{"href":"https:\/\/matvana.com\/fr\/wp-json\/wp\/v2\/product"}],"about":[{"href":"https:\/\/matvana.com\/fr\/wp-json\/wp\/v2\/types\/product"}],"replies":[{"embeddable":true,"href":"https:\/\/matvana.com\/fr\/wp-json\/wp\/v2\/comments?post=21884"}],"version-history":[{"count":3,"href":"https:\/\/matvana.com\/fr\/wp-json\/wp\/v2\/product\/21884\/revisions"}],"predecessor-version":[{"id":22810,"href":"https:\/\/matvana.com\/fr\/wp-json\/wp\/v2\/product\/21884\/revisions\/22810"}],"wp:featuredmedia":[{"embeddable":true,"href":"https:\/\/matvana.com\/fr\/wp-json\/wp\/v2\/media\/21877"}],"wp:attachment":[{"href":"https:\/\/matvana.com\/fr\/wp-json\/wp\/v2\/media?parent=21884"}],"wp:term":[{"taxonomy":"product_brand","embeddable":true,"href":"https:\/\/matvana.com\/fr\/wp-json\/wp\/v2\/product_brand?post=21884"},{"taxonomy":"product_cat","embeddable":true,"href":"https:\/\/matvana.com\/fr\/wp-json\/wp\/v2\/product_cat?post=21884"},{"taxonomy":"product_tag","embeddable":true,"href":"https:\/\/matvana.com\/fr\/wp-json\/wp\/v2\/product_tag?post=21884"}],"curies":[{"name":"wp","href":"https:\/\/api.w.org\/{rel}","templated":true}]}}