{"id":21491,"date":"2026-04-04T20:56:52","date_gmt":"2026-04-04T18:56:52","guid":{"rendered":"https:\/\/matvana.com\/product\/unlabeled-aromatherapy-candle-creativity\/"},"modified":"2026-04-19T16:50:18","modified_gmt":"2026-04-19T14:50:18","slug":"duftkerze-sojawachs-glas-kreativitaet","status":"publish","type":"product","link":"https:\/\/matvana.com\/fr\/product\/duftkerze-sojawachs-glas-kreativitaet\/","title":{"rendered":"Duftkerze Sojawachs Glas Kreativit\u00e4t \u2013 Aromatherapie Kerze im Glas mit Deckel 9.5&#215;7 cm"},"content":{"rendered":"<p data-start=\"715\" data-end=\"792\"><strong data-start=\"715\" data-end=\"792\">Duftkerze Sojawachs Glas Kreativit\u00e4t \u2013 Aromatherapie f\u00fcr mehr Inspiration<\/strong><\/p>\n<p data-start=\"794\" data-end=\"1030\">Die Duftkerze Sojawachs Glas Kreativit\u00e4t wurde speziell entwickelt, um eine inspirierende und entspannende Atmosph\u00e4re zu schaffen. Mit ausgew\u00e4hlten \u00e4therischen \u00d6len unterst\u00fctzt sie kreative Prozesse und sorgt f\u00fcr Wohlbefinden im Alltag.<\/p>\n<hr data-start=\"1032\" data-end=\"1035\" \/>\n<p data-start=\"1037\" data-end=\"1063\"><strong data-start=\"1037\" data-end=\"1063\">Nat\u00fcrlich &amp; hochwertig<\/strong><\/p>\n<p data-start=\"1065\" data-end=\"1249\">Diese Duftkerze Sojawachs Glas Kreativit\u00e4t besteht aus nat\u00fcrlichem Sojawachs und ist frei von Paraffin. Sie brennt sauber und gleichm\u00e4\u00dfig und ist eine nachhaltige Wahl f\u00fcr Ihr Zuhause.<\/p>\n<hr data-start=\"1251\" data-end=\"1254\" \/>\n<p data-start=\"1256\" data-end=\"1281\"><strong data-start=\"1256\" data-end=\"1281\">Aromatherapie Wirkung<\/strong><\/p>\n<p data-start=\"1283\" data-end=\"1457\">Die Duftkombination aus \u00e4therischen \u00d6len kann dabei helfen, Konzentration, Kreativit\u00e4t und Entspannung zu f\u00f6rdern. Ideal f\u00fcr Arbeitsr\u00e4ume, kreative Phasen oder ruhige Abende.<\/p>\n<hr data-start=\"1459\" data-end=\"1462\" \/>\n<p data-start=\"1464\" data-end=\"1488\"><strong data-start=\"1464\" data-end=\"1488\">Elegantes Glasdesign<\/strong><\/p>\n<p data-start=\"1490\" data-end=\"1673\">Die Duftkerze Sojawachs Glas Kreativit\u00e4t wird in einem stilvollen Glas mit Deckel geliefert. Das zeitlose Design passt perfekt in moderne Wohnr\u00e4ume und sch\u00fctzt die Kerze gleichzeitig.<\/p>\n<hr data-start=\"1675\" data-end=\"1678\" \/>\n<p data-start=\"1680\" data-end=\"1700\"><strong data-start=\"1680\" data-end=\"1700\">Lange Brenndauer<\/strong><\/p>\n<p data-start=\"1702\" data-end=\"1818\">Mit einer Brenndauer von bis zu 40 Stunden sorgt diese Kerze f\u00fcr langanhaltenden Duft und eine angenehme Atmosph\u00e4re.<\/p>\n<hr data-start=\"1820\" data-end=\"1823\" \/>\n<h4 data-section-id=\"1h9hqnb\" data-start=\"1825\" data-end=\"1847\"><span role=\"text\"><strong data-start=\"1829\" data-end=\"1847\">D\u00e9tails du produit<\/strong><\/span><\/h4>\n<p data-start=\"1849\" data-end=\"2065\">Material: Sojawachs \/ Glas<br data-start=\"1875\" data-end=\"1878\" \/>Duft: Kreativit\u00e4t (\u00e4therische \u00d6le \u2013 z. B. Pfefferminze &amp; Nelke)<br data-start=\"1941\" data-end=\"1944\" \/>Farbe: Braun \/ Amber Glas<br data-start=\"1969\" data-end=\"1972\" \/>Gr\u00f6\u00dfe: 9.5 x 7 cm<br data-start=\"1989\" data-end=\"1992\" \/>Brenndauer: ca. 40 Stunden<br data-start=\"2018\" data-end=\"2021\" \/>Besonderheit: Mit Deckel<br data-start=\"2045\" data-end=\"2048\" \/>Origine : Chine<\/p>\n<hr data-start=\"2312\" data-end=\"2315\" \/>\n<h4 data-start=\"413\" data-end=\"449\">D\u00e9couvrez plus d&#039;inspiration<\/h4>\n<p data-start=\"450\" data-end=\"582\">Vous recherchez des produits plus originaux\u00a0? D\u00e9couvrez d\u2019autres produits phares de notre gamme ou visitez les projets de nos partenaires\u00a0:<\/p>\n<ul data-start=\"584\" data-end=\"920\">\n<li><a href=\"https:\/\/matvana.com\/fr\/shop\/\">D\u00e9couvrez des id\u00e9es d\u00e9co et cadeaux \u00e9l\u00e9gantes chez Matvana<\/a><\/li>\n<li data-start=\"657\" data-end=\"783\">\n<p data-start=\"659\" data-end=\"783\"><a href=\"https:\/\/honigbee.com\/shop\/\" target=\"_blank\" rel=\"noopener\">D\u00e9couvrez les produits naturels chez Honigbee<br \/>\n<\/a><\/p>\n<\/li>\n<li><a href=\"https:\/\/saphirsmaragd.com\/shop\/\" target=\"_blank\" rel=\"noopener\">D\u00e9couvrez les pierres pr\u00e9cieuses et les bijoux chez Saphir &amp; \u00c9meraude<\/a><\/li>\n<\/ul>","protected":false},"excerpt":{"rendered":"<p data-start=\"413\" data-end=\"564\"><em>Duftkerze Sojawachs Glas Kreativit\u00e4t mit \u00e4therischen \u00d6len. Aromatherapie Kerze im Glas mit Deckel, bis zu 40h Brenndauer \u2013 nat\u00fcrlich &amp; entspannend.<\/em><\/p>","protected":false},"featured_media":21486,"comment_status":"open","ping_status":"closed","template":"","meta":{"_glsr_average":0,"_glsr_ranking":0,"_glsr_reviews":0},"product_brand":[],"product_cat":[202],"product_tag":[],"class_list":{"0":"post-21491","1":"product","2":"type-product","3":"status-publish","4":"has-post-thumbnail","6":"product_cat-duftkerzen","8":"first","9":"instock","10":"taxable","11":"shipping-taxable","12":"purchasable","13":"product-type-simple"},"jetpack_sharing_enabled":true,"_links":{"self":[{"href":"https:\/\/matvana.com\/fr\/wp-json\/wp\/v2\/product\/21491","targetHints":{"allow":["GET"]}}],"collection":[{"href":"https:\/\/matvana.com\/fr\/wp-json\/wp\/v2\/product"}],"about":[{"href":"https:\/\/matvana.com\/fr\/wp-json\/wp\/v2\/types\/product"}],"replies":[{"embeddable":true,"href":"https:\/\/matvana.com\/fr\/wp-json\/wp\/v2\/comments?post=21491"}],"version-history":[{"count":3,"href":"https:\/\/matvana.com\/fr\/wp-json\/wp\/v2\/product\/21491\/revisions"}],"predecessor-version":[{"id":22700,"href":"https:\/\/matvana.com\/fr\/wp-json\/wp\/v2\/product\/21491\/revisions\/22700"}],"wp:featuredmedia":[{"embeddable":true,"href":"https:\/\/matvana.com\/fr\/wp-json\/wp\/v2\/media\/21486"}],"wp:attachment":[{"href":"https:\/\/matvana.com\/fr\/wp-json\/wp\/v2\/media?parent=21491"}],"wp:term":[{"taxonomy":"product_brand","embeddable":true,"href":"https:\/\/matvana.com\/fr\/wp-json\/wp\/v2\/product_brand?post=21491"},{"taxonomy":"product_cat","embeddable":true,"href":"https:\/\/matvana.com\/fr\/wp-json\/wp\/v2\/product_cat?post=21491"},{"taxonomy":"product_tag","embeddable":true,"href":"https:\/\/matvana.com\/fr\/wp-json\/wp\/v2\/product_tag?post=21491"}],"curies":[{"name":"wp","href":"https:\/\/api.w.org\/{rel}","templated":true}]}}