{"id":21371,"date":"2026-04-04T20:54:30","date_gmt":"2026-04-04T18:54:30","guid":{"rendered":"https:\/\/matvana.com\/product\/pure-natural-wax-dinner-candle-25x2-3-blue\/"},"modified":"2026-04-18T18:01:35","modified_gmt":"2026-04-18T16:01:35","slug":"stabkerzen-blau-set-naturwachs","status":"publish","type":"product","link":"https:\/\/matvana.com\/fr\/product\/stabkerzen-blau-set-naturwachs\/","title":{"rendered":"Stabkerzen Blau Set Naturwachs \u2013 4er Set Dinner Kerzen 25 cm, lange Brenndauer"},"content":{"rendered":"<h4 data-start=\"500\" data-end=\"566\">Stilvolle Atmosph\u00e4re mit dem Stabkerzen Blau Set Naturwachs<\/h4>\n<p data-start=\"567\" data-end=\"791\">Das Stabkerzen Blau Set Naturwachs sorgt f\u00fcr eine elegante und ruhige Lichtstimmung in Ihrem Zuhause. Die klare Form und die intensive blaue Farbe machen diese Kerzen zu einem stilvollen Highlight f\u00fcr jede Tischdekoration.<\/p>\n<hr data-start=\"793\" data-end=\"798\" \/>\n<h4 data-start=\"800\" data-end=\"841\">Nachhaltige Materialien aus Europa<\/h4>\n<p data-start=\"842\" data-end=\"1035\">Gefertigt aus Rapswachs und Stearin aus europ\u00e4ischer Produktion stehen diese Kerzen f\u00fcr Nachhaltigkeit und Qualit\u00e4t. Sie sind frei von Palm\u00f6l und werden ohne Kunststoffverpackung hergestellt.<\/p>\n<hr data-start=\"1037\" data-end=\"1042\" \/>\n<h4 data-start=\"1044\" data-end=\"1091\">Ruhiges und gleichm\u00e4\u00dfiges Brennverhalten<\/h4>\n<p data-start=\"1092\" data-end=\"1260\">Die hochwertigen Dinnerkerzen \u00fcberzeugen durch eine besonders saubere und gleichm\u00e4\u00dfige Verbrennung. Sie erzeugen ein warmes, flackerndes Licht und sind nahezu ru\u00dfarm.<\/p>\n<hr data-start=\"1262\" data-end=\"1267\" \/>\n<h4 data-start=\"1269\" data-end=\"1315\">Perfekt f\u00fcr stilvolle Tischdekorationen<\/h4>\n<p data-start=\"1316\" data-end=\"1375\">Das Stabkerzen Blau Set Naturwachs eignet sich ideal f\u00fcr:<\/p>\n<ul data-start=\"1377\" data-end=\"1494\">\n<li data-section-id=\"ywr9ur\" data-start=\"1377\" data-end=\"1403\">elegante Dinner-Abende<\/li>\n<li data-section-id=\"4fryhi\" data-start=\"1404\" data-end=\"1433\">moderne Tischdekorationen<\/li>\n<li data-section-id=\"6y78tv\" data-start=\"1434\" data-end=\"1470\">Hochzeiten und besondere Anl\u00e4sse<\/li>\n<li data-section-id=\"wlgc77\" data-start=\"1471\" data-end=\"1494\">stilvolle Wohnr\u00e4ume<\/li>\n<\/ul>\n<hr data-start=\"1496\" data-end=\"1501\" \/>\n<h4 data-start=\"1503\" data-end=\"1549\">Praktisches Set f\u00fcr vielseitige Nutzung<\/h4>\n<p data-start=\"1550\" data-end=\"1677\">Das 4er Set bietet Ihnen mehrere Einsatzm\u00f6glichkeiten gleichzeitig und sorgt f\u00fcr ein harmonisches Gesamtbild auf jedem Tisch.<\/p>\n<hr data-start=\"1679\" data-end=\"1684\" \/>\n<h4 data-start=\"1686\" data-end=\"1707\">D\u00e9tails du produit<\/h4>\n<p data-start=\"1709\" data-end=\"1892\">Material: Rapswachs | Stearin<br data-start=\"1738\" data-end=\"1741\" \/>Farbe: Blau<br data-start=\"1752\" data-end=\"1755\" \/>Set: 4 St\u00fcck<br data-start=\"1767\" data-end=\"1770\" \/>H\u00f6he: ca. 25 cm<br data-start=\"1785\" data-end=\"1788\" \/>Durchmesser: ca. 2.3 cm<br data-start=\"1811\" data-end=\"1814\" \/>Brenndauer: ca. 10 Stunden<br data-start=\"1840\" data-end=\"1843\" \/>Herkunft: Deutschland<br data-start=\"1864\" data-end=\"1867\" \/>Verpackung: plastikfrei<\/p>\n<hr data-start=\"2312\" data-end=\"2315\" \/>\n<h4 data-start=\"413\" data-end=\"449\">D\u00e9couvrez plus d&#039;inspiration<\/h4>\n<p data-start=\"450\" data-end=\"582\">Vous recherchez des produits plus originaux\u00a0? D\u00e9couvrez d\u2019autres produits phares de notre gamme ou visitez les projets de nos partenaires\u00a0:<\/p>\n<ul data-start=\"584\" data-end=\"920\">\n<li><a href=\"https:\/\/matvana.com\/fr\/shop\/\">D\u00e9couvrez des id\u00e9es d\u00e9co et cadeaux \u00e9l\u00e9gantes chez Matvana<\/a><\/li>\n<li data-start=\"657\" data-end=\"783\">\n<p data-start=\"659\" data-end=\"783\"><a href=\"https:\/\/honigbee.com\/shop\/\" target=\"_blank\" rel=\"noopener\">D\u00e9couvrez les produits naturels chez Honigbee<br \/>\n<\/a><\/p>\n<\/li>\n<li><a href=\"https:\/\/saphirsmaragd.com\/shop\/\" target=\"_blank\" rel=\"noopener\">D\u00e9couvrez les pierres pr\u00e9cieuses et les bijoux chez Saphir &amp; \u00c9meraude<\/a><\/li>\n<\/ul>","protected":false},"excerpt":{"rendered":"<p data-start=\"326\" data-end=\"467\"><em>Stabkerzen Blau Set Naturwachs im 4er Set aus europ\u00e4ischem Rapswachs. Hochwertige Dinner Kerzen mit ruhigem Abbrennen und stilvoller Optik.<\/em><\/p>","protected":false},"featured_media":21366,"comment_status":"open","ping_status":"closed","template":"","meta":{"_glsr_average":0,"_glsr_ranking":0,"_glsr_reviews":0},"product_brand":[],"product_cat":[209],"product_tag":[],"class_list":{"0":"post-21371","1":"product","2":"type-product","3":"status-publish","4":"has-post-thumbnail","6":"product_cat-deko-kerzen","8":"first","9":"instock","10":"taxable","11":"shipping-taxable","12":"purchasable","13":"product-type-simple"},"jetpack_sharing_enabled":true,"_links":{"self":[{"href":"https:\/\/matvana.com\/fr\/wp-json\/wp\/v2\/product\/21371","targetHints":{"allow":["GET"]}}],"collection":[{"href":"https:\/\/matvana.com\/fr\/wp-json\/wp\/v2\/product"}],"about":[{"href":"https:\/\/matvana.com\/fr\/wp-json\/wp\/v2\/types\/product"}],"replies":[{"embeddable":true,"href":"https:\/\/matvana.com\/fr\/wp-json\/wp\/v2\/comments?post=21371"}],"version-history":[{"count":3,"href":"https:\/\/matvana.com\/fr\/wp-json\/wp\/v2\/product\/21371\/revisions"}],"predecessor-version":[{"id":22670,"href":"https:\/\/matvana.com\/fr\/wp-json\/wp\/v2\/product\/21371\/revisions\/22670"}],"wp:featuredmedia":[{"embeddable":true,"href":"https:\/\/matvana.com\/fr\/wp-json\/wp\/v2\/media\/21366"}],"wp:attachment":[{"href":"https:\/\/matvana.com\/fr\/wp-json\/wp\/v2\/media?parent=21371"}],"wp:term":[{"taxonomy":"product_brand","embeddable":true,"href":"https:\/\/matvana.com\/fr\/wp-json\/wp\/v2\/product_brand?post=21371"},{"taxonomy":"product_cat","embeddable":true,"href":"https:\/\/matvana.com\/fr\/wp-json\/wp\/v2\/product_cat?post=21371"},{"taxonomy":"product_tag","embeddable":true,"href":"https:\/\/matvana.com\/fr\/wp-json\/wp\/v2\/product_tag?post=21371"}],"curies":[{"name":"wp","href":"https:\/\/api.w.org\/{rel}","templated":true}]}}