{"id":21334,"date":"2026-04-04T20:53:57","date_gmt":"2026-04-04T18:53:57","guid":{"rendered":"https:\/\/matvana.com\/product\/pot-concrete-soy-candle-black-brandy-butter\/"},"modified":"2026-04-18T17:47:53","modified_gmt":"2026-04-18T15:47:53","slug":"sojawachs-kerze-beton-schwarz-duftkerze","status":"publish","type":"product","link":"https:\/\/matvana.com\/fr\/product\/sojawachs-kerze-beton-schwarz-duftkerze\/","title":{"rendered":"Sojawachs Kerze Beton Schwarz Duftkerze \u2013 Duftkerze im Betontopf mit Holzdocht 7.5 x 7.5 cm"},"content":{"rendered":"<h4 data-start=\"696\" data-end=\"788\"><span role=\"text\"><strong data-start=\"701\" data-end=\"788\">Sojawachs Kerze Beton Schwarz Duftkerze \u2013 Modernes Design trifft Wohlf\u00fchlatmosph\u00e4re<\/strong><\/span><\/h4>\n<p data-start=\"789\" data-end=\"979\">Die Sojawachs Kerze Beton Schwarz Duftkerze kombiniert minimalistisches Design mit entspannendem Duft. Der stilvolle Betontopf in Schwarz macht sie zu einem modernen Blickfang in jedem Raum.<\/p>\n<hr data-start=\"981\" data-end=\"984\" \/>\n<h4 data-start=\"986\" data-end=\"1042\"><span role=\"text\"><strong data-start=\"991\" data-end=\"1042\">Nat\u00fcrliche Materialien &amp; hochwertiger Holzdocht<\/strong><\/span><\/h4>\n<p data-start=\"1043\" data-end=\"1192\">Hergestellt aus Sojawachs und einem nat\u00fcrlichen Holzdocht erzeugt diese Kerze ein sanftes Knistern beim Brennen \u2013 \u00e4hnlich wie ein kleines Kaminfeuer.<\/p>\n<hr data-start=\"1194\" data-end=\"1197\" \/>\n<h4 data-start=\"1199\" data-end=\"1236\"><span role=\"text\"><strong data-start=\"1204\" data-end=\"1236\">Wiederverwendbarer Betontopf<\/strong><\/span><\/h4>\n<p data-start=\"1237\" data-end=\"1375\">Der robuste Betontopf kann nach dem Abbrennen der Kerze vielseitig weiterverwendet werden, z. B. als Pflanzgef\u00e4\u00df oder dekoratives Element.<\/p>\n<hr data-start=\"1377\" data-end=\"1380\" \/>\n<h4 data-start=\"1382\" data-end=\"1427\"><span role=\"text\"><strong data-start=\"1387\" data-end=\"1427\">Perfekt f\u00fcr Entspannung &amp; Dekoration<\/strong><\/span><\/h4>\n<p data-start=\"1428\" data-end=\"1560\">Ob im Wohnzimmer, Schlafzimmer oder Badezimmer \u2013 diese Duftkerze sorgt f\u00fcr eine warme, beruhigende Atmosph\u00e4re und stilvolle Akzente.<\/p>\n<hr data-start=\"1562\" data-end=\"1565\" \/>\n<h4 data-start=\"1567\" data-end=\"1583\"><span role=\"text\"><strong data-start=\"1572\" data-end=\"1583\">Hinweis<\/strong><\/span><\/h4>\n<p data-start=\"1584\" data-end=\"1682\">Jeder Betontopf ist einzigartig \u2013 leichte Unterschiede in Farbe und Struktur sind materialbedingt.<\/p>\n<hr data-start=\"1684\" data-end=\"1687\" \/>\n<h4 data-start=\"1689\" data-end=\"1712\"><span role=\"text\"><strong data-start=\"1694\" data-end=\"1712\">D\u00e9tails du produit<\/strong><\/span><\/h4>\n<p data-start=\"1713\" data-end=\"1916\">Material: Beton \/ Sojawachs \/ Holzdocht<br data-start=\"1752\" data-end=\"1755\" \/>Origine : Chine<br data-start=\"1770\" data-end=\"1773\" \/>Farbe: Schwarz \/ Naturgrau<br data-start=\"1799\" data-end=\"1802\" \/>Gr\u00f6\u00dfe: ca. 7.5 x 7.5 cm<br data-start=\"1825\" data-end=\"1828\" \/>Gewicht: ca. 0.3 kg<br data-start=\"1847\" data-end=\"1850\" \/>Duft: Brandy Butter<br data-start=\"1869\" data-end=\"1872\" \/>Stil: Modern \/ Minimalistisch \/ Industrial<\/p>\n<hr data-start=\"2147\" data-end=\"2150\" \/>\n<h4 data-start=\"413\" data-end=\"449\">D\u00e9couvrez plus d&#039;inspiration<\/h4>\n<p data-start=\"450\" data-end=\"582\">Vous recherchez des produits plus originaux\u00a0? D\u00e9couvrez d\u2019autres produits phares de notre gamme ou visitez les projets de nos partenaires\u00a0:<\/p>\n<ul data-start=\"584\" data-end=\"920\">\n<li><a href=\"https:\/\/matvana.com\/fr\/shop\/\">D\u00e9couvrez des id\u00e9es d\u00e9co et cadeaux \u00e9l\u00e9gantes chez Matvana<\/a><\/li>\n<li data-start=\"657\" data-end=\"783\">\n<p data-start=\"659\" data-end=\"783\"><a href=\"https:\/\/honigbee.com\/shop\/\" target=\"_blank\" rel=\"noopener\">D\u00e9couvrez les produits naturels chez Honigbee<br \/>\n<\/a><\/p>\n<\/li>\n<li><a href=\"https:\/\/saphirsmaragd.com\/shop\/\" target=\"_blank\" rel=\"noopener\">D\u00e9couvrez les pierres pr\u00e9cieuses et les bijoux chez Saphir &amp; \u00c9meraude<\/a><\/li>\n<\/ul>","protected":false},"excerpt":{"rendered":"<p data-start=\"390\" data-end=\"529\"><em>Sojawachs Kerze Beton Schwarz Duftkerze mit Holzdocht \u2013 stilvolle Duftkerze im Betontopf f\u00fcr moderne Wohnr\u00e4ume und entspannende Atmosph\u00e4re.<\/em><\/p>","protected":false},"featured_media":21325,"comment_status":"open","ping_status":"closed","template":"","meta":{"_glsr_average":0,"_glsr_ranking":0,"_glsr_reviews":0},"product_brand":[],"product_cat":[202],"product_tag":[],"class_list":{"0":"post-21334","1":"product","2":"type-product","3":"status-publish","4":"has-post-thumbnail","6":"product_cat-duftkerzen","8":"first","9":"instock","10":"taxable","11":"shipping-taxable","12":"purchasable","13":"product-type-simple"},"jetpack_sharing_enabled":true,"_links":{"self":[{"href":"https:\/\/matvana.com\/fr\/wp-json\/wp\/v2\/product\/21334","targetHints":{"allow":["GET"]}}],"collection":[{"href":"https:\/\/matvana.com\/fr\/wp-json\/wp\/v2\/product"}],"about":[{"href":"https:\/\/matvana.com\/fr\/wp-json\/wp\/v2\/types\/product"}],"replies":[{"embeddable":true,"href":"https:\/\/matvana.com\/fr\/wp-json\/wp\/v2\/comments?post=21334"}],"version-history":[{"count":3,"href":"https:\/\/matvana.com\/fr\/wp-json\/wp\/v2\/product\/21334\/revisions"}],"predecessor-version":[{"id":22661,"href":"https:\/\/matvana.com\/fr\/wp-json\/wp\/v2\/product\/21334\/revisions\/22661"}],"wp:featuredmedia":[{"embeddable":true,"href":"https:\/\/matvana.com\/fr\/wp-json\/wp\/v2\/media\/21325"}],"wp:attachment":[{"href":"https:\/\/matvana.com\/fr\/wp-json\/wp\/v2\/media?parent=21334"}],"wp:term":[{"taxonomy":"product_brand","embeddable":true,"href":"https:\/\/matvana.com\/fr\/wp-json\/wp\/v2\/product_brand?post=21334"},{"taxonomy":"product_cat","embeddable":true,"href":"https:\/\/matvana.com\/fr\/wp-json\/wp\/v2\/product_cat?post=21334"},{"taxonomy":"product_tag","embeddable":true,"href":"https:\/\/matvana.com\/fr\/wp-json\/wp\/v2\/product_tag?post=21334"}],"curies":[{"name":"wp","href":"https:\/\/api.w.org\/{rel}","templated":true}]}}