{"id":21125,"date":"2026-04-04T20:50:42","date_gmt":"2026-04-04T18:50:42","guid":{"rendered":"https:\/\/matvana.com\/product\/natural-riverstone-candle-holder-double-nightlight\/"},"modified":"2026-04-29T09:21:40","modified_gmt":"2026-04-29T07:21:40","slug":"flussstein-kerzenhalter-doppel-teelicht","status":"publish","type":"product","link":"https:\/\/matvana.com\/fr\/product\/flussstein-kerzenhalter-doppel-teelicht\/","title":{"rendered":"Flussstein Kerzenhalter Doppel Teelicht \u2013 nat\u00fcrlicher Kerzenhalter aus Riverstone f\u00fcr 2 Teelichter"},"content":{"rendered":"<h4 data-start=\"649\" data-end=\"725\">Flussstein Kerzenhalter Doppel Teelicht f\u00fcr nat\u00fcrliche Wohnatmosph\u00e4re<\/h4>\n<p data-start=\"726\" data-end=\"871\">Dieser Flussstein Kerzenhalter Doppel Teelicht bringt die ruhige Kraft der Natur direkt in Ihr Zuhause und sorgt f\u00fcr eine harmonische Atmosph\u00e4re.<\/p>\n<hr data-start=\"873\" data-end=\"876\" \/>\n<h4 data-start=\"878\" data-end=\"927\">Einzigartiges Design aus echtem Riverstone<\/h4>\n<p data-start=\"928\" data-end=\"1052\">Jeder Kerzenhalter wird aus nat\u00fcrlichem Flussstein gefertigt und ist dadurch ein Unikat mit individueller Form und Struktur.<\/p>\n<hr data-start=\"1054\" data-end=\"1057\" \/>\n<h4 data-start=\"1059\" data-end=\"1091\">Platz f\u00fcr zwei Teelichter<\/h4>\n<p data-start=\"1092\" data-end=\"1214\">Das Doppel-Design erm\u00f6glicht die Verwendung von zwei Teelichtern und erzeugt ein besonders warmes und gleichm\u00e4\u00dfiges Licht.<\/p>\n<hr data-start=\"1216\" data-end=\"1219\" \/>\n<h4 data-start=\"1221\" data-end=\"1264\">Perfekt f\u00fcr Ruhe, Spa und Meditation<\/h4>\n<p data-start=\"1265\" data-end=\"1371\">Ideal f\u00fcr entspannte Abende, Badezimmer, Yoga-R\u00e4ume oder als stilvolles Element in modernen Wohnkonzepten.<\/p>\n<hr data-start=\"1373\" data-end=\"1376\" \/>\n<h4 data-start=\"1378\" data-end=\"1413\">Nachhaltig und naturbelassen<\/h4>\n<p data-start=\"1414\" data-end=\"1547\">Der Kerzenhalter besteht aus massivem Naturstein ohne k\u00fcnstliche Verarbeitung und \u00fcberzeugt durch Langlebigkeit und zeitloses Design.<\/p>\n<hr data-start=\"1549\" data-end=\"1552\" \/>\n<h4 data-start=\"1554\" data-end=\"1575\">D\u00e9tails du produit<\/h4>\n<p data-start=\"1576\" data-end=\"1727\">Material: Echter Flussstein (Riverstone)<br data-start=\"1616\" data-end=\"1619\" \/>Design: Doppel-Teelicht Kerzenhalter<br data-start=\"1655\" data-end=\"1658\" \/>Ma\u00dfe: ca. 10 x 10 x 7 cm<br data-start=\"1682\" data-end=\"1685\" \/>Gewicht: ca. 0.6 kg<br data-start=\"1704\" data-end=\"1707\" \/>Herkunft: Indonesien<\/p>\n<hr data-start=\"2147\" data-end=\"2150\" \/>\n<h4 data-start=\"413\" data-end=\"449\">D\u00e9couvrez plus d&#039;inspiration<\/h4>\n<p data-start=\"450\" data-end=\"582\">Vous recherchez des produits plus originaux\u00a0? D\u00e9couvrez d\u2019autres produits phares de notre gamme ou visitez les projets de nos partenaires\u00a0:<\/p>\n<ul data-start=\"584\" data-end=\"920\">\n<li><a href=\"https:\/\/matvana.com\/fr\/shop\/\">D\u00e9couvrez des id\u00e9es d\u00e9co et cadeaux \u00e9l\u00e9gantes chez Matvana<\/a><\/li>\n<li data-start=\"657\" data-end=\"783\">\n<p data-start=\"659\" data-end=\"783\"><a href=\"https:\/\/honigbee.com\/shop\/\" target=\"_blank\" rel=\"noopener\">D\u00e9couvrez les produits naturels chez Honigbee<br \/>\n<\/a><\/p>\n<\/li>\n<li><a href=\"https:\/\/saphirsmaragd.com\/shop\/\" target=\"_blank\" rel=\"noopener\">D\u00e9couvrez les pierres pr\u00e9cieuses et les bijoux chez Saphir &amp; \u00c9meraude<\/a><\/li>\n<\/ul>","protected":false},"excerpt":{"rendered":"<p data-start=\"461\" data-end=\"608\"><em>Flussstein Kerzenhalter Doppel Teelicht aus echtem Riverstone. Nat\u00fcrlicher Kerzenhalter f\u00fcr zwei Teelichter mit ruhiger, harmonischer Ausstrahlung.<\/em><\/p>","protected":false},"featured_media":21109,"comment_status":"open","ping_status":"closed","template":"","meta":{"_glsr_average":0,"_glsr_ranking":0,"_glsr_reviews":0},"product_brand":[],"product_cat":[206],"product_tag":[],"class_list":{"0":"post-21125","1":"product","2":"type-product","3":"status-publish","4":"has-post-thumbnail","6":"product_cat-kerzenhalter","8":"first","9":"instock","10":"taxable","11":"shipping-taxable","12":"purchasable","13":"product-type-simple"},"jetpack_sharing_enabled":true,"_links":{"self":[{"href":"https:\/\/matvana.com\/fr\/wp-json\/wp\/v2\/product\/21125","targetHints":{"allow":["GET"]}}],"collection":[{"href":"https:\/\/matvana.com\/fr\/wp-json\/wp\/v2\/product"}],"about":[{"href":"https:\/\/matvana.com\/fr\/wp-json\/wp\/v2\/types\/product"}],"replies":[{"embeddable":true,"href":"https:\/\/matvana.com\/fr\/wp-json\/wp\/v2\/comments?post=21125"}],"version-history":[{"count":3,"href":"https:\/\/matvana.com\/fr\/wp-json\/wp\/v2\/product\/21125\/revisions"}],"predecessor-version":[{"id":22619,"href":"https:\/\/matvana.com\/fr\/wp-json\/wp\/v2\/product\/21125\/revisions\/22619"}],"wp:featuredmedia":[{"embeddable":true,"href":"https:\/\/matvana.com\/fr\/wp-json\/wp\/v2\/media\/21109"}],"wp:attachment":[{"href":"https:\/\/matvana.com\/fr\/wp-json\/wp\/v2\/media?parent=21125"}],"wp:term":[{"taxonomy":"product_brand","embeddable":true,"href":"https:\/\/matvana.com\/fr\/wp-json\/wp\/v2\/product_brand?post=21125"},{"taxonomy":"product_cat","embeddable":true,"href":"https:\/\/matvana.com\/fr\/wp-json\/wp\/v2\/product_cat?post=21125"},{"taxonomy":"product_tag","embeddable":true,"href":"https:\/\/matvana.com\/fr\/wp-json\/wp\/v2\/product_tag?post=21125"}],"curies":[{"name":"wp","href":"https:\/\/api.w.org\/{rel}","templated":true}]}}