{"id":20868,"date":"2026-04-04T20:16:13","date_gmt":"2026-04-04T18:16:13","guid":{"rendered":"https:\/\/matvana.com\/product\/magic-spell-candle-sweet-revenge\/"},"modified":"2026-04-13T15:32:09","modified_gmt":"2026-04-13T13:32:09","slug":"magic-spell-candle-sweet-revenge","status":"publish","type":"product","link":"https:\/\/matvana.com\/fr\/product\/magic-spell-candle-sweet-revenge\/","title":{"rendered":"Magic Spell Candle Sweet Revenge \u2013 Duftkerze f\u00fcr Rituale &#038; Energie mit Edelsteinen, 20&#215;5 cm"},"content":{"rendered":"<h4 data-start=\"1104\" data-end=\"1148\">Kraftvolle Energie f\u00fcr Transformation<\/h4>\n<p data-start=\"1149\" data-end=\"1389\">Die Magic Spell Candle Sweet Revenge ist eine spirituelle Duftkerze, die f\u00fcr Wandel, innere St\u00e4rke und neue Energie steht. Sie unterst\u00fctzt Sie dabei, negative Einfl\u00fcsse loszulassen und sich auf Ihre pers\u00f6nliche Entwicklung zu konzentrieren.<\/p>\n<hr data-start=\"1391\" data-end=\"1394\" \/>\n<h4 data-start=\"1396\" data-end=\"1434\">Bedeutung &amp; spirituelle Wirkung<\/h4>\n<p data-start=\"1435\" data-end=\"1634\">Diese besondere Kerze symbolisiert Transformation und emotionale Klarheit. Beim Anz\u00fcnden entsteht eine ruhige und fokussierte Atmosph\u00e4re, die ideal f\u00fcr Meditation, Rituale oder entspannte Abende ist.<\/p>\n<hr data-start=\"1636\" data-end=\"1639\" \/>\n<h4 data-start=\"1641\" data-end=\"1671\">Hochwertige Materialien<\/h4>\n<p data-start=\"1673\" data-end=\"1739\">Diese Duftkerze besteht aus sorgf\u00e4ltig ausgew\u00e4hlten Komponenten:<\/p>\n<p data-start=\"1741\" data-end=\"1833\">\u2022 nat\u00fcrliches Sojawachs<br data-start=\"1764\" data-end=\"1767\" \/>\u2022 dekorative Edelsteine<br data-start=\"1790\" data-end=\"1793\" \/>\u2022 feine Duft\u00f6le<br data-start=\"1808\" data-end=\"1811\" \/>\u2022 stabiles Glasgef\u00e4\u00df<\/p>\n<hr data-start=\"1835\" data-end=\"1838\" \/>\n<h4 data-start=\"1840\" data-end=\"1882\">Perfekt f\u00fcr Rituale &amp; Geschenkideen<\/h4>\n<p data-start=\"1883\" data-end=\"2059\">Ob f\u00fcr Ihre spirituelle Praxis oder als besonderes Geschenk \u2013 die Magic Spell Candle Sweet Revenge schafft eine besondere Atmosph\u00e4re und unterst\u00fctzt Sie bei bewussten Momenten.<\/p>\n<hr data-start=\"2061\" data-end=\"2064\" \/>\n<h4 data-start=\"2066\" data-end=\"2087\">D\u00e9tails du produit<\/h4>\n<p data-start=\"2089\" data-end=\"2210\">Mat\u00e9riaux : Verre, cire de soja, pierres pr\u00e9cieuses<br data-start=\"2126\" data-end=\"2129\" \/>Dur\u00e9e de combustion : environ 50 heures<br data-start=\"2155\" data-end=\"2158\" \/>Poids : 280 g<br data-start=\"2172\" data-end=\"2175\" \/>Dimensions : 20 x 5 cm<br data-start=\"2190\" data-end=\"2193\" \/>Origine : Chine<\/p>\n<hr data-start=\"2147\" data-end=\"2150\" \/>\n<h4 data-start=\"413\" data-end=\"449\">D\u00e9couvrez plus d&#039;inspiration<\/h4>\n<p data-start=\"450\" data-end=\"582\">Vous recherchez des produits plus originaux\u00a0? D\u00e9couvrez d\u2019autres produits phares de notre gamme ou visitez les projets de nos partenaires\u00a0:<\/p>\n<ul data-start=\"584\" data-end=\"920\">\n<li><a href=\"https:\/\/matvana.com\/fr\/shop\/\">D\u00e9couvrez des id\u00e9es d\u00e9co et cadeaux \u00e9l\u00e9gantes chez Matvana<\/a><\/li>\n<li data-start=\"657\" data-end=\"783\">\n<p data-start=\"659\" data-end=\"783\"><a href=\"https:\/\/honigbee.com\/shop\/\" target=\"_blank\" rel=\"noopener\">D\u00e9couvrez les produits naturels chez Honigbee<br \/>\n<\/a><\/p>\n<\/li>\n<li><a href=\"https:\/\/saphirsmaragd.com\/shop\/\" target=\"_blank\" rel=\"noopener\">D\u00e9couvrez les pierres pr\u00e9cieuses et les bijoux chez Saphir &amp; \u00c9meraude<\/a><\/li>\n<\/ul>","protected":false},"excerpt":{"rendered":"<p data-start=\"908\" data-end=\"1052\"><em>Magic Spell Candle Sweet Revenge Duftkerze f\u00fcr Rituale und Energie. Spirituelle Kerze mit Edelsteinen f\u00fcr Entspannung und besondere Momente.<\/em><\/p>","protected":false},"featured_media":20862,"comment_status":"open","ping_status":"closed","template":"","meta":{"_glsr_average":0,"_glsr_ranking":0,"_glsr_reviews":0},"product_brand":[],"product_cat":[203],"product_tag":[],"class_list":{"0":"post-20868","1":"product","2":"type-product","3":"status-publish","4":"has-post-thumbnail","6":"product_cat-ritualkerzen","8":"first","9":"instock","10":"taxable","11":"shipping-taxable","12":"purchasable","13":"product-type-simple"},"jetpack_sharing_enabled":true,"_links":{"self":[{"href":"https:\/\/matvana.com\/fr\/wp-json\/wp\/v2\/product\/20868","targetHints":{"allow":["GET"]}}],"collection":[{"href":"https:\/\/matvana.com\/fr\/wp-json\/wp\/v2\/product"}],"about":[{"href":"https:\/\/matvana.com\/fr\/wp-json\/wp\/v2\/types\/product"}],"replies":[{"embeddable":true,"href":"https:\/\/matvana.com\/fr\/wp-json\/wp\/v2\/comments?post=20868"}],"version-history":[{"count":2,"href":"https:\/\/matvana.com\/fr\/wp-json\/wp\/v2\/product\/20868\/revisions"}],"predecessor-version":[{"id":22511,"href":"https:\/\/matvana.com\/fr\/wp-json\/wp\/v2\/product\/20868\/revisions\/22511"}],"wp:featuredmedia":[{"embeddable":true,"href":"https:\/\/matvana.com\/fr\/wp-json\/wp\/v2\/media\/20862"}],"wp:attachment":[{"href":"https:\/\/matvana.com\/fr\/wp-json\/wp\/v2\/media?parent=20868"}],"wp:term":[{"taxonomy":"product_brand","embeddable":true,"href":"https:\/\/matvana.com\/fr\/wp-json\/wp\/v2\/product_brand?post=20868"},{"taxonomy":"product_cat","embeddable":true,"href":"https:\/\/matvana.com\/fr\/wp-json\/wp\/v2\/product_cat?post=20868"},{"taxonomy":"product_tag","embeddable":true,"href":"https:\/\/matvana.com\/fr\/wp-json\/wp\/v2\/product_tag?post=20868"}],"curies":[{"name":"wp","href":"https:\/\/api.w.org\/{rel}","templated":true}]}}