{"id":20766,"date":"2026-04-04T20:12:24","date_gmt":"2026-04-04T18:12:24","guid":{"rendered":"https:\/\/matvana.com\/product\/magic-spell-candle-balance\/"},"modified":"2026-04-11T13:31:34","modified_gmt":"2026-04-11T11:31:34","slug":"magic-spell-kerze-balance","status":"publish","type":"product","link":"https:\/\/matvana.com\/fr\/product\/magic-spell-kerze-balance\/","title":{"rendered":"Magic Spell Kerze Balance \u2013 Spirituelle Duftkerze mit Edelsteinen &#038; Sojawachs f\u00fcr innere Harmonie 20&#215;5 cm"},"content":{"rendered":"<h4 data-start=\"562\" data-end=\"628\">Magic Spell Kerze Balance f\u00fcr innere Harmonie und Ausgleich<\/h4>\n<p data-start=\"629\" data-end=\"808\">Die Magic Spell Kerze Balance wurde entwickelt, um Ruhe, Ausgleich und positive Energie in dein Leben zu bringen. Ideal f\u00fcr Meditation, spirituelle Rituale oder entspannte Abende.<\/p>\n<hr data-start=\"810\" data-end=\"813\" \/>\n<h4 data-start=\"815\" data-end=\"867\">Spirituelle Energie &amp; hochwertige Materialien<\/h4>\n<p data-start=\"868\" data-end=\"1068\">Diese besondere Kerze kombiniert nat\u00fcrliches Sojawachs mit ausgew\u00e4hlten Edelsteinen und einem harmonischen Duft. Die Energie der Flamme unterst\u00fctzt dich dabei, Balance und innere Stabilit\u00e4t zu finden.<\/p>\n<hr data-start=\"1070\" data-end=\"1073\" \/>\n<h4 data-start=\"1075\" data-end=\"1115\">Perfekt f\u00fcr Rituale &amp; Entspannung<\/h4>\n<p data-start=\"1116\" data-end=\"1137\">Ideal geeignet f\u00fcr:<\/p>\n<p data-start=\"1139\" data-end=\"1250\">\u2022 Meditation &amp; Achtsamkeit<br data-start=\"1165\" data-end=\"1168\" \/>\u2022 Yoga &amp; Entspannung<br data-start=\"1188\" data-end=\"1191\" \/>\u2022 Spirituelle Rituale<br data-start=\"1212\" data-end=\"1215\" \/>\u2022 Geschenk f\u00fcr besondere Menschen<\/p>\n<hr data-start=\"1252\" data-end=\"1255\" \/>\n<h4 data-start=\"1257\" data-end=\"1300\">Lange Brenndauer &amp; ruhiges Abbrennen<\/h4>\n<p data-start=\"1301\" data-end=\"1421\">Mit einer Brenndauer von bis zu 50 Stunden sorgt die Kerze f\u00fcr langanhaltende Entspannung und eine angenehme Atmosph\u00e4re.<\/p>\n<hr data-start=\"1423\" data-end=\"1426\" \/>\n<h4 data-start=\"1428\" data-end=\"1449\">D\u00e9tails du produit<\/h4>\n<p data-start=\"1451\" data-end=\"1594\">Duft: Balance<br data-start=\"1464\" data-end=\"1467\" \/>Material: Sojawachs, Glas, Edelsteine<br data-start=\"1504\" data-end=\"1507\" \/>Dimensions : 20 x 5 cm<br data-start=\"1522\" data-end=\"1525\" \/>Gewicht: ca. 0.28 kg<br data-start=\"1545\" data-end=\"1548\" \/>Dur\u00e9e de combustion : environ 50 heures<br data-start=\"1574\" data-end=\"1577\" \/>Origine : Chine<\/p>\n<hr data-start=\"2147\" data-end=\"2150\" \/>\n<h4 data-start=\"413\" data-end=\"449\">D\u00e9couvrez plus d&#039;inspiration<\/h4>\n<p data-start=\"450\" data-end=\"582\">Vous recherchez des produits plus originaux\u00a0? D\u00e9couvrez d\u2019autres produits phares de notre gamme ou visitez les projets de nos partenaires\u00a0:<\/p>\n<ul data-start=\"584\" data-end=\"920\">\n<li><a href=\"https:\/\/matvana.com\/fr\/shop\/\">D\u00e9couvrez des id\u00e9es d\u00e9co et cadeaux \u00e9l\u00e9gantes chez Matvana<\/a><\/li>\n<li data-start=\"657\" data-end=\"783\">\n<p data-start=\"659\" data-end=\"783\"><a href=\"https:\/\/honigbee.com\/shop\/\" target=\"_blank\" rel=\"noopener\">D\u00e9couvrez les produits naturels chez Honigbee<br \/>\n<\/a><\/p>\n<\/li>\n<li><a href=\"https:\/\/saphirsmaragd.com\/shop\/\" target=\"_blank\" rel=\"noopener\">D\u00e9couvrez les pierres pr\u00e9cieuses et les bijoux chez Saphir &amp; \u00c9meraude<\/a><\/li>\n<\/ul>","protected":false},"excerpt":{"rendered":"<p data-start=\"389\" data-end=\"530\"><em>Magic Spell Kerze Balance mit Sojawachs und Edelsteinen f\u00fcr innere Ruhe und Harmonie. Perfekt f\u00fcr Meditation, Rituale und entspannte Momente.<\/em><\/p>","protected":false},"featured_media":20760,"comment_status":"open","ping_status":"closed","template":"","meta":{"_glsr_average":0,"_glsr_ranking":0,"_glsr_reviews":0},"product_brand":[],"product_cat":[203,202,204],"product_tag":[],"class_list":{"0":"post-20766","1":"product","2":"type-product","3":"status-publish","4":"has-post-thumbnail","6":"product_cat-ritualkerzen","7":"product_cat-duftkerzen","8":"product_cat-geschenkkerzen","10":"first","11":"instock","12":"taxable","13":"shipping-taxable","14":"purchasable","15":"product-type-simple"},"jetpack_sharing_enabled":true,"_links":{"self":[{"href":"https:\/\/matvana.com\/fr\/wp-json\/wp\/v2\/product\/20766","targetHints":{"allow":["GET"]}}],"collection":[{"href":"https:\/\/matvana.com\/fr\/wp-json\/wp\/v2\/product"}],"about":[{"href":"https:\/\/matvana.com\/fr\/wp-json\/wp\/v2\/types\/product"}],"replies":[{"embeddable":true,"href":"https:\/\/matvana.com\/fr\/wp-json\/wp\/v2\/comments?post=20766"}],"version-history":[{"count":3,"href":"https:\/\/matvana.com\/fr\/wp-json\/wp\/v2\/product\/20766\/revisions"}],"predecessor-version":[{"id":22475,"href":"https:\/\/matvana.com\/fr\/wp-json\/wp\/v2\/product\/20766\/revisions\/22475"}],"wp:featuredmedia":[{"embeddable":true,"href":"https:\/\/matvana.com\/fr\/wp-json\/wp\/v2\/media\/20760"}],"wp:attachment":[{"href":"https:\/\/matvana.com\/fr\/wp-json\/wp\/v2\/media?parent=20766"}],"wp:term":[{"taxonomy":"product_brand","embeddable":true,"href":"https:\/\/matvana.com\/fr\/wp-json\/wp\/v2\/product_brand?post=20766"},{"taxonomy":"product_cat","embeddable":true,"href":"https:\/\/matvana.com\/fr\/wp-json\/wp\/v2\/product_cat?post=20766"},{"taxonomy":"product_tag","embeddable":true,"href":"https:\/\/matvana.com\/fr\/wp-json\/wp\/v2\/product_tag?post=20766"}],"curies":[{"name":"wp","href":"https:\/\/api.w.org\/{rel}","templated":true}]}}