{"id":20759,"date":"2026-04-04T20:12:11","date_gmt":"2026-04-04T18:12:11","guid":{"rendered":"https:\/\/matvana.com\/product\/spiced-orange-soy-pot-of-fragrance-candle\/"},"modified":"2026-04-11T12:41:49","modified_gmt":"2026-04-11T10:41:49","slug":"spiced-orange-duftkerze-im-glas","status":"publish","type":"product","link":"https:\/\/matvana.com\/fr\/product\/spiced-orange-duftkerze-im-glas\/","title":{"rendered":"Spiced Orange Duftkerze im Glas mit Korkdeckel \u2013 Sojawachs Aromakerze f\u00fcr gem\u00fctliche Atmosph\u00e4re 7.5&#215;5.5 cm"},"content":{"rendered":"<h4 data-start=\"578\" data-end=\"642\">Spiced Orange Duftkerze im Glas f\u00fcr warme Wohlf\u00fchlmomente<\/h4>\n<p data-start=\"643\" data-end=\"799\">Die Spiced Orange Duftkerze im Glas vereint fruchtige Orangennoten mit warmen Gew\u00fcrzen und schafft eine gem\u00fctliche, einladende Atmosph\u00e4re in deinem Zuhause.<\/p>\n<hr data-start=\"801\" data-end=\"804\" \/>\n<h4 data-start=\"806\" data-end=\"855\">Nat\u00fcrliche Materialien &amp; stilvolles Design<\/h4>\n<p data-start=\"856\" data-end=\"1015\">Gefertigt aus hochwertigem Sojawachs und pr\u00e4sentiert in einem dekorativen Glas mit Korkdeckel, sorgt diese Kerze f\u00fcr eine nachhaltige und stilvolle Duftl\u00f6sung.<\/p>\n<hr data-start=\"1017\" data-end=\"1020\" \/>\n<h4 data-start=\"1022\" data-end=\"1051\">Perfekt f\u00fcr jeden Raum<\/h4>\n<p data-start=\"1052\" data-end=\"1073\">Ideal geeignet f\u00fcr:<\/p>\n<p data-start=\"1075\" data-end=\"1139\">\u2022 Wohnzimmer<br data-start=\"1087\" data-end=\"1090\" \/>\u2022 Schlafzimmer<br data-start=\"1104\" data-end=\"1107\" \/>\u2022 Badezimmer<br data-start=\"1119\" data-end=\"1122\" \/>\u2022 Geschenkideen<\/p>\n<p data-start=\"1141\" data-end=\"1208\">Der warme Duft sorgt f\u00fcr Entspannung und ein angenehmes Raumgef\u00fchl.<\/p>\n<hr data-start=\"1210\" data-end=\"1213\" \/>\n<h4 data-start=\"1215\" data-end=\"1258\">Angenehmer Duft &amp; sauberes Abbrennen<\/h4>\n<p data-start=\"1259\" data-end=\"1399\">Die Kombination aus nat\u00fcrlichem Wachs und feiner Duftkomposition erm\u00f6glicht ein gleichm\u00e4\u00dfiges Abbrennen und eine langanhaltende Duftwirkung.<\/p>\n<hr data-start=\"1401\" data-end=\"1404\" \/>\n<h4 data-start=\"1406\" data-end=\"1427\">D\u00e9tails du produit<\/h4>\n<p data-start=\"1429\" data-end=\"1594\">Duft: Spiced Orange<br data-start=\"1448\" data-end=\"1451\" \/>Material: Sojawachs, Glas, Korkdeckel<br data-start=\"1488\" data-end=\"1491\" \/>Ma\u00dfe: 7.5 x 5.5 cm<br data-start=\"1509\" data-end=\"1512\" \/>Gewicht: ca. 0.12 kg \u2013 0.20 kg<br data-start=\"1542\" data-end=\"1545\" \/>Verwendung: Duftkerze im Glas<br data-start=\"1574\" data-end=\"1577\" \/>Origine : Chine<\/p>\n<hr data-start=\"2147\" data-end=\"2150\" \/>\n<h4 data-start=\"413\" data-end=\"449\">D\u00e9couvrez plus d&#039;inspiration<\/h4>\n<p data-start=\"450\" data-end=\"582\">Vous recherchez des produits plus originaux\u00a0? D\u00e9couvrez d\u2019autres produits phares de notre gamme ou visitez les projets de nos partenaires\u00a0:<\/p>\n<ul data-start=\"584\" data-end=\"920\">\n<li><a href=\"https:\/\/matvana.com\/fr\/shop\/\">D\u00e9couvrez des id\u00e9es d\u00e9co et cadeaux \u00e9l\u00e9gantes chez Matvana<\/a><\/li>\n<li data-start=\"657\" data-end=\"783\">\n<p data-start=\"659\" data-end=\"783\"><a href=\"https:\/\/honigbee.com\/shop\/\" target=\"_blank\" rel=\"noopener\">D\u00e9couvrez les produits naturels chez Honigbee<br \/>\n<\/a><\/p>\n<\/li>\n<li><a href=\"https:\/\/saphirsmaragd.com\/shop\/\" target=\"_blank\" rel=\"noopener\">D\u00e9couvrez les pierres pr\u00e9cieuses et les bijoux chez Saphir &amp; \u00c9meraude<\/a><\/li>\n<\/ul>","protected":false},"excerpt":{"rendered":"<p data-start=\"410\" data-end=\"546\"><em>Spiced Orange Duftkerze im Glas mit nat\u00fcrlichem Sojawachs und warmem Duft. Perfekt f\u00fcr entspannte Momente und gem\u00fctliche Wohnatmosph\u00e4re.<\/em><\/p>","protected":false},"featured_media":20758,"comment_status":"open","ping_status":"closed","template":"","meta":{"_glsr_average":0,"_glsr_ranking":0,"_glsr_reviews":0},"product_brand":[],"product_cat":[202],"product_tag":[],"class_list":{"0":"post-20759","1":"product","2":"type-product","3":"status-publish","4":"has-post-thumbnail","6":"product_cat-duftkerzen","8":"first","9":"instock","10":"taxable","11":"shipping-taxable","12":"purchasable","13":"product-type-simple"},"jetpack_sharing_enabled":true,"_links":{"self":[{"href":"https:\/\/matvana.com\/fr\/wp-json\/wp\/v2\/product\/20759","targetHints":{"allow":["GET"]}}],"collection":[{"href":"https:\/\/matvana.com\/fr\/wp-json\/wp\/v2\/product"}],"about":[{"href":"https:\/\/matvana.com\/fr\/wp-json\/wp\/v2\/types\/product"}],"replies":[{"embeddable":true,"href":"https:\/\/matvana.com\/fr\/wp-json\/wp\/v2\/comments?post=20759"}],"version-history":[{"count":3,"href":"https:\/\/matvana.com\/fr\/wp-json\/wp\/v2\/product\/20759\/revisions"}],"predecessor-version":[{"id":22472,"href":"https:\/\/matvana.com\/fr\/wp-json\/wp\/v2\/product\/20759\/revisions\/22472"}],"wp:featuredmedia":[{"embeddable":true,"href":"https:\/\/matvana.com\/fr\/wp-json\/wp\/v2\/media\/20758"}],"wp:attachment":[{"href":"https:\/\/matvana.com\/fr\/wp-json\/wp\/v2\/media?parent=20759"}],"wp:term":[{"taxonomy":"product_brand","embeddable":true,"href":"https:\/\/matvana.com\/fr\/wp-json\/wp\/v2\/product_brand?post=20759"},{"taxonomy":"product_cat","embeddable":true,"href":"https:\/\/matvana.com\/fr\/wp-json\/wp\/v2\/product_cat?post=20759"},{"taxonomy":"product_tag","embeddable":true,"href":"https:\/\/matvana.com\/fr\/wp-json\/wp\/v2\/product_tag?post=20759"}],"curies":[{"name":"wp","href":"https:\/\/api.w.org\/{rel}","templated":true}]}}