{"id":20684,"date":"2026-04-04T20:09:26","date_gmt":"2026-04-04T18:09:26","guid":{"rendered":"https:\/\/matvana.com\/product\/kilner-jar-candle-dolly-blue\/"},"modified":"2026-04-09T17:55:18","modified_gmt":"2026-04-09T15:55:18","slug":"kilner-duftkerze-im-glas-dolly-blue","status":"publish","type":"product","link":"https:\/\/matvana.com\/fr\/product\/kilner-duftkerze-im-glas-dolly-blue\/","title":{"rendered":"Kilner Duftkerze im Glas Dolly Blue \u2013 Sojawachs Kerze im Kilner Glas mit Deckel, 11\u00d711\u00d720 cm, 0.96 kg"},"content":{"rendered":"<h4 data-start=\"591\" data-end=\"662\">Stilvolle Atmosph\u00e4re mit der Kilner Duftkerze im Glas Dolly Blue<\/h4>\n<p data-start=\"663\" data-end=\"885\">Die Kilner Duftkerze im Glas Dolly Blue bringt eine ruhige und elegante Stimmung in Ihr Zuhause. Das hochwertige Glas im klassischen Kilner-Stil kombiniert zeitloses Design mit einem angenehmen Duft f\u00fcr entspannte Momente.<\/p>\n<hr data-start=\"887\" data-end=\"890\" \/>\n<h4 data-start=\"892\" data-end=\"941\">Hochwertige Materialien &amp; sauberer Abbrand<\/h4>\n<p data-start=\"942\" data-end=\"1122\">Gefertigt aus nat\u00fcrlichem Sojawachs sorgt die Kerze f\u00fcr ein gleichm\u00e4\u00dfiges und sauberes Abbrennen. Das robuste Glas sch\u00fctzt die Flamme und garantiert eine sichere Nutzung im Alltag.<\/p>\n<p data-start=\"1124\" data-end=\"1227\">Der praktische Deckel hilft dabei, den Duft l\u00e4nger zu bewahren und macht die Kerze besonders langlebig.<\/p>\n<hr data-start=\"1229\" data-end=\"1232\" \/>\n<h4 data-start=\"1234\" data-end=\"1281\">Klassisches Kilner Design als Dekoration<\/h4>\n<p data-start=\"1282\" data-end=\"1472\">Das ikonische Kilner-Glas verleiht der Kerze einen besonderen Vintage-Charakter. Ob im Wohnzimmer, Schlafzimmer oder auf dem Tisch \u2013 diese Kerze f\u00fcgt sich harmonisch in jede Einrichtung ein.<\/p>\n<hr data-start=\"1474\" data-end=\"1477\" \/>\n<h4 data-start=\"1479\" data-end=\"1526\">F\u00fcr entspannte Momente &amp; stilvolle R\u00e4ume<\/h4>\n<p data-start=\"1527\" data-end=\"1568\">Der dezente Duft eignet sich ideal f\u00fcr:<\/p>\n<p data-start=\"1570\" data-end=\"1668\">\u2022 Gem\u00fctliche Abende<br data-start=\"1589\" data-end=\"1592\" \/>\u2022 Ruhige Wohnr\u00e4ume<br data-start=\"1610\" data-end=\"1613\" \/>\u2022 Stilvolle Tischdekoration<br data-start=\"1640\" data-end=\"1643\" \/>\u2022 Dezente Raumbeduftung<\/p>\n<hr data-start=\"1670\" data-end=\"1673\" \/>\n<h4 data-start=\"1675\" data-end=\"1711\">Wiederverwendbar &amp; nachhaltig<\/h4>\n<p data-start=\"1712\" data-end=\"1918\">Nach dem Abbrennen kann das Kilner Glas vielseitig weiterverwendet werden \u2013 zum Beispiel als Aufbewahrungsglas oder dekoratives Element. So bleibt das Produkt auch nach der Nutzung praktisch und nachhaltig.<\/p>\n<hr data-start=\"1920\" data-end=\"1923\" \/>\n<h4 data-start=\"1925\" data-end=\"1946\">D\u00e9tails du produit<\/h4>\n<p data-start=\"1948\" data-end=\"2063\">Material: Sojawachs, Glas<br data-start=\"1973\" data-end=\"1976\" \/>Duft: Dolly Blue<br data-start=\"1992\" data-end=\"1995\" \/>Ma\u00dfe: 11 \u00d7 11 \u00d7 20 cm<br data-start=\"2016\" data-end=\"2019\" \/>Gewicht (Netto): 0.96 kg<br data-start=\"2043\" data-end=\"2046\" \/>Origine : Chine<\/p>\n<hr data-start=\"2147\" data-end=\"2150\" \/>\n<h4 data-start=\"413\" data-end=\"449\">D\u00e9couvrez plus d&#039;inspiration<\/h4>\n<p data-start=\"450\" data-end=\"582\">Vous recherchez des produits plus originaux\u00a0? D\u00e9couvrez d\u2019autres produits phares de notre gamme ou visitez les projets de nos partenaires\u00a0:<\/p>\n<ul data-start=\"584\" data-end=\"920\">\n<li><a href=\"https:\/\/matvana.com\/fr\/shop\/\">D\u00e9couvrez des id\u00e9es d\u00e9co et cadeaux \u00e9l\u00e9gantes chez Matvana<\/a><\/li>\n<li data-start=\"657\" data-end=\"783\">\n<p data-start=\"659\" data-end=\"783\"><a href=\"https:\/\/honigbee.com\/shop\/\" target=\"_blank\" rel=\"noopener\">D\u00e9couvrez les produits naturels chez Honigbee<br \/>\n<\/a><\/p>\n<\/li>\n<li><a href=\"https:\/\/saphirsmaragd.com\/shop\/\" target=\"_blank\" rel=\"noopener\">D\u00e9couvrez les pierres pr\u00e9cieuses et les bijoux chez Saphir &amp; \u00c9meraude<\/a><\/li>\n<\/ul>","protected":false},"excerpt":{"rendered":"<p data-start=\"406\" data-end=\"559\"><em>Kilner Duftkerze im Glas Dolly Blue aus Sojawachs im klassischen Kilner Glas mit Deckel. Stilvolle Duftkerze f\u00fcr eine elegante und entspannte Atmosph\u00e4re.<\/em><\/p>","protected":false},"featured_media":20683,"comment_status":"open","ping_status":"closed","template":"","meta":{"_glsr_average":0,"_glsr_ranking":0,"_glsr_reviews":0},"product_brand":[],"product_cat":[202],"product_tag":[],"class_list":{"0":"post-20684","1":"product","2":"type-product","3":"status-publish","4":"has-post-thumbnail","6":"product_cat-duftkerzen","8":"first","9":"instock","10":"taxable","11":"shipping-taxable","12":"purchasable","13":"product-type-simple"},"jetpack_sharing_enabled":true,"_links":{"self":[{"href":"https:\/\/matvana.com\/fr\/wp-json\/wp\/v2\/product\/20684","targetHints":{"allow":["GET"]}}],"collection":[{"href":"https:\/\/matvana.com\/fr\/wp-json\/wp\/v2\/product"}],"about":[{"href":"https:\/\/matvana.com\/fr\/wp-json\/wp\/v2\/types\/product"}],"replies":[{"embeddable":true,"href":"https:\/\/matvana.com\/fr\/wp-json\/wp\/v2\/comments?post=20684"}],"version-history":[{"count":3,"href":"https:\/\/matvana.com\/fr\/wp-json\/wp\/v2\/product\/20684\/revisions"}],"predecessor-version":[{"id":22415,"href":"https:\/\/matvana.com\/fr\/wp-json\/wp\/v2\/product\/20684\/revisions\/22415"}],"wp:featuredmedia":[{"embeddable":true,"href":"https:\/\/matvana.com\/fr\/wp-json\/wp\/v2\/media\/20683"}],"wp:attachment":[{"href":"https:\/\/matvana.com\/fr\/wp-json\/wp\/v2\/media?parent=20684"}],"wp:term":[{"taxonomy":"product_brand","embeddable":true,"href":"https:\/\/matvana.com\/fr\/wp-json\/wp\/v2\/product_brand?post=20684"},{"taxonomy":"product_cat","embeddable":true,"href":"https:\/\/matvana.com\/fr\/wp-json\/wp\/v2\/product_cat?post=20684"},{"taxonomy":"product_tag","embeddable":true,"href":"https:\/\/matvana.com\/fr\/wp-json\/wp\/v2\/product_tag?post=20684"}],"curies":[{"name":"wp","href":"https:\/\/api.w.org\/{rel}","templated":true}]}}