{"id":20609,"date":"2026-04-04T20:06:23","date_gmt":"2026-04-04T18:06:23","guid":{"rendered":"https:\/\/matvana.com\/product\/magic-spell-candle-seduction\/"},"modified":"2026-04-11T13:31:43","modified_gmt":"2026-04-11T11:31:43","slug":"magische-duftkerze-verfuehrung","status":"publish","type":"product","link":"https:\/\/matvana.com\/fr\/product\/magische-duftkerze-verfuehrung\/","title":{"rendered":"Magische Duftkerze Verf\u00fchrung \u2013 Sojawachs Kerze 50h Brenndauer mit Glasgef\u00e4\u00df 20 x 5 cm"},"content":{"rendered":"<h4 data-start=\"643\" data-end=\"701\">Magische Duftkerze Verf\u00fchrung f\u00fcr sinnliche Momente<\/h4>\n<p data-start=\"702\" data-end=\"913\">Die Magische Duftkerze Verf\u00fchrung schafft eine warme, intensive Atmosph\u00e4re voller Eleganz und Emotion. Ihr sanftes Licht und die beruhigende Flamme sorgen f\u00fcr eine romantische Stimmung und besondere Augenblicke.<\/p>\n<hr data-start=\"915\" data-end=\"918\" \/>\n<h4 data-start=\"920\" data-end=\"979\">F\u00fcr Romantik, Entspannung und besondere Verbindungen<\/h4>\n<p data-start=\"980\" data-end=\"1004\">Diese Kerze steht f\u00fcr:<\/p>\n<ul data-start=\"1005\" data-end=\"1115\">\n<li data-section-id=\"1agg63y\" data-start=\"1005\" data-end=\"1038\">Anziehung und emotionale N\u00e4he<\/li>\n<li data-section-id=\"11ag29m\" data-start=\"1039\" data-end=\"1076\">Entspannung nach einem langen Tag<\/li>\n<li data-section-id=\"1717kg1\" data-start=\"1077\" data-end=\"1115\">eine sinnliche und ruhige Umgebung<\/li>\n<\/ul>\n<p data-start=\"1117\" data-end=\"1197\">Perfekt geeignet f\u00fcr Abende zu zweit oder als stilvolles Ritual f\u00fcr dich selbst.<\/p>\n<hr data-start=\"1199\" data-end=\"1202\" \/>\n<h4 data-start=\"1204\" data-end=\"1261\">Hochwertige Verarbeitung &amp; minimalistisches Design<\/h4>\n<p data-start=\"1262\" data-end=\"1278\">Gefertigt aus:<\/p>\n<ul data-start=\"1279\" data-end=\"1358\">\n<li data-section-id=\"rsbxeq\" data-start=\"1279\" data-end=\"1304\">nat\u00fcrlichem Sojawachs<\/li>\n<li data-section-id=\"kuvvvr\" data-start=\"1305\" data-end=\"1327\">stabilem Glasgef\u00e4\u00df<\/li>\n<li data-section-id=\"1b8rjip\" data-start=\"1328\" data-end=\"1358\">schlichtem, elegantem Look<\/li>\n<\/ul>\n<p data-start=\"1360\" data-end=\"1413\">Die klare Form macht sie ideal f\u00fcr moderne Wohnr\u00e4ume.<\/p>\n<hr data-start=\"1415\" data-end=\"1418\" \/>\n<h4 data-start=\"1420\" data-end=\"1468\">Lange Brenndauer f\u00fcr intensive Erlebnisse<\/h4>\n<p data-start=\"1469\" data-end=\"1578\">Mit bis zu <strong data-start=\"1480\" data-end=\"1505\">50 Stunden Brenndauer<\/strong> begleitet dich diese Kerze durch viele entspannte und besondere Momente.<\/p>\n<hr data-start=\"1580\" data-end=\"1583\" \/>\n<h4 data-start=\"1585\" data-end=\"1613\">Vielseitig einsetzbar<\/h4>\n<p data-start=\"1614\" data-end=\"1626\">Ideal f\u00fcr:<\/p>\n<ul data-start=\"1627\" data-end=\"1755\">\n<li data-section-id=\"11gwota\" data-start=\"1627\" data-end=\"1649\">romantische Abende<\/li>\n<li data-section-id=\"mktkog\" data-start=\"1650\" data-end=\"1679\">Meditation und Ruhephasen<\/li>\n<li data-section-id=\"1x0amc9\" data-start=\"1680\" data-end=\"1712\">Schlafzimmer oder Wohnzimmer<\/li>\n<li data-section-id=\"1bb32dc\" data-start=\"1713\" data-end=\"1755\">Geschenkidee mit emotionalem Charakter<\/li>\n<\/ul>\n<hr data-start=\"1757\" data-end=\"1760\" \/>\n<h4 data-start=\"1762\" data-end=\"1783\">D\u00e9tails du produit<\/h4>\n<p data-start=\"1784\" data-end=\"1926\">Duft: Warm \/ sinnlich<br data-start=\"1805\" data-end=\"1808\" \/>Material: Sojawachs, Glas<br data-start=\"1833\" data-end=\"1836\" \/>Dur\u00e9e de combustion : environ 50 heures<br data-start=\"1862\" data-end=\"1865\" \/>Gr\u00f6\u00dfe: ca. 20 x 5 cm<br data-start=\"1885\" data-end=\"1888\" \/>Gewicht: ca. 280 g<br data-start=\"1906\" data-end=\"1909\" \/>Origine : Chine<\/p>\n<hr data-start=\"2147\" data-end=\"2150\" \/>\n<h4 data-start=\"413\" data-end=\"449\">D\u00e9couvrez plus d&#039;inspiration<\/h4>\n<p data-start=\"450\" data-end=\"582\">Vous recherchez des produits plus originaux\u00a0? D\u00e9couvrez d\u2019autres produits phares de notre gamme ou visitez les projets de nos partenaires\u00a0:<\/p>\n<ul data-start=\"584\" data-end=\"920\">\n<li><a href=\"https:\/\/matvana.com\/fr\/shop\/\">D\u00e9couvrez des id\u00e9es d\u00e9co et cadeaux \u00e9l\u00e9gantes chez Matvana<\/a><\/li>\n<li data-start=\"657\" data-end=\"783\">\n<p data-start=\"659\" data-end=\"783\"><a href=\"https:\/\/honigbee.com\/shop\/\" target=\"_blank\" rel=\"noopener\">D\u00e9couvrez les produits naturels chez Honigbee<br \/>\n<\/a><\/p>\n<\/li>\n<li><a href=\"https:\/\/saphirsmaragd.com\/shop\/\" target=\"_blank\" rel=\"noopener\">D\u00e9couvrez les pierres pr\u00e9cieuses et les bijoux chez Saphir &amp; \u00c9meraude<\/a><\/li>\n<\/ul>","protected":false},"excerpt":{"rendered":"<p data-start=\"378\" data-end=\"507\"><em>Magische Duftkerze Verf\u00fchrung mit 50 Stunden Brenndauer. Ideal f\u00fcr romantische Atmosph\u00e4re, Entspannung und besondere Momente.<\/em><\/p>","protected":false},"featured_media":20604,"comment_status":"open","ping_status":"closed","template":"","meta":{"_glsr_average":0,"_glsr_ranking":0,"_glsr_reviews":0},"product_brand":[],"product_cat":[203,202,204],"product_tag":[],"class_list":{"0":"post-20609","1":"product","2":"type-product","3":"status-publish","4":"has-post-thumbnail","6":"product_cat-ritualkerzen","7":"product_cat-duftkerzen","8":"product_cat-geschenkkerzen","10":"first","11":"instock","12":"taxable","13":"shipping-taxable","14":"purchasable","15":"product-type-simple"},"jetpack_sharing_enabled":true,"_links":{"self":[{"href":"https:\/\/matvana.com\/fr\/wp-json\/wp\/v2\/product\/20609","targetHints":{"allow":["GET"]}}],"collection":[{"href":"https:\/\/matvana.com\/fr\/wp-json\/wp\/v2\/product"}],"about":[{"href":"https:\/\/matvana.com\/fr\/wp-json\/wp\/v2\/types\/product"}],"replies":[{"embeddable":true,"href":"https:\/\/matvana.com\/fr\/wp-json\/wp\/v2\/comments?post=20609"}],"version-history":[{"count":3,"href":"https:\/\/matvana.com\/fr\/wp-json\/wp\/v2\/product\/20609\/revisions"}],"predecessor-version":[{"id":22384,"href":"https:\/\/matvana.com\/fr\/wp-json\/wp\/v2\/product\/20609\/revisions\/22384"}],"wp:featuredmedia":[{"embeddable":true,"href":"https:\/\/matvana.com\/fr\/wp-json\/wp\/v2\/media\/20604"}],"wp:attachment":[{"href":"https:\/\/matvana.com\/fr\/wp-json\/wp\/v2\/media?parent=20609"}],"wp:term":[{"taxonomy":"product_brand","embeddable":true,"href":"https:\/\/matvana.com\/fr\/wp-json\/wp\/v2\/product_brand?post=20609"},{"taxonomy":"product_cat","embeddable":true,"href":"https:\/\/matvana.com\/fr\/wp-json\/wp\/v2\/product_cat?post=20609"},{"taxonomy":"product_tag","embeddable":true,"href":"https:\/\/matvana.com\/fr\/wp-json\/wp\/v2\/product_tag?post=20609"}],"curies":[{"name":"wp","href":"https:\/\/api.w.org\/{rel}","templated":true}]}}