{"id":20602,"date":"2026-04-04T20:06:11","date_gmt":"2026-04-04T18:06:11","guid":{"rendered":"https:\/\/matvana.com\/product\/hop-hare-crystal-magic-flower-candle-the-moon\/"},"modified":"2026-04-07T18:05:03","modified_gmt":"2026-04-07T16:05:03","slug":"kristall-duftkerze-der-mond","status":"publish","type":"product","link":"https:\/\/matvana.com\/fr\/product\/kristall-duftkerze-der-mond\/","title":{"rendered":"Kristall Duftkerze Der Mond \u2013 Sojawachs Kerze mit Amethyst &#038; Holzdocht 8.8 x 5 cm"},"content":{"rendered":"<h4 data-start=\"630\" data-end=\"686\">Kristall Duftkerze Der Mond f\u00fcr Ruhe und Harmonie<\/h4>\n<p data-start=\"687\" data-end=\"887\">Die Kristall Duftkerze Der Mond bringt Ruhe, Ausgleich und sanfte Energie in dein Zuhause. Der beruhigende Duft von Lavendel schafft eine entspannende Atmosph\u00e4re und hilft dir, den Alltag loszulassen.<\/p>\n<hr data-start=\"889\" data-end=\"892\" \/>\n<h4 data-start=\"894\" data-end=\"932\">Mit Amethyst f\u00fcr innere Balance<\/h4>\n<p data-start=\"933\" data-end=\"962\">Diese Kerze enth\u00e4lt echten:<\/p>\n<ul data-start=\"963\" data-end=\"1036\">\n<li data-section-id=\"1qbm5hf\" data-start=\"963\" data-end=\"1036\"><strong data-start=\"965\" data-end=\"977\">Amethyst<\/strong>, bekannt f\u00fcr seine beruhigende und ausgleichende Wirkung<\/li>\n<\/ul>\n<p data-start=\"1038\" data-end=\"1124\">Er unterst\u00fctzt Entspannung, f\u00f6rdert inneren Frieden und hilft dabei, Stress abzubauen.<\/p>\n<hr data-start=\"1126\" data-end=\"1129\" \/>\n<h4 data-start=\"1131\" data-end=\"1178\">Hochwertige Materialien &amp; ruhiges Design<\/h4>\n<p data-start=\"1179\" data-end=\"1235\">Gefertigt aus nat\u00fcrlichem Sojawachs und erg\u00e4nzt durch:<\/p>\n<ul data-start=\"1236\" data-end=\"1339\">\n<li data-section-id=\"v22xb\" data-start=\"1236\" data-end=\"1270\">Holzdocht f\u00fcr sanftes Knistern<\/li>\n<li data-section-id=\"krmh6r\" data-start=\"1271\" data-end=\"1295\">stilvolles Glasgef\u00e4\u00df<\/li>\n<li data-section-id=\"ckmyjj\" data-start=\"1296\" data-end=\"1339\">echte Edelsteine und feine Dekoelemente<\/li>\n<\/ul>\n<hr data-start=\"1341\" data-end=\"1344\" \/>\n<h4 data-start=\"1346\" data-end=\"1385\">Ideal f\u00fcr Entspannung und Schlaf<\/h4>\n<p data-start=\"1386\" data-end=\"1409\">Perfekt geeignet f\u00fcr:<\/p>\n<ul data-start=\"1410\" data-end=\"1551\">\n<li data-section-id=\"9e10kp\" data-start=\"1410\" data-end=\"1440\">Meditation und Achtsamkeit<\/li>\n<li data-section-id=\"5pxhn0\" data-start=\"1441\" data-end=\"1480\">Abendroutine und Schlafvorbereitung<\/li>\n<li data-section-id=\"1fmkn5f\" data-start=\"1481\" data-end=\"1512\">Stressabbau und Entspannung<\/li>\n<li data-section-id=\"ot4vxk\" data-start=\"1513\" data-end=\"1551\">ruhige, harmonische Raumgestaltung<\/li>\n<\/ul>\n<hr data-start=\"1553\" data-end=\"1556\" \/>\n<h4 data-start=\"1558\" data-end=\"1604\">Lange Brenndauer f\u00fcr entspannte Stunden<\/h4>\n<p data-start=\"1605\" data-end=\"1704\">Mit einer Brenndauer von ca. 22 Stunden sorgt diese Kerze f\u00fcr langanhaltende Ruhe und Wohlbefinden.<\/p>\n<hr data-start=\"1706\" data-end=\"1709\" \/>\n<h4 data-start=\"1711\" data-end=\"1732\">D\u00e9tails du produit<\/h4>\n<p data-start=\"1733\" data-end=\"1891\">Duft: Lavendel \/ beruhigend<br data-start=\"1760\" data-end=\"1763\" \/>Material: Sojawachs, Glas, Edelsteine<br data-start=\"1800\" data-end=\"1803\" \/>Docht: Holzdocht<br data-start=\"1819\" data-end=\"1822\" \/>Brenndauer: ca. 22 Stunden<br data-start=\"1848\" data-end=\"1851\" \/>Ma\u00dfe: ca. 8.8 x 5 cm<br data-start=\"1871\" data-end=\"1874\" \/>Origine : Chine<\/p>\n<hr data-start=\"2147\" data-end=\"2150\" \/>\n<h4 data-start=\"413\" data-end=\"449\">D\u00e9couvrez plus d&#039;inspiration<\/h4>\n<p data-start=\"450\" data-end=\"582\">Vous recherchez des produits plus originaux\u00a0? D\u00e9couvrez d\u2019autres produits phares de notre gamme ou visitez les projets de nos partenaires\u00a0:<\/p>\n<ul data-start=\"584\" data-end=\"920\">\n<li><a href=\"https:\/\/matvana.com\/fr\/shop\/\">D\u00e9couvrez des id\u00e9es d\u00e9co et cadeaux \u00e9l\u00e9gantes chez Matvana<\/a><\/li>\n<li data-start=\"657\" data-end=\"783\">\n<p data-start=\"659\" data-end=\"783\"><a href=\"https:\/\/honigbee.com\/shop\/\" target=\"_blank\" rel=\"noopener\">D\u00e9couvrez les produits naturels chez Honigbee<br \/>\n<\/a><\/p>\n<\/li>\n<li><a href=\"https:\/\/saphirsmaragd.com\/shop\/\" target=\"_blank\" rel=\"noopener\">D\u00e9couvrez les pierres pr\u00e9cieuses et les bijoux chez Saphir &amp; \u00c9meraude<\/a><\/li>\n<\/ul>","protected":false},"excerpt":{"rendered":"<p data-start=\"374\" data-end=\"496\"><em>Kristall Duftkerze Der Mond mit Sojawachs, Amethyst und Holzdocht. Perfekt f\u00fcr Entspannung, Schlaf und innere Balance.<\/em><\/p>","protected":false},"featured_media":20595,"comment_status":"open","ping_status":"closed","template":"","meta":{"_glsr_average":0,"_glsr_ranking":0,"_glsr_reviews":0},"product_brand":[],"product_cat":[208],"product_tag":[],"class_list":{"0":"post-20602","1":"product","2":"type-product","3":"status-publish","4":"has-post-thumbnail","6":"product_cat-kristallkerzen","8":"first","9":"instock","10":"taxable","11":"shipping-taxable","12":"purchasable","13":"product-type-simple"},"jetpack_sharing_enabled":true,"_links":{"self":[{"href":"https:\/\/matvana.com\/fr\/wp-json\/wp\/v2\/product\/20602","targetHints":{"allow":["GET"]}}],"collection":[{"href":"https:\/\/matvana.com\/fr\/wp-json\/wp\/v2\/product"}],"about":[{"href":"https:\/\/matvana.com\/fr\/wp-json\/wp\/v2\/types\/product"}],"replies":[{"embeddable":true,"href":"https:\/\/matvana.com\/fr\/wp-json\/wp\/v2\/comments?post=20602"}],"version-history":[{"count":3,"href":"https:\/\/matvana.com\/fr\/wp-json\/wp\/v2\/product\/20602\/revisions"}],"predecessor-version":[{"id":22378,"href":"https:\/\/matvana.com\/fr\/wp-json\/wp\/v2\/product\/20602\/revisions\/22378"}],"wp:featuredmedia":[{"embeddable":true,"href":"https:\/\/matvana.com\/fr\/wp-json\/wp\/v2\/media\/20595"}],"wp:attachment":[{"href":"https:\/\/matvana.com\/fr\/wp-json\/wp\/v2\/media?parent=20602"}],"wp:term":[{"taxonomy":"product_brand","embeddable":true,"href":"https:\/\/matvana.com\/fr\/wp-json\/wp\/v2\/product_brand?post=20602"},{"taxonomy":"product_cat","embeddable":true,"href":"https:\/\/matvana.com\/fr\/wp-json\/wp\/v2\/product_cat?post=20602"},{"taxonomy":"product_tag","embeddable":true,"href":"https:\/\/matvana.com\/fr\/wp-json\/wp\/v2\/product_tag?post=20602"}],"curies":[{"name":"wp","href":"https:\/\/api.w.org\/{rel}","templated":true}]}}