{"id":20578,"date":"2026-04-04T20:05:24","date_gmt":"2026-04-04T18:05:24","guid":{"rendered":"https:\/\/matvana.com\/product\/hop-hare-crystal-magic-flower-candle-the-king-of-swords\/"},"modified":"2026-04-07T18:00:40","modified_gmt":"2026-04-07T16:00:40","slug":"kristall-duftkerze-koenig-der-schwerter","status":"publish","type":"product","link":"https:\/\/matvana.com\/fr\/product\/kristall-duftkerze-koenig-der-schwerter\/","title":{"rendered":"Kristall Duftkerze K\u00f6nig der Schwerter \u2013 Sojawachs Kerze mit Edelsteinen &#038; Holzdocht 8.8 x 5 cm"},"content":{"rendered":"<h4 data-start=\"646\" data-end=\"714\">Kristall Duftkerze K\u00f6nig der Schwerter f\u00fcr Fokus und Klarheit<\/h4>\n<p data-start=\"715\" data-end=\"935\">Die Kristall Duftkerze K\u00f6nig der Schwerter steht f\u00fcr mentale St\u00e4rke, Klarheit und Konzentration. Der edle Duft von Zedernholz schafft eine kraftvolle Atmosph\u00e4re und unterst\u00fctzt fokussiertes Arbeiten sowie innere Balance.<\/p>\n<hr data-start=\"937\" data-end=\"940\" \/>\n<h4 data-start=\"942\" data-end=\"984\">Mit Obsidian f\u00fcr Schutz und Energie<\/h4>\n<p data-start=\"985\" data-end=\"1179\">Veredelt mit schwarzem Obsidian, bekannt f\u00fcr seine sch\u00fctzenden und stabilisierenden Eigenschaften, unterst\u00fctzt diese Kerze dabei, negative Energien fernzuhalten und die Konzentration zu st\u00e4rken.<\/p>\n<hr data-start=\"1181\" data-end=\"1184\" \/>\n<h4 data-start=\"1186\" data-end=\"1231\">Hochwertige Materialien &amp; edles Design<\/h4>\n<p data-start=\"1232\" data-end=\"1292\">Gefertigt aus hochwertigem Sojawachs und ausgestattet mit:<\/p>\n<ul data-start=\"1293\" data-end=\"1404\">\n<li data-section-id=\"v22xb\" data-start=\"1293\" data-end=\"1327\">Holzdocht f\u00fcr sanftes Knistern<\/li>\n<li data-section-id=\"1ofxuva\" data-start=\"1328\" data-end=\"1355\">stilvollem Glasbeh\u00e4lter<\/li>\n<li data-section-id=\"8txzer\" data-start=\"1356\" data-end=\"1404\">echten Edelsteinen und dekorativen Elementen<\/li>\n<\/ul>\n<hr data-start=\"1406\" data-end=\"1409\" \/>\n<h4 data-start=\"1411\" data-end=\"1457\">Ideal f\u00fcr Fokus, Meditation und Rituale<\/h4>\n<p data-start=\"1458\" data-end=\"1481\">Perfekt geeignet f\u00fcr:<\/p>\n<ul data-start=\"1482\" data-end=\"1606\">\n<li data-section-id=\"13y1h45\" data-start=\"1482\" data-end=\"1517\">Meditation und mentale Klarheit<\/li>\n<li data-section-id=\"1radg9y\" data-start=\"1518\" data-end=\"1553\">Konzentration und Produktivit\u00e4t<\/li>\n<li data-section-id=\"198ucne\" data-start=\"1554\" data-end=\"1577\">spirituelle Rituale<\/li>\n<li data-section-id=\"47fpx9\" data-start=\"1578\" data-end=\"1606\">stilvolle Raumgestaltung<\/li>\n<\/ul>\n<hr data-start=\"1608\" data-end=\"1611\" \/>\n<h4 data-start=\"1613\" data-end=\"1660\">Lange Brenndauer f\u00fcr nachhaltige Nutzung<\/h4>\n<p data-start=\"1661\" data-end=\"1780\">Mit einer Brenndauer von ca. 22 Stunden sorgt diese Kerze f\u00fcr langanhaltende Entspannung und eine angenehme Atmosph\u00e4re.<\/p>\n<hr data-start=\"1782\" data-end=\"1785\" \/>\n<h4 data-start=\"1787\" data-end=\"1808\">D\u00e9tails du produit<\/h4>\n<p data-start=\"1809\" data-end=\"1956\">Duft: Zedernholz<br data-start=\"1825\" data-end=\"1828\" \/>Material: Sojawachs, Glas, Edelsteine<br data-start=\"1865\" data-end=\"1868\" \/>Docht: Holzdocht<br data-start=\"1884\" data-end=\"1887\" \/>Brenndauer: ca. 22 Stunden<br data-start=\"1913\" data-end=\"1916\" \/>Ma\u00dfe: ca. 8.8 x 5 cm<br data-start=\"1936\" data-end=\"1939\" \/>Origine : Chine<\/p>\n<hr data-start=\"2147\" data-end=\"2150\" \/>\n<h4 data-start=\"413\" data-end=\"449\">D\u00e9couvrez plus d&#039;inspiration<\/h4>\n<p data-start=\"450\" data-end=\"582\">Vous recherchez des produits plus originaux\u00a0? D\u00e9couvrez d\u2019autres produits phares de notre gamme ou visitez les projets de nos partenaires\u00a0:<\/p>\n<ul data-start=\"584\" data-end=\"920\">\n<li><a href=\"https:\/\/matvana.com\/fr\/shop\/\">D\u00e9couvrez des id\u00e9es d\u00e9co et cadeaux \u00e9l\u00e9gantes chez Matvana<\/a><\/li>\n<li data-start=\"657\" data-end=\"783\">\n<p data-start=\"659\" data-end=\"783\"><a href=\"https:\/\/honigbee.com\/shop\/\" target=\"_blank\" rel=\"noopener\">D\u00e9couvrez les produits naturels chez Honigbee<br \/>\n<\/a><\/p>\n<\/li>\n<li><a href=\"https:\/\/saphirsmaragd.com\/shop\/\" target=\"_blank\" rel=\"noopener\">D\u00e9couvrez les pierres pr\u00e9cieuses et les bijoux chez Saphir &amp; \u00c9meraude<\/a><\/li>\n<\/ul>","protected":false},"excerpt":{"rendered":"<p data-start=\"361\" data-end=\"498\"><em>Kristall Duftkerze K\u00f6nig der Schwerter mit Sojawachs, Holzdocht und Edelsteinen. Perfekt f\u00fcr Fokus, Energie und stilvolle Dekoration.<\/em><\/p>","protected":false},"featured_media":20571,"comment_status":"open","ping_status":"closed","template":"","meta":{"_glsr_average":0,"_glsr_ranking":0,"_glsr_reviews":0},"product_brand":[],"product_cat":[208],"product_tag":[],"class_list":{"0":"post-20578","1":"product","2":"type-product","3":"status-publish","4":"has-post-thumbnail","6":"product_cat-kristallkerzen","8":"first","9":"instock","10":"shipping-taxable","11":"purchasable","12":"product-type-simple"},"jetpack_sharing_enabled":true,"_links":{"self":[{"href":"https:\/\/matvana.com\/fr\/wp-json\/wp\/v2\/product\/20578","targetHints":{"allow":["GET"]}}],"collection":[{"href":"https:\/\/matvana.com\/fr\/wp-json\/wp\/v2\/product"}],"about":[{"href":"https:\/\/matvana.com\/fr\/wp-json\/wp\/v2\/types\/product"}],"replies":[{"embeddable":true,"href":"https:\/\/matvana.com\/fr\/wp-json\/wp\/v2\/comments?post=20578"}],"version-history":[{"count":3,"href":"https:\/\/matvana.com\/fr\/wp-json\/wp\/v2\/product\/20578\/revisions"}],"predecessor-version":[{"id":22370,"href":"https:\/\/matvana.com\/fr\/wp-json\/wp\/v2\/product\/20578\/revisions\/22370"}],"wp:featuredmedia":[{"embeddable":true,"href":"https:\/\/matvana.com\/fr\/wp-json\/wp\/v2\/media\/20571"}],"wp:attachment":[{"href":"https:\/\/matvana.com\/fr\/wp-json\/wp\/v2\/media?parent=20578"}],"wp:term":[{"taxonomy":"product_brand","embeddable":true,"href":"https:\/\/matvana.com\/fr\/wp-json\/wp\/v2\/product_brand?post=20578"},{"taxonomy":"product_cat","embeddable":true,"href":"https:\/\/matvana.com\/fr\/wp-json\/wp\/v2\/product_cat?post=20578"},{"taxonomy":"product_tag","embeddable":true,"href":"https:\/\/matvana.com\/fr\/wp-json\/wp\/v2\/product_tag?post=20578"}],"curies":[{"name":"wp","href":"https:\/\/api.w.org\/{rel}","templated":true}]}}