{"id":20488,"date":"2026-04-04T20:00:43","date_gmt":"2026-04-04T18:00:43","guid":{"rendered":"https:\/\/matvana.com\/product\/cucumber-soy-pot-of-fragrance-candles\/"},"modified":"2026-04-07T17:14:59","modified_gmt":"2026-04-07T15:14:59","slug":"gurke-duftkerze-im-glas","status":"publish","type":"product","link":"https:\/\/matvana.com\/fr\/product\/gurke-duftkerze-im-glas\/","title":{"rendered":"Bougie parfum\u00e9e au concombre en pot de verre \u2013 bougie d&#039;aromath\u00e9rapie \u00e0 la cire de soja avec couvercle en li\u00e8ge, parfum frais pour la maison \u2013 7,5 x 5,5 x 5,5 cm"},"content":{"rendered":"<h4 data-start=\"669\" data-end=\"739\">Gurke Duftkerze im Glas f\u00fcr frische und entspannende Atmosph\u00e4re<\/h4>\n<p data-start=\"740\" data-end=\"910\">Die Gurke Duftkerze im Glas sorgt f\u00fcr ein angenehm frisches Raumklima und bringt Leichtigkeit in Ihr Zuhause. Der dezente Duft wirkt belebend und gleichzeitig beruhigend.<\/p>\n<hr data-start=\"912\" data-end=\"915\" \/>\n<h4 data-start=\"917\" data-end=\"969\">Nat\u00fcrliche Materialien f\u00fcr sauberes Abbrennen<\/h4>\n<p data-start=\"970\" data-end=\"1010\">Diese hochwertige Duftkerze besteht aus:<\/p>\n<ul data-start=\"1011\" data-end=\"1093\">\n<li data-section-id=\"rsbxeq\" data-start=\"1011\" data-end=\"1036\">nat\u00fcrlichem Sojawachs<\/li>\n<li data-section-id=\"13a221b\" data-start=\"1037\" data-end=\"1061\">\u00e4therischen Duft\u00f6len<\/li>\n<li data-section-id=\"8p6ty0\" data-start=\"1062\" data-end=\"1093\">Glasbeh\u00e4lter mit Korkdeckel<\/li>\n<\/ul>\n<p data-start=\"1095\" data-end=\"1164\">F\u00fcr eine gleichm\u00e4\u00dfige und saubere Verbrennung ohne starke Ru\u00dfbildung.<\/p>\n<hr data-start=\"1166\" data-end=\"1169\" \/>\n<h4 data-start=\"1171\" data-end=\"1206\">Frischer Duft f\u00fcr jeden Raum<\/h4>\n<p data-start=\"1207\" data-end=\"1254\">Der leichte Gurkenduft eignet sich perfekt f\u00fcr:<\/p>\n<ul data-start=\"1255\" data-end=\"1320\">\n<li data-section-id=\"r2b7aq\" data-start=\"1255\" data-end=\"1269\">Wohnzimmer<\/li>\n<li data-section-id=\"9koczy\" data-start=\"1270\" data-end=\"1284\">Badezimmer<\/li>\n<li data-section-id=\"2hi0tb\" data-start=\"1285\" data-end=\"1301\">Schlafzimmer<\/li>\n<li data-section-id=\"u3n0z9\" data-start=\"1302\" data-end=\"1320\">Wellness &amp; Spa<\/li>\n<\/ul>\n<p data-start=\"1322\" data-end=\"1405\">Die Gurke Duftkerze im Glas schafft eine moderne, saubere und angenehme Atmosph\u00e4re.<\/p>\n<hr data-start=\"1407\" data-end=\"1410\" \/>\n<h4 data-start=\"1412\" data-end=\"1457\">Stilvolles Design mit nat\u00fcrlichem Look<\/h4>\n<p data-start=\"1458\" data-end=\"1603\">Das Glas mit Korkdeckel verleiht der Kerze ein minimalistisches und nat\u00fcrliches Design \u2013 ideal f\u00fcr moderne Wohnstile und als dekoratives Element.<\/p>\n<hr data-start=\"1605\" data-end=\"1608\" \/>\n<h4 data-start=\"1610\" data-end=\"1658\">Perfekt als Geschenk oder f\u00fcr sich selbst<\/h4>\n<p data-start=\"1659\" data-end=\"1678\">Ideal geeignet als:<\/p>\n<ul data-start=\"1679\" data-end=\"1749\">\n<li data-section-id=\"1qmuu1r\" data-start=\"1679\" data-end=\"1695\">Geschenkidee<\/li>\n<li data-section-id=\"1kp0fb\" data-start=\"1696\" data-end=\"1721\">kleine Aufmerksamkeit<\/li>\n<li data-section-id=\"uc28p1\" data-start=\"1722\" data-end=\"1749\">Erg\u00e4nzung f\u00fcr Deko-Sets<\/li>\n<\/ul>\n<hr data-start=\"1751\" data-end=\"1754\" \/>\n<h4 data-start=\"1756\" data-end=\"1777\">D\u00e9tails du produit<\/h4>\n<p data-start=\"1778\" data-end=\"1924\">Material: Sojawachs | Glas | Kork<br data-start=\"1811\" data-end=\"1814\" \/>Duft: Gurke<br data-start=\"1825\" data-end=\"1828\" \/>Ma\u00dfe: ca. 7.5 x 5.5 x 5.5 cm<br data-start=\"1856\" data-end=\"1859\" \/>Gewicht: ca. 0.12 kg<br data-start=\"1879\" data-end=\"1882\" \/>Origine : Chine<br data-start=\"1897\" data-end=\"1900\" \/>Typ: Duftkerze im Glas<\/p>\n<hr data-start=\"2147\" data-end=\"2150\" \/>\n<h4 data-start=\"413\" data-end=\"449\">D\u00e9couvrez plus d&#039;inspiration<\/h4>\n<p data-start=\"450\" data-end=\"582\">Vous recherchez des produits plus originaux\u00a0? D\u00e9couvrez d\u2019autres produits phares de notre gamme ou visitez les projets de nos partenaires\u00a0:<\/p>\n<ul data-start=\"584\" data-end=\"920\">\n<li><a href=\"https:\/\/matvana.com\/fr\/shop\/\">D\u00e9couvrez des id\u00e9es d\u00e9co et cadeaux \u00e9l\u00e9gantes chez Matvana<\/a><\/li>\n<li data-start=\"657\" data-end=\"783\">\n<p data-start=\"659\" data-end=\"783\"><a href=\"https:\/\/honigbee.com\/shop\/\" target=\"_blank\" rel=\"noopener\">D\u00e9couvrez les produits naturels chez Honigbee<br \/>\n<\/a><\/p>\n<\/li>\n<li><a href=\"https:\/\/saphirsmaragd.com\/shop\/\" target=\"_blank\" rel=\"noopener\">D\u00e9couvrez les pierres pr\u00e9cieuses et les bijoux chez Saphir &amp; \u00c9meraude<\/a><\/li>\n<\/ul>","protected":false},"excerpt":{"rendered":"<p data-start=\"381\" data-end=\"518\"><em>Gurke Duftkerze im Glas aus Sojawachs mit frischem Duft. Ideal f\u00fcr Entspannung, Zuhause oder als Geschenkidee \u2013 nat\u00fcrlich &amp; stilvoll.<\/em><\/p>","protected":false},"featured_media":20487,"comment_status":"open","ping_status":"closed","template":"","meta":{"_glsr_average":0,"_glsr_ranking":0,"_glsr_reviews":0},"product_brand":[],"product_cat":[202],"product_tag":[],"class_list":{"0":"post-20488","1":"product","2":"type-product","3":"status-publish","4":"has-post-thumbnail","6":"product_cat-duftkerzen","8":"first","9":"instock","10":"taxable","11":"shipping-taxable","12":"purchasable","13":"product-type-simple"},"jetpack_sharing_enabled":true,"_links":{"self":[{"href":"https:\/\/matvana.com\/fr\/wp-json\/wp\/v2\/product\/20488","targetHints":{"allow":["GET"]}}],"collection":[{"href":"https:\/\/matvana.com\/fr\/wp-json\/wp\/v2\/product"}],"about":[{"href":"https:\/\/matvana.com\/fr\/wp-json\/wp\/v2\/types\/product"}],"replies":[{"embeddable":true,"href":"https:\/\/matvana.com\/fr\/wp-json\/wp\/v2\/comments?post=20488"}],"version-history":[{"count":3,"href":"https:\/\/matvana.com\/fr\/wp-json\/wp\/v2\/product\/20488\/revisions"}],"predecessor-version":[{"id":22334,"href":"https:\/\/matvana.com\/fr\/wp-json\/wp\/v2\/product\/20488\/revisions\/22334"}],"wp:featuredmedia":[{"embeddable":true,"href":"https:\/\/matvana.com\/fr\/wp-json\/wp\/v2\/media\/20487"}],"wp:attachment":[{"href":"https:\/\/matvana.com\/fr\/wp-json\/wp\/v2\/media?parent=20488"}],"wp:term":[{"taxonomy":"product_brand","embeddable":true,"href":"https:\/\/matvana.com\/fr\/wp-json\/wp\/v2\/product_brand?post=20488"},{"taxonomy":"product_cat","embeddable":true,"href":"https:\/\/matvana.com\/fr\/wp-json\/wp\/v2\/product_cat?post=20488"},{"taxonomy":"product_tag","embeddable":true,"href":"https:\/\/matvana.com\/fr\/wp-json\/wp\/v2\/product_tag?post=20488"}],"curies":[{"name":"wp","href":"https:\/\/api.w.org\/{rel}","templated":true}]}}