{"id":20301,"date":"2026-04-04T19:54:10","date_gmt":"2026-04-04T17:54:10","guid":{"rendered":"https:\/\/matvana.com\/product\/agnes-cat-botanical-soy-wax-candle-rydal-oudh\/"},"modified":"2026-04-05T15:56:48","modified_gmt":"2026-04-05T13:56:48","slug":"botanical-duftkerze-rydal-oudh","status":"publish","type":"product","link":"https:\/\/matvana.com\/fr\/product\/botanical-duftkerze-rydal-oudh\/","title":{"rendered":"Botanical Duftkerze Rydal Oudh \u2013 Agnes &#038; Cat Sojawachs Kerze \u2013 Holzdocht \u2013 Geschenkidee \u2013 10&#215;10 cm \u2013 30\u201340h"},"content":{"rendered":"<h4 data-start=\"681\" data-end=\"755\">Botanical Duftkerze Rydal Oudh f\u00fcr eine warme und ruhige Atmosph\u00e4re<\/h4>\n<p data-start=\"756\" data-end=\"959\">Die Botanical Duftkerze Rydal Oudh vereint warme, holzige Duftnoten mit einer ruhigen, eleganten Ausstrahlung. Inspiriert von der Natur rund um Rydal schafft sie eine entspannte Umgebung f\u00fcr Ihr Zuhause.<\/p>\n<hr data-start=\"961\" data-end=\"964\" \/>\n<h4 data-start=\"966\" data-end=\"1002\">Inspiration und Duftcharakter<\/h4>\n<p data-start=\"1003\" data-end=\"1172\">Der Duft ist tief, erdig und leicht orientalisch gepr\u00e4gt. Holzige Akkorde verbinden sich mit einer sanften W\u00e4rme und erzeugen eine beruhigende, fast meditative Stimmung.<\/p>\n<hr data-start=\"1174\" data-end=\"1177\" \/>\n<h4 data-start=\"1179\" data-end=\"1210\">Hochwertige Verarbeitung<\/h4>\n<p data-start=\"1211\" data-end=\"1391\">Gefertigt aus nat\u00fcrlichem Sojawachs und erg\u00e4nzt durch einen Holzdocht, sorgt die Kerze f\u00fcr ein gleichm\u00e4\u00dfiges Abbrennen und ein angenehmes, leicht knisterndes Ger\u00e4usch beim Brennen.<\/p>\n<hr data-start=\"1393\" data-end=\"1396\" \/>\n<h4 data-start=\"1398\" data-end=\"1427\">Stilvolle Geschenkidee<\/h4>\n<p data-start=\"1428\" data-end=\"1567\">Die Botanical Duftkerze Rydal Oudh eignet sich ideal als Geschenk f\u00fcr besondere Anl\u00e4sse oder als stilvolle Erg\u00e4nzung f\u00fcr moderne Wohnr\u00e4ume.<\/p>\n<hr data-start=\"1569\" data-end=\"1572\" \/>\n<h4 data-start=\"1574\" data-end=\"1595\">Produktdetails<\/h4>\n<p data-start=\"1596\" data-end=\"1721\">Material: Sojawachs<br data-start=\"1615\" data-end=\"1618\" \/>Docht: Holzdocht<br data-start=\"1634\" data-end=\"1637\" \/>Duft: Rydal Oudh (holzig, warm)<br data-start=\"1668\" data-end=\"1671\" \/>Brenndauer: ca. 30\u201340 Stunden<br data-start=\"1700\" data-end=\"1703\" \/>Ma\u00dfe: 10 x 10 cm<\/p>\n<p data-start=\"1723\" data-end=\"1740\">Herkunft: China<\/p>\n<hr data-start=\"2312\" data-end=\"2315\" \/>\n<h4 data-start=\"413\" data-end=\"449\">Weitere Inspiration entdecken<\/h4>\n<p data-start=\"450\" data-end=\"582\">Suchen Sie weitere besondere Produkte? Entdecken Sie zus\u00e4tzliche Highlights in unserem Sortiment oder besuchen Sie unsere Partnerprojekte:<\/p>\n<ul data-start=\"584\" data-end=\"920\">\n<li><a href=\"https:\/\/matvana.com\/fr\/shop\/\">Stilvolle Wohn- &amp; Geschenkideen bei Matvana entdecken<\/a><\/li>\n<li data-start=\"657\" data-end=\"783\">\n<p data-start=\"659\" data-end=\"783\"><a href=\"https:\/\/honigbee.com\/shop\/\" target=\"_blank\" rel=\"noopener\">Nat\u00fcrliche Produkte bei Honigbee ansehen<br \/>\n<\/a><\/p>\n<\/li>\n<li><a href=\"https:\/\/saphirsmaragd.com\/shop\/\" target=\"_blank\" rel=\"noopener\">Edelsteine &amp; Schmuckst\u00fccke bei Saphir &amp; Smaragd entdecken<\/a><\/li>\n<\/ul>","protected":false},"excerpt":{"rendered":"<p data-start=\"369\" data-end=\"513\"><em>Botanical Duftkerze Rydal Oudh aus Sojawachs mit warmem, holzigem Duft. Hochwertige Agnes &amp; Cat Kerze im Glas \u2013 10&#215;10 cm, ca. 30\u201340h Brenndauer.<\/em><\/p>","protected":false},"featured_media":20295,"comment_status":"open","ping_status":"closed","template":"","meta":{"_glsr_average":0,"_glsr_ranking":0,"_glsr_reviews":0},"product_brand":[],"product_cat":[202],"product_tag":[],"class_list":{"0":"post-20301","1":"product","2":"type-product","3":"status-publish","4":"has-post-thumbnail","6":"product_cat-duftkerzen","8":"first","9":"instock","10":"shipping-taxable","11":"purchasable","12":"product-type-simple"},"jetpack_sharing_enabled":true,"_links":{"self":[{"href":"https:\/\/matvana.com\/fr\/wp-json\/wp\/v2\/product\/20301","targetHints":{"allow":["GET"]}}],"collection":[{"href":"https:\/\/matvana.com\/fr\/wp-json\/wp\/v2\/product"}],"about":[{"href":"https:\/\/matvana.com\/fr\/wp-json\/wp\/v2\/types\/product"}],"replies":[{"embeddable":true,"href":"https:\/\/matvana.com\/fr\/wp-json\/wp\/v2\/comments?post=20301"}],"version-history":[{"count":3,"href":"https:\/\/matvana.com\/fr\/wp-json\/wp\/v2\/product\/20301\/revisions"}],"predecessor-version":[{"id":22240,"href":"https:\/\/matvana.com\/fr\/wp-json\/wp\/v2\/product\/20301\/revisions\/22240"}],"wp:featuredmedia":[{"embeddable":true,"href":"https:\/\/matvana.com\/fr\/wp-json\/wp\/v2\/media\/20295"}],"wp:attachment":[{"href":"https:\/\/matvana.com\/fr\/wp-json\/wp\/v2\/media?parent=20301"}],"wp:term":[{"taxonomy":"product_brand","embeddable":true,"href":"https:\/\/matvana.com\/fr\/wp-json\/wp\/v2\/product_brand?post=20301"},{"taxonomy":"product_cat","embeddable":true,"href":"https:\/\/matvana.com\/fr\/wp-json\/wp\/v2\/product_cat?post=20301"},{"taxonomy":"product_tag","embeddable":true,"href":"https:\/\/matvana.com\/fr\/wp-json\/wp\/v2\/product_tag?post=20301"}],"curies":[{"name":"wp","href":"https:\/\/api.w.org\/{rel}","templated":true}]}}