{"id":20214,"date":"2026-04-04T19:50:57","date_gmt":"2026-04-04T17:50:57","guid":{"rendered":"https:\/\/matvana.com\/product\/petrified-wood-candle-holder-single-tall\/"},"modified":"2026-04-05T22:20:04","modified_gmt":"2026-04-05T20:20:04","slug":"kerzenhalter-versteinertes-holz","status":"publish","type":"product","link":"https:\/\/matvana.com\/fr\/product\/kerzenhalter-versteinertes-holz\/","title":{"rendered":"Kerzenhalter aus versteinertem Holz \u2013 Natur Deko Unikat, Teelichthalter Single Tall 9.5\u00d78.5 cm"},"content":{"rendered":"<h4 data-start=\"212\" data-end=\"273\"><span role=\"text\"><strong data-start=\"217\" data-end=\"273\">Versteinertes Holz Kerzenhalter \u2013 Nat\u00fcrliches Unikat<\/strong><\/span><\/h4>\n<p data-start=\"275\" data-end=\"497\">Dieser Kerzenhalter aus versteinertem Holz ist ein echtes Naturkunstwerk. \u00dcber Millionen von Jahren entstandenes Holz wurde mineralisiert und bewahrt heute seine einzigartige Struktur \u2013 jedes St\u00fcck ist absolut einzigartig.<\/p>\n<hr data-start=\"499\" data-end=\"502\" \/>\n<h4 data-start=\"504\" data-end=\"527\"><span role=\"text\"><strong data-start=\"509\" data-end=\"527\">D\u00e9tails du produit<\/strong><\/span><\/h4>\n<p data-start=\"529\" data-end=\"730\">Material: Versteinertes Holz<br data-start=\"557\" data-end=\"560\" \/>Gr\u00f6\u00dfe: ca. 9.5 \u00d7 8.5 \u00d7 5.5 cm<br data-start=\"589\" data-end=\"592\" \/>Gewicht: ca. 1.26 kg<br data-start=\"612\" data-end=\"615\" \/>Farbe: Naturt\u00f6ne (Beige, Braun, Grau \u2013 variierend)<br data-start=\"665\" data-end=\"668\" \/>Ausf\u00fchrung: Einzelst\u00fcck (Single Tall)<br data-start=\"705\" data-end=\"708\" \/>Herkunft: Indonesien<\/p>\n<hr data-start=\"732\" data-end=\"735\" \/>\n<h4 data-start=\"737\" data-end=\"760\"><span role=\"text\"><strong data-start=\"742\" data-end=\"760\">Besonderheiten<\/strong><\/span><\/h4>\n<p data-start=\"762\" data-end=\"945\">Jeder Kerzenhalter ist ein Unikat mit individuellen Maserungen, Rissen und Farbverl\u00e4ufen. Die nat\u00fcrliche Struktur sorgt f\u00fcr einen rustikalen, aber gleichzeitig sehr hochwertigen Look.<\/p>\n<p data-start=\"947\" data-end=\"1036\">Ideal als stilvolles Dekoelement f\u00fcr Wohnzimmer, Esstisch oder moderne Interior-Konzepte.<\/p>\n<hr data-start=\"1038\" data-end=\"1041\" \/>\n<h4 data-start=\"1043\" data-end=\"1061\"><span role=\"text\"><strong data-start=\"1048\" data-end=\"1061\">Anwendung<\/strong><\/span><\/h4>\n<p data-start=\"1063\" data-end=\"1196\">Perfekt geeignet f\u00fcr Teelichter und kleine Kerzen. Schafft eine warme, gem\u00fctliche Atmosph\u00e4re und wirkt besonders gut als Centerpiece.<\/p>\n<hr data-start=\"1198\" data-end=\"1201\" \/>\n<h4 data-start=\"1203\" data-end=\"1229\"><span role=\"text\"><strong data-start=\"1208\" data-end=\"1229\">Wichtiger Hinweis<\/strong><\/span><\/h4>\n<p data-start=\"1231\" data-end=\"1366\">Da es sich um ein Naturprodukt handelt, k\u00f6nnen Farbe, Form und Muster leicht variieren. Genau das macht jeden Kerzenhalter einzigartig.<\/p>\n<hr data-start=\"1368\" data-end=\"1371\" \/>\n<h4 data-start=\"1373\" data-end=\"1394\"><span role=\"text\"><strong data-start=\"1378\" data-end=\"1394\">Geschenkidee<\/strong><\/span><\/h4>\n<p data-start=\"1396\" data-end=\"1501\">Ein besonderes Geschenk f\u00fcr Liebhaber von Naturmaterialien, Interior Design und einzigartiger Dekoration.<\/p>\n<hr data-start=\"2312\" data-end=\"2315\" \/>\n<h4 data-start=\"413\" data-end=\"449\">D\u00e9couvrez plus d&#039;inspiration<\/h4>\n<p data-start=\"450\" data-end=\"582\">Vous recherchez des produits plus originaux\u00a0? D\u00e9couvrez d\u2019autres produits phares de notre gamme ou visitez les projets de nos partenaires\u00a0:<\/p>\n<ul data-start=\"584\" data-end=\"920\">\n<li><a href=\"https:\/\/matvana.com\/fr\/shop\/\">D\u00e9couvrez des id\u00e9es d\u00e9co et cadeaux \u00e9l\u00e9gantes chez Matvana<\/a><\/li>\n<li data-start=\"657\" data-end=\"783\">\n<p data-start=\"659\" data-end=\"783\"><a href=\"https:\/\/honigbee.com\/shop\/\" target=\"_blank\" rel=\"noopener\">D\u00e9couvrez les produits naturels chez Honigbee<br \/>\n<\/a><\/p>\n<\/li>\n<li><a href=\"https:\/\/saphirsmaragd.com\/shop\/\" target=\"_blank\" rel=\"noopener\">D\u00e9couvrez les pierres pr\u00e9cieuses et les bijoux chez Saphir &amp; \u00c9meraude<\/a><\/li>\n<\/ul>","protected":false},"excerpt":{"rendered":"<p data-start=\"1813\" data-end=\"1965\"><em>Kerzenhalter aus versteinertem Holz \u2013 einzigartiges Naturprodukt aus Indonesien. Stilvolle Deko f\u00fcr Teelichter, rustikal &amp; elegant. Jetzt entdecken.<\/em><\/p>","protected":false},"featured_media":20209,"comment_status":"open","ping_status":"closed","template":"","meta":{"_glsr_average":0,"_glsr_ranking":0,"_glsr_reviews":0},"product_brand":[],"product_cat":[206],"product_tag":[],"class_list":{"0":"post-20214","1":"product","2":"type-product","3":"status-publish","4":"has-post-thumbnail","6":"product_cat-kerzenhalter","8":"first","9":"instock","10":"taxable","11":"shipping-taxable","12":"purchasable","13":"product-type-simple"},"jetpack_sharing_enabled":true,"_links":{"self":[{"href":"https:\/\/matvana.com\/fr\/wp-json\/wp\/v2\/product\/20214","targetHints":{"allow":["GET"]}}],"collection":[{"href":"https:\/\/matvana.com\/fr\/wp-json\/wp\/v2\/product"}],"about":[{"href":"https:\/\/matvana.com\/fr\/wp-json\/wp\/v2\/types\/product"}],"replies":[{"embeddable":true,"href":"https:\/\/matvana.com\/fr\/wp-json\/wp\/v2\/comments?post=20214"}],"version-history":[{"count":3,"href":"https:\/\/matvana.com\/fr\/wp-json\/wp\/v2\/product\/20214\/revisions"}],"predecessor-version":[{"id":22218,"href":"https:\/\/matvana.com\/fr\/wp-json\/wp\/v2\/product\/20214\/revisions\/22218"}],"wp:featuredmedia":[{"embeddable":true,"href":"https:\/\/matvana.com\/fr\/wp-json\/wp\/v2\/media\/20209"}],"wp:attachment":[{"href":"https:\/\/matvana.com\/fr\/wp-json\/wp\/v2\/media?parent=20214"}],"wp:term":[{"taxonomy":"product_brand","embeddable":true,"href":"https:\/\/matvana.com\/fr\/wp-json\/wp\/v2\/product_brand?post=20214"},{"taxonomy":"product_cat","embeddable":true,"href":"https:\/\/matvana.com\/fr\/wp-json\/wp\/v2\/product_cat?post=20214"},{"taxonomy":"product_tag","embeddable":true,"href":"https:\/\/matvana.com\/fr\/wp-json\/wp\/v2\/product_tag?post=20214"}],"curies":[{"name":"wp","href":"https:\/\/api.w.org\/{rel}","templated":true}]}}