{"id":20200,"date":"2026-04-04T19:50:26","date_gmt":"2026-04-04T17:50:26","guid":{"rendered":"https:\/\/matvana.com\/product\/zodiac-crystal-candle-with-gemstone-bracelet-scorpio\/"},"modified":"2026-04-05T14:36:37","modified_gmt":"2026-04-05T12:36:37","slug":"zodiac-duftkerze-skorpion","status":"publish","type":"product","link":"https:\/\/matvana.com\/fr\/product\/zodiac-duftkerze-skorpion\/","title":{"rendered":"Zodiac Duftkerze Skorpion mit Edelstein Armband \u2013 Sternzeichen Kerze aus Sojawachs, 8.8\u00d78.5 cm, ca. 30h"},"content":{"rendered":"<h4 data-start=\"143\" data-end=\"207\"><span role=\"text\"><strong data-start=\"148\" data-end=\"207\">Zodiac Duftkerze Skorpion \u2013 Intensit\u00e4t &amp; Transformation<\/strong><\/span><\/h4>\n<p data-start=\"209\" data-end=\"444\">Diese Zodiac Duftkerze Skorpion steht f\u00fcr Tiefe, St\u00e4rke und Transformation. Der warme, w\u00fcrzige Duft mit s\u00fc\u00dfen und holzigen Nuancen schafft eine intensive und zugleich beruhigende Atmosph\u00e4re \u2013 ideal f\u00fcr innere Klarheit und neue Energie.<\/p>\n<hr data-start=\"446\" data-end=\"449\" \/>\n<h4 data-start=\"451\" data-end=\"474\"><span role=\"text\"><strong data-start=\"456\" data-end=\"474\">D\u00e9tails du produit<\/strong><\/span><\/h4>\n<p data-start=\"476\" data-end=\"649\">Duft: Warm, w\u00fcrzig und leicht s\u00fc\u00df<br data-start=\"509\" data-end=\"512\" \/>Material: Sojawachs<br data-start=\"531\" data-end=\"534\" \/>Inhalt: Duftkerze mit Edelstein Armband<br data-start=\"573\" data-end=\"576\" \/>Gr\u00f6\u00dfe: 8.8 \u00d7 8.5 cm<br data-start=\"595\" data-end=\"598\" \/>Gewicht: ca. 0.32 kg<br data-start=\"618\" data-end=\"621\" \/>Brenndauer: ca. 30 Stunden<\/p>\n<hr data-start=\"651\" data-end=\"654\" \/>\n<h4 data-start=\"656\" data-end=\"674\"><span role=\"text\"><strong data-start=\"661\" data-end=\"674\">Duftnoten<\/strong><\/span><\/h4>\n<p data-start=\"676\" data-end=\"797\">Kopfnote: W\u00fcrzig, Schwarzer Pfeffer<br data-start=\"711\" data-end=\"714\" \/>Herznote: Orangenbl\u00fcte, Tiramisu, Jasmin<br data-start=\"754\" data-end=\"757\" \/>Basisnote: Holzig, Vanille, Tonkabohne<\/p>\n<hr data-start=\"799\" data-end=\"802\" \/>\n<h4 data-start=\"804\" data-end=\"823\"><span role=\"text\"><strong data-start=\"809\" data-end=\"823\">Edelsteine<\/strong><\/span><\/h4>\n<p data-start=\"825\" data-end=\"1038\">Das Armband enth\u00e4lt Rauchquarz, Lapislazuli und schwarzen Obsidian. Rauchquarz unterst\u00fctzt Erdung und Schutz, Lapislazuli steht f\u00fcr Weisheit und Ausdruck, w\u00e4hrend Obsidian Transformation und innere St\u00e4rke f\u00f6rdert.<\/p>\n<hr data-start=\"1040\" data-end=\"1043\" \/>\n<h4 data-start=\"1045\" data-end=\"1063\"><span role=\"text\"><strong data-start=\"1050\" data-end=\"1063\">Anwendung<\/strong><\/span><\/h4>\n<p data-start=\"1065\" data-end=\"1198\">Ideal f\u00fcr ruhige Abende, Meditation oder intensive Reflexion. Unterst\u00fctzt dabei, Gedanken zu vertiefen und neue Klarheit zu gewinnen.<\/p>\n<hr data-start=\"1200\" data-end=\"1203\" \/>\n<h4 data-start=\"1205\" data-end=\"1226\"><span role=\"text\"><strong data-start=\"1210\" data-end=\"1226\">Geschenkidee<\/strong><\/span><\/h4>\n<p data-start=\"1228\" data-end=\"1334\">Perfekt f\u00fcr Skorpion-Geborene oder f\u00fcr Menschen, die Tiefe, St\u00e4rke und eine besondere Atmosph\u00e4re sch\u00e4tzen.<\/p>\n<hr data-start=\"2312\" data-end=\"2315\" \/>\n<h4 data-start=\"413\" data-end=\"449\">D\u00e9couvrez plus d&#039;inspiration<\/h4>\n<p data-start=\"450\" data-end=\"582\">Vous recherchez des produits plus originaux\u00a0? D\u00e9couvrez d\u2019autres produits phares de notre gamme ou visitez les projets de nos partenaires\u00a0:<\/p>\n<ul data-start=\"584\" data-end=\"920\">\n<li><a href=\"https:\/\/matvana.com\/fr\/shop\/\">D\u00e9couvrez des id\u00e9es d\u00e9co et cadeaux \u00e9l\u00e9gantes chez Matvana<\/a><\/li>\n<li data-start=\"657\" data-end=\"783\">\n<p data-start=\"659\" data-end=\"783\"><a href=\"https:\/\/honigbee.com\/shop\/\" target=\"_blank\" rel=\"noopener\">D\u00e9couvrez les produits naturels chez Honigbee<br \/>\n<\/a><\/p>\n<\/li>\n<li><a href=\"https:\/\/saphirsmaragd.com\/shop\/\" target=\"_blank\" rel=\"noopener\">D\u00e9couvrez les pierres pr\u00e9cieuses et les bijoux chez Saphir &amp; \u00c9meraude<\/a><\/li>\n<\/ul>","protected":false},"excerpt":{"rendered":"<p data-start=\"1643\" data-end=\"1789\"><em>Zodiac Duftkerze Skorpion mit Edelstein Armband aus Sojawachs. W\u00fcrziger Duft, ca. 30h Brenndauer \u2013 ideal f\u00fcr St\u00e4rke, Tiefe und Transformation.<\/em><\/p>","protected":false},"featured_media":20198,"comment_status":"open","ping_status":"closed","template":"","meta":{"_glsr_average":0,"_glsr_ranking":0,"_glsr_reviews":0},"product_brand":[],"product_cat":[204],"product_tag":[],"class_list":{"0":"post-20200","1":"product","2":"type-product","3":"status-publish","4":"has-post-thumbnail","6":"product_cat-geschenkkerzen","8":"first","9":"instock","10":"taxable","11":"shipping-taxable","12":"purchasable","13":"product-type-simple"},"jetpack_sharing_enabled":true,"_links":{"self":[{"href":"https:\/\/matvana.com\/fr\/wp-json\/wp\/v2\/product\/20200","targetHints":{"allow":["GET"]}}],"collection":[{"href":"https:\/\/matvana.com\/fr\/wp-json\/wp\/v2\/product"}],"about":[{"href":"https:\/\/matvana.com\/fr\/wp-json\/wp\/v2\/types\/product"}],"replies":[{"embeddable":true,"href":"https:\/\/matvana.com\/fr\/wp-json\/wp\/v2\/comments?post=20200"}],"version-history":[{"count":3,"href":"https:\/\/matvana.com\/fr\/wp-json\/wp\/v2\/product\/20200\/revisions"}],"predecessor-version":[{"id":22198,"href":"https:\/\/matvana.com\/fr\/wp-json\/wp\/v2\/product\/20200\/revisions\/22198"}],"wp:featuredmedia":[{"embeddable":true,"href":"https:\/\/matvana.com\/fr\/wp-json\/wp\/v2\/media\/20198"}],"wp:attachment":[{"href":"https:\/\/matvana.com\/fr\/wp-json\/wp\/v2\/media?parent=20200"}],"wp:term":[{"taxonomy":"product_brand","embeddable":true,"href":"https:\/\/matvana.com\/fr\/wp-json\/wp\/v2\/product_brand?post=20200"},{"taxonomy":"product_cat","embeddable":true,"href":"https:\/\/matvana.com\/fr\/wp-json\/wp\/v2\/product_cat?post=20200"},{"taxonomy":"product_tag","embeddable":true,"href":"https:\/\/matvana.com\/fr\/wp-json\/wp\/v2\/product_tag?post=20200"}],"curies":[{"name":"wp","href":"https:\/\/api.w.org\/{rel}","templated":true}]}}