{"id":21822,"date":"2026-04-04T21:04:02","date_gmt":"2026-04-04T19:04:02","guid":{"rendered":"https:\/\/matvana.com\/product\/wooden-birthday-number-no-5\/"},"modified":"2026-04-21T16:55:15","modified_gmt":"2026-04-21T14:55:15","slug":"kerzenhalter-zahl-5-holz","status":"publish","type":"product","link":"https:\/\/matvana.com\/et\/product\/kerzenhalter-zahl-5-holz\/","title":{"rendered":"Kerzenhalter Zahl 5 Holz \u2013 Handgefertigter Geburtstags Kerzenhalter aus wei\u00df gewaschenem Holz"},"content":{"rendered":"<h4 data-start=\"674\" data-end=\"738\">Kerzenhalter Zahl 5 Holz f\u00fcr besondere Geburtstagsmomente<\/h4>\n<p data-start=\"739\" data-end=\"860\">Dieser stilvolle Kerzenhalter in Form der Zahl 5 bringt eine warme und pers\u00f6nliche Atmosph\u00e4re auf jeden Geburtstagstisch.<\/p>\n<hr data-start=\"862\" data-end=\"865\" \/>\n<h4 data-start=\"867\" data-end=\"916\">Handgefertigt aus nat\u00fcrlichem Alb\u00e9sia Holz<\/h4>\n<p data-start=\"917\" data-end=\"1093\">Jeder <strong data-start=\"923\" data-end=\"951\">Kerzenhalter Zahl 5 Holz<\/strong> wird in liebevoller Handarbeit gefertigt und mit einer eleganten White-Wash-Optik veredelt \u2013 perfekt f\u00fcr moderne und nat\u00fcrliche Dekorationen.<\/p>\n<hr data-start=\"1095\" data-end=\"1098\" \/>\n<h4 data-start=\"1100\" data-end=\"1152\">Perfekt f\u00fcr Geburtstage und besondere Anl\u00e4sse<\/h4>\n<p data-start=\"1153\" data-end=\"1307\">Ob als Highlight auf der Geburtstagstorte, als Tischdekoration oder als Geschenk \u2013 dieser Kerzenhalter sorgt f\u00fcr eine stilvolle Pr\u00e4sentation Ihrer Kerzen.<\/p>\n<hr data-start=\"1309\" data-end=\"1312\" \/>\n<h4 data-start=\"1314\" data-end=\"1355\">Einzigartiges Design mit Charakter<\/h4>\n<p data-start=\"1356\" data-end=\"1499\">Durch die handwerkliche Herstellung ist jedes St\u00fcck einzigartig und weist leichte Variationen auf, die den individuellen Charme unterstreichen.<\/p>\n<hr data-start=\"1501\" data-end=\"1504\" \/>\n<h4 data-start=\"1506\" data-end=\"1546\">Nachhaltig und dekorativ zugleich<\/h4>\n<p data-start=\"1547\" data-end=\"1688\">Das verwendete Alb\u00e9sia Holz ist schnell wachsend und nachhaltig, wodurch der <strong data-start=\"1624\" data-end=\"1652\">Kerzenhalter Zahl 5 Holz<\/strong> eine umweltbewusste Wahl darstellt.<\/p>\n<hr data-start=\"1690\" data-end=\"1693\" \/>\n<h4 data-start=\"1695\" data-end=\"1716\">Produktdetails<\/h4>\n<p data-start=\"1717\" data-end=\"1861\">Material: Wei\u00df gewaschenes Alb\u00e9sia Holz<br data-start=\"1756\" data-end=\"1759\" \/>H\u00f6he: ca. 10 cm<br data-start=\"1774\" data-end=\"1777\" \/>Farbe: Wei\u00df \/ Natur<br data-start=\"1796\" data-end=\"1799\" \/>Verwendung: Kerzenhalter \/ Geburtstag<br data-start=\"1836\" data-end=\"1839\" \/>Herkunft: Indonesien<\/p>\n<hr data-start=\"2147\" data-end=\"2150\" \/>\n<h4 data-start=\"413\" data-end=\"449\">Weitere Inspiration entdecken<\/h4>\n<p data-start=\"450\" data-end=\"582\">Suchen Sie weitere besondere Produkte? Entdecken Sie zus\u00e4tzliche Highlights in unserem Sortiment oder besuchen Sie unsere Partnerprojekte:<\/p>\n<ul data-start=\"584\" data-end=\"920\">\n<li><a href=\"https:\/\/matvana.com\/et\/shop\/\">Stilvolle Wohn- &amp; Geschenkideen bei Matvana entdecken<\/a><\/li>\n<li data-start=\"657\" data-end=\"783\">\n<p data-start=\"659\" data-end=\"783\"><a href=\"https:\/\/honigbee.com\/shop\/\" target=\"_blank\" rel=\"noopener\">Nat\u00fcrliche Produkte bei Honigbee ansehen<br \/>\n<\/a><\/p>\n<\/li>\n<li><a href=\"https:\/\/saphirsmaragd.com\/shop\/\" target=\"_blank\" rel=\"noopener\">Edelsteine &amp; Schmuckst\u00fccke bei Saphir &amp; Smaragd entdecken<\/a><\/li>\n<\/ul>","protected":false},"excerpt":{"rendered":"<p data-start=\"348\" data-end=\"503\"><em>Kerzenhalter Zahl 5 Holz \u2013 handgefertigter Geburtstags Kerzenhalter aus wei\u00df gewaschenem Alb\u00e9sia Holz. Perfekt f\u00fcr Tischdeko und besondere Anl\u00e4sse.<\/em><\/p>","protected":false},"featured_media":21821,"comment_status":"open","ping_status":"closed","template":"","meta":{"_glsr_average":0,"_glsr_ranking":0,"_glsr_reviews":0},"product_brand":[],"product_cat":[206],"product_tag":[],"class_list":{"0":"post-21822","1":"product","2":"type-product","3":"status-publish","4":"has-post-thumbnail","6":"product_cat-kerzenhalter","8":"first","9":"instock","10":"taxable","11":"shipping-taxable","12":"purchasable","13":"product-type-simple"},"jetpack_sharing_enabled":true,"_links":{"self":[{"href":"https:\/\/matvana.com\/et\/wp-json\/wp\/v2\/product\/21822","targetHints":{"allow":["GET"]}}],"collection":[{"href":"https:\/\/matvana.com\/et\/wp-json\/wp\/v2\/product"}],"about":[{"href":"https:\/\/matvana.com\/et\/wp-json\/wp\/v2\/types\/product"}],"replies":[{"embeddable":true,"href":"https:\/\/matvana.com\/et\/wp-json\/wp\/v2\/comments?post=21822"}],"version-history":[{"count":3,"href":"https:\/\/matvana.com\/et\/wp-json\/wp\/v2\/product\/21822\/revisions"}],"predecessor-version":[{"id":22794,"href":"https:\/\/matvana.com\/et\/wp-json\/wp\/v2\/product\/21822\/revisions\/22794"}],"wp:featuredmedia":[{"embeddable":true,"href":"https:\/\/matvana.com\/et\/wp-json\/wp\/v2\/media\/21821"}],"wp:attachment":[{"href":"https:\/\/matvana.com\/et\/wp-json\/wp\/v2\/media?parent=21822"}],"wp:term":[{"taxonomy":"product_brand","embeddable":true,"href":"https:\/\/matvana.com\/et\/wp-json\/wp\/v2\/product_brand?post=21822"},{"taxonomy":"product_cat","embeddable":true,"href":"https:\/\/matvana.com\/et\/wp-json\/wp\/v2\/product_cat?post=21822"},{"taxonomy":"product_tag","embeddable":true,"href":"https:\/\/matvana.com\/et\/wp-json\/wp\/v2\/product_tag?post=21822"}],"curies":[{"name":"wp","href":"https:\/\/api.w.org\/{rel}","templated":true}]}}