{"id":20819,"date":"2026-04-04T20:14:10","date_gmt":"2026-04-04T18:14:10","guid":{"rendered":"https:\/\/matvana.com\/product\/magic-spell-candle-success\/"},"modified":"2026-04-11T13:31:29","modified_gmt":"2026-04-11T11:31:29","slug":"magic-spell-candle-success","status":"publish","type":"product","link":"https:\/\/matvana.com\/et\/product\/magic-spell-candle-success\/","title":{"rendered":"Magic Spell Candle Success \u2013 Spirituelle Duftkerze f\u00fcr Erfolg &#038; Energie im Glas 20&#215;5 cm"},"content":{"rendered":"<h4 data-start=\"577\" data-end=\"642\">Magic Spell Candle Success f\u00fcr positive Energie und Erfolg<\/h4>\n<p data-start=\"643\" data-end=\"786\">Die Magic Spell Candle Success wurde entwickelt, um positive Energie zu aktivieren und Ihren Fokus auf Erfolg und pers\u00f6nliche Ziele zu st\u00e4rken.<\/p>\n<hr data-start=\"788\" data-end=\"791\" \/>\n<h4 data-start=\"793\" data-end=\"838\">Symbolik des Feuers f\u00fcr Transformation<\/h4>\n<p data-start=\"839\" data-end=\"958\">Diese besondere Kerze steht f\u00fcr das Element Feuer \u2013 ein Symbol f\u00fcr Ver\u00e4nderung, St\u00e4rke und neue M\u00f6glichkeiten im Leben.<\/p>\n<hr data-start=\"960\" data-end=\"963\" \/>\n<h4 data-start=\"965\" data-end=\"1012\">Ideal f\u00fcr Rituale und entspannte Momente<\/h4>\n<p data-start=\"1013\" data-end=\"1036\">Perfekt geeignet f\u00fcr:<\/p>\n<p data-start=\"1038\" data-end=\"1149\">\u2022 Meditation &amp; Rituale<br data-start=\"1060\" data-end=\"1063\" \/>\u2022 Entspannung im Alltag<br data-start=\"1086\" data-end=\"1089\" \/>\u2022 Spirituelle Energiearbeit<br data-start=\"1116\" data-end=\"1119\" \/>\u2022 Geschenkidee mit Bedeutung<\/p>\n<hr data-start=\"1151\" data-end=\"1154\" \/>\n<h4 data-start=\"1156\" data-end=\"1204\">Lange Brenndauer f\u00fcr intensive Atmosph\u00e4re<\/h4>\n<p data-start=\"1205\" data-end=\"1322\">Mit einer Brenndauer von bis zu 50 Stunden sorgt diese Kerze f\u00fcr eine langanhaltende, warme und beruhigende Stimmung.<\/p>\n<hr data-start=\"1324\" data-end=\"1327\" \/>\n<h4 data-start=\"1329\" data-end=\"1350\">Produktdetails<\/h4>\n<p data-start=\"1352\" data-end=\"1492\">Material: Glas | Sojawachs | Duftstoffe | Edelsteine<br data-start=\"1404\" data-end=\"1407\" \/>Ma\u00dfe: 20 x 5 cm<br data-start=\"1422\" data-end=\"1425\" \/>Gewicht: ca. 280 g<br data-start=\"1443\" data-end=\"1446\" \/>Brenndauer: ca. 50 Stunden<br data-start=\"1472\" data-end=\"1475\" \/>Herkunft: China<\/p>\n<hr data-start=\"2147\" data-end=\"2150\" \/>\n<h4 data-start=\"413\" data-end=\"449\">Weitere Inspiration entdecken<\/h4>\n<p data-start=\"450\" data-end=\"582\">Suchen Sie weitere besondere Produkte? Entdecken Sie zus\u00e4tzliche Highlights in unserem Sortiment oder besuchen Sie unsere Partnerprojekte:<\/p>\n<ul data-start=\"584\" data-end=\"920\">\n<li><a href=\"https:\/\/matvana.com\/et\/shop\/\">Stilvolle Wohn- &amp; Geschenkideen bei Matvana entdecken<\/a><\/li>\n<li data-start=\"657\" data-end=\"783\">\n<p data-start=\"659\" data-end=\"783\"><a href=\"https:\/\/honigbee.com\/shop\/\" target=\"_blank\" rel=\"noopener\">Nat\u00fcrliche Produkte bei Honigbee ansehen<br \/>\n<\/a><\/p>\n<\/li>\n<li><a href=\"https:\/\/saphirsmaragd.com\/shop\/\" target=\"_blank\" rel=\"noopener\">Edelsteine &amp; Schmuckst\u00fccke bei Saphir &amp; Smaragd entdecken<\/a><\/li>\n<\/ul>","protected":false},"excerpt":{"rendered":"<p data-start=\"414\" data-end=\"545\"><em>Magic Spell Candle Success \u2013 Spirituelle Duftkerze im Glas f\u00fcr Erfolg, Energie und Transformation mit bis zu 50 Stunden Brenndauer.<\/em><\/p>","protected":false},"featured_media":20813,"comment_status":"open","ping_status":"closed","template":"","meta":{"_glsr_average":0,"_glsr_ranking":0,"_glsr_reviews":0},"product_brand":[],"product_cat":[203,202,204],"product_tag":[],"class_list":{"0":"post-20819","1":"product","2":"type-product","3":"status-publish","4":"has-post-thumbnail","6":"product_cat-ritualkerzen","7":"product_cat-duftkerzen","8":"product_cat-geschenkkerzen","10":"first","11":"instock","12":"shipping-taxable","13":"purchasable","14":"product-type-simple"},"jetpack_sharing_enabled":true,"_links":{"self":[{"href":"https:\/\/matvana.com\/et\/wp-json\/wp\/v2\/product\/20819","targetHints":{"allow":["GET"]}}],"collection":[{"href":"https:\/\/matvana.com\/et\/wp-json\/wp\/v2\/product"}],"about":[{"href":"https:\/\/matvana.com\/et\/wp-json\/wp\/v2\/types\/product"}],"replies":[{"embeddable":true,"href":"https:\/\/matvana.com\/et\/wp-json\/wp\/v2\/comments?post=20819"}],"version-history":[{"count":2,"href":"https:\/\/matvana.com\/et\/wp-json\/wp\/v2\/product\/20819\/revisions"}],"predecessor-version":[{"id":22486,"href":"https:\/\/matvana.com\/et\/wp-json\/wp\/v2\/product\/20819\/revisions\/22486"}],"wp:featuredmedia":[{"embeddable":true,"href":"https:\/\/matvana.com\/et\/wp-json\/wp\/v2\/media\/20813"}],"wp:attachment":[{"href":"https:\/\/matvana.com\/et\/wp-json\/wp\/v2\/media?parent=20819"}],"wp:term":[{"taxonomy":"product_brand","embeddable":true,"href":"https:\/\/matvana.com\/et\/wp-json\/wp\/v2\/product_brand?post=20819"},{"taxonomy":"product_cat","embeddable":true,"href":"https:\/\/matvana.com\/et\/wp-json\/wp\/v2\/product_cat?post=20819"},{"taxonomy":"product_tag","embeddable":true,"href":"https:\/\/matvana.com\/et\/wp-json\/wp\/v2\/product_tag?post=20819"}],"curies":[{"name":"wp","href":"https:\/\/api.w.org\/{rel}","templated":true}]}}