{"id":20919,"date":"2026-04-04T20:18:41","date_gmt":"2026-04-04T18:18:41","guid":{"rendered":"https:\/\/matvana.com\/product\/red-dinner-candle\/"},"modified":"2026-04-13T16:16:17","modified_gmt":"2026-04-13T14:16:17","slug":"stabkerzen-rot","status":"publish","type":"product","link":"https:\/\/matvana.com\/es\/product\/stabkerzen-rot\/","title":{"rendered":"Stabkerzen rot \u2013 Dinner Kerzen Set f\u00fcr Tischdeko und Atmosph\u00e4re 21 x 2 cm"},"content":{"rendered":"<h4 data-start=\"662\" data-end=\"710\">Stilvolle Atmosph\u00e4re mit roten Stabkerzen<\/h4>\n<p data-start=\"711\" data-end=\"886\">Die Stabkerzen rot sorgen f\u00fcr eine elegante und warme Atmosph\u00e4re in jedem Raum. Ihre intensive Farbe macht sie zur perfekten Wahl f\u00fcr festliche Anl\u00e4sse oder gem\u00fctliche Abende.<\/p>\n<hr data-start=\"888\" data-end=\"891\" \/>\n<h4 data-start=\"893\" data-end=\"938\">Perfekt f\u00fcr Tischdekoration und Events<\/h4>\n<p data-start=\"939\" data-end=\"1090\">Ob f\u00fcr Dinner, Hochzeiten oder besondere Anl\u00e4sse \u2013 diese Dinner Kerzen setzen stilvolle Akzente auf jedem Tisch und schaffen ein harmonisches Ambiente.<\/p>\n<hr data-start=\"1092\" data-end=\"1095\" \/>\n<h4 data-start=\"1097\" data-end=\"1146\">Klassisches Design f\u00fcr vielseitige Nutzung<\/h4>\n<p data-start=\"1147\" data-end=\"1285\">Das schlanke und zeitlose Design passt zu verschiedenen Kerzenhaltern und Einrichtungsstilen. Ideal f\u00fcr moderne und klassische Dekoration.<\/p>\n<hr data-start=\"1287\" data-end=\"1290\" \/>\n<h4 data-start=\"1292\" data-end=\"1322\">Gleichm\u00e4\u00dfiges Abbrennen<\/h4>\n<p data-start=\"1323\" data-end=\"1441\">Die hochwertigen Paraffinkerzen brennen ruhig und gleichm\u00e4\u00dfig ab, wodurch sie sich perfekt f\u00fcr l\u00e4ngere Nutzung eignen.<\/p>\n<hr data-start=\"1443\" data-end=\"1446\" \/>\n<h4 data-start=\"1448\" data-end=\"1469\">Produktdetails<\/h4>\n<p data-start=\"1471\" data-end=\"1627\">Farbe: Rot<br data-start=\"1481\" data-end=\"1484\" \/>Typ: Stabkerzen \/ Dinner Kerzen<br data-start=\"1515\" data-end=\"1518\" \/>Material: Paraffinwachs<br data-start=\"1541\" data-end=\"1544\" \/>Ma\u00dfe: ca. 21 x 2 cm<br data-start=\"1563\" data-end=\"1566\" \/>Brenndauer: gleichm\u00e4\u00dfiges Abbrennen<br data-start=\"1601\" data-end=\"1604\" \/>Herkunft: Deutschland<\/p>\n<hr data-start=\"2147\" data-end=\"2150\" \/>\n<h4 data-start=\"413\" data-end=\"449\">Weitere Inspiration entdecken<\/h4>\n<p data-start=\"450\" data-end=\"582\">Suchen Sie weitere besondere Produkte? Entdecken Sie zus\u00e4tzliche Highlights in unserem Sortiment oder besuchen Sie unsere Partnerprojekte:<\/p>\n<ul data-start=\"584\" data-end=\"920\">\n<li><a href=\"https:\/\/matvana.com\/es\/shop\/\">Stilvolle Wohn- &amp; Geschenkideen bei Matvana entdecken<\/a><\/li>\n<li data-start=\"657\" data-end=\"783\">\n<p data-start=\"659\" data-end=\"783\"><a href=\"https:\/\/honigbee.com\/shop\/\" target=\"_blank\" rel=\"noopener\">Nat\u00fcrliche Produkte bei Honigbee ansehen<br \/>\n<\/a><\/p>\n<\/li>\n<li><a href=\"https:\/\/saphirsmaragd.com\/shop\/\" target=\"_blank\" rel=\"noopener\">Edelsteine &amp; Schmuckst\u00fccke bei Saphir &amp; Smaragd entdecken<\/a><\/li>\n<\/ul>","protected":false},"excerpt":{"rendered":"<p data-start=\"465\" data-end=\"599\"><em>Stabkerzen rot f\u00fcr stilvolle Tischdeko. Perfekt f\u00fcr Dinner, Events und gem\u00fctliche Atmosph\u00e4re. Klassische Kerzen in intensivem Rot.<\/em><\/p>","protected":false},"featured_media":20918,"comment_status":"open","ping_status":"closed","template":"","meta":{"_glsr_average":0,"_glsr_ranking":0,"_glsr_reviews":0},"product_brand":[],"product_cat":[205],"product_tag":[],"class_list":{"0":"post-20919","1":"product","2":"type-product","3":"status-publish","4":"has-post-thumbnail","6":"product_cat-teelichter-sets","8":"first","9":"instock","10":"taxable","11":"shipping-taxable","12":"purchasable","13":"product-type-simple"},"jetpack_sharing_enabled":true,"_links":{"self":[{"href":"https:\/\/matvana.com\/es\/wp-json\/wp\/v2\/product\/20919","targetHints":{"allow":["GET"]}}],"collection":[{"href":"https:\/\/matvana.com\/es\/wp-json\/wp\/v2\/product"}],"about":[{"href":"https:\/\/matvana.com\/es\/wp-json\/wp\/v2\/types\/product"}],"replies":[{"embeddable":true,"href":"https:\/\/matvana.com\/es\/wp-json\/wp\/v2\/comments?post=20919"}],"version-history":[{"count":3,"href":"https:\/\/matvana.com\/es\/wp-json\/wp\/v2\/product\/20919\/revisions"}],"predecessor-version":[{"id":22547,"href":"https:\/\/matvana.com\/es\/wp-json\/wp\/v2\/product\/20919\/revisions\/22547"}],"wp:featuredmedia":[{"embeddable":true,"href":"https:\/\/matvana.com\/es\/wp-json\/wp\/v2\/media\/20918"}],"wp:attachment":[{"href":"https:\/\/matvana.com\/es\/wp-json\/wp\/v2\/media?parent=20919"}],"wp:term":[{"taxonomy":"product_brand","embeddable":true,"href":"https:\/\/matvana.com\/es\/wp-json\/wp\/v2\/product_brand?post=20919"},{"taxonomy":"product_cat","embeddable":true,"href":"https:\/\/matvana.com\/es\/wp-json\/wp\/v2\/product_cat?post=20919"},{"taxonomy":"product_tag","embeddable":true,"href":"https:\/\/matvana.com\/es\/wp-json\/wp\/v2\/product_tag?post=20919"}],"curies":[{"name":"wp","href":"https:\/\/api.w.org\/{rel}","templated":true}]}}